{"id":871,"date":"2025-01-19T11:37:52","date_gmt":"2025-01-19T11:37:52","guid":{"rendered":"https:\/\/vygandaslepsys.lt\/balticrollers\/?page_id=871"},"modified":"2025-02-20T12:25:01","modified_gmt":"2025-02-20T12:25:01","slug":"svetaines-taisykles","status":"publish","type":"page","link":"https:\/\/vygandaslepsys.lt\/balticrollers\/svetaines-taisykles\/","title":{"rendered":"Svetain\u0117s taisykl\u0117s"},"content":{"rendered":"\t\t<div data-elementor-type=\"wp-page\" data-elementor-id=\"871\" class=\"elementor elementor-871\" data-elementor-post-type=\"page\">\n\t\t\t\t<div class=\"elementor-element elementor-element-7ca4e11 e-flex e-con-boxed e-con e-parent\" data-id=\"7ca4e11\" data-element_type=\"container\" data-settings=\"{&quot;background_background&quot;:&quot;classic&quot;}\">\n\t\t\t\t\t<div class=\"e-con-inner\">\n\t\t\t\t<div class=\"elementor-element elementor-element-b750d98 elementor-widget elementor-widget-heading\" data-id=\"b750d98\" data-element_type=\"widget\" data-widget_type=\"heading.default\">\n\t\t\t\t<div class=\"elementor-widget-container\">\n\t\t\t\t\t<h2 class=\"elementor-heading-title elementor-size-default\">Svetain\u0117s taisykl\u0117s<\/h2>\t\t\t\t<\/div>\n\t\t\t\t<\/div>\n\t\t\t\t\t<\/div>\n\t\t\t\t<\/div>\n\t\t<div class=\"elementor-element elementor-element-5b99ed1 e-flex e-con-boxed e-con e-parent\" data-id=\"5b99ed1\" data-element_type=\"container\" data-settings=\"{&quot;background_background&quot;:&quot;classic&quot;}\">\n\t\t\t\t\t<div class=\"e-con-inner\">\n\t\t\t\t<div class=\"elementor-element elementor-element-df8df5c politikos elementor-widget elementor-widget-text-editor\" data-id=\"df8df5c\" data-element_type=\"widget\" data-widget_type=\"text-editor.default\">\n\t\t\t\t<div class=\"elementor-widget-container\">\n\t\t\t\t\t\t\t\t\t<h2><strong>1. Bendrosios nuostatos<\/strong><\/h2><p>Visos teis\u0117s saugomos Baltic Rollers, UAB.<\/p><p>Visas turinys (tekstas, nuotraukos, grafiniai elementai ir svetain\u0117s dizainas) yra saugomas pagal autori\u0173 teisi\u0173 ir kitus intelektin\u0117s nuosavyb\u0117s \u012fstatymus. Be \u012fmon\u0117s sutikimo draud\u017eiama kopijuoti, skelbti vie\u0161ai ir platinti interneto svetain\u0117je www.rollers.lt esan\u010di\u0105 tekstin\u0119 ir grafin\u0119 informacij\u0105.<\/p><p>Visi logotipai ir \u017eenklai, naudojami \u0161ioje svetain\u0117je, yra apsaugoti.<\/p><h2><strong>2. Kontaktai<\/strong><\/h2><p>D\u0117l vie\u0161o naudojimo kreiptis kontaktais: info@rollers.lt<\/p><p><strong><!-- \/wp:paragraph --><\/strong><\/p>\t\t\t\t\t\t\t\t<\/div>\n\t\t\t\t<\/div>\n\t\t\t\t\t<\/div>\n\t\t\t\t<\/div>\n\t\t\t\t<\/div>\n\t\t","protected":false},"excerpt":{"rendered":"<p>Svetain\u0117s taisykl\u0117s 1. Bendrosios nuostatos Visos teis\u0117s saugomos Baltic Rollers, UAB. Visas turinys (tekstas, nuotraukos, grafiniai elementai ir svetain\u0117s dizainas) yra saugomas pagal autori\u0173 teisi\u0173 ir kitus intelektin\u0117s nuosavyb\u0117s \u012fstatymus. Be \u012fmon\u0117s sutikimo draud\u017eiama kopijuoti, skelbti vie\u0161ai ir platinti interneto svetain\u0117je www.rollers.lt esan\u010di\u0105 tekstin\u0119 ir grafin\u0119 informacij\u0105. Visi logotipai ir \u017eenklai, naudojami \u0161ioje svetain\u0117je, yra [&hellip;]<\/p>\n","protected":false},"author":1,"featured_media":0,"parent":0,"menu_order":0,"comment_status":"closed","ping_status":"closed","template":"elementor_header_footer","meta":{"footnotes":""},"class_list":["post-871","page","type-page","status-publish","hentry"],"_links":{"self":[{"href":"https:\/\/vygandaslepsys.lt\/balticrollers\/wp-json\/wp\/v2\/pages\/871","targetHints":{"allow":["GET"]}}],"collection":[{"href":"https:\/\/vygandaslepsys.lt\/balticrollers\/wp-json\/wp\/v2\/pages"}],"about":[{"href":"https:\/\/vygandaslepsys.lt\/balticrollers\/wp-json\/wp\/v2\/types\/page"}],"author":[{"embeddable":true,"href":"https:\/\/vygandaslepsys.lt\/balticrollers\/wp-json\/wp\/v2\/users\/1"}],"replies":[{"embeddable":true,"href":"https:\/\/vygandaslepsys.lt\/balticrollers\/wp-json\/wp\/v2\/comments?post=871"}],"version-history":[{"count":22,"href":"https:\/\/vygandaslepsys.lt\/balticrollers\/wp-json\/wp\/v2\/pages\/871\/revisions"}],"predecessor-version":[{"id":1606,"href":"https:\/\/vygandaslepsys.lt\/balticrollers\/wp-json\/wp\/v2\/pages\/871\/revisions\/1606"}],"wp:attachment":[{"href":"https:\/\/vygandaslepsys.lt\/balticrollers\/wp-json\/wp\/v2\/media?parent=871"}],"curies":[{"name":"wp","href":"https:\/\/api.w.org\/{rel}","templated":true}]}}