{"id":9,"date":"2024-06-19T07:48:03","date_gmt":"2024-06-19T07:48:03","guid":{"rendered":"https:\/\/www.nsi.lt\/krepselis\/"},"modified":"2026-02-25T07:34:17","modified_gmt":"2026-02-25T07:34:17","slug":"krepselis","status":"publish","type":"page","link":"https:\/\/vygandaslepsys.lt\/nsi\/krepselis\/","title":{"rendered":"Krep\u0161elis"},"content":{"rendered":"\t\t<div data-elementor-type=\"wp-page\" data-elementor-id=\"9\" class=\"elementor elementor-9\" data-elementor-post-type=\"page\">\n\t\t\t\t<div class=\"elementor-element elementor-element-c80bb95 e-flex e-con-boxed e-con e-parent\" data-id=\"c80bb95\" data-element_type=\"container\" data-e-type=\"container\">\n\t\t\t\t\t<div class=\"e-con-inner\">\n\t\t\t\t\t<\/div>\n\t\t\t\t<\/div>\n\t\t\t\t<\/div>\n\t\t","protected":false},"excerpt":{"rendered":"<p>Pa\u0161alinti prek\u0119 Miniati\u016bra Produktas Kaina Kiekis Suma &times; Klinkerio Trinkel\u0117s Wienerberger Dresden, 200x100x52 mm 32,99&nbsp;&euro; produkto kiekis: Klinkerio Trinkel\u0117s Wienerberger Dresden, 200x100x52 mm 65,98&nbsp;&euro; &times; Klinkerio Trinkel\u0117s Wienerberger Rotblaubunt , 200x100x45 mm 29,80&nbsp;&euro; produkto kiekis: Klinkerio Trinkel\u0117s Wienerberger Rotblaubunt , 200x100x45 mm 29,80&nbsp;&euro; Krep\u0161elio suma Suma 95,78&nbsp;&euro; Shipment 1 \u012eveskite savo adres\u0105, kad pamatytum\u0117te galimus [&hellip;]<\/p>\n","protected":false},"author":2,"featured_media":0,"parent":0,"menu_order":0,"comment_status":"closed","ping_status":"closed","template":"elementor_header_footer","meta":{"footnotes":""},"class_list":["post-9","page","type-page","status-publish","hentry"],"jetpack_sharing_enabled":true,"_links":{"self":[{"href":"https:\/\/vygandaslepsys.lt\/nsi\/wp-json\/wp\/v2\/pages\/9","targetHints":{"allow":["GET"]}}],"collection":[{"href":"https:\/\/vygandaslepsys.lt\/nsi\/wp-json\/wp\/v2\/pages"}],"about":[{"href":"https:\/\/vygandaslepsys.lt\/nsi\/wp-json\/wp\/v2\/types\/page"}],"author":[{"embeddable":true,"href":"https:\/\/vygandaslepsys.lt\/nsi\/wp-json\/wp\/v2\/users\/2"}],"replies":[{"embeddable":true,"href":"https:\/\/vygandaslepsys.lt\/nsi\/wp-json\/wp\/v2\/comments?post=9"}],"version-history":[{"count":21,"href":"https:\/\/vygandaslepsys.lt\/nsi\/wp-json\/wp\/v2\/pages\/9\/revisions"}],"predecessor-version":[{"id":3490,"href":"https:\/\/vygandaslepsys.lt\/nsi\/wp-json\/wp\/v2\/pages\/9\/revisions\/3490"}],"wp:attachment":[{"href":"https:\/\/vygandaslepsys.lt\/nsi\/wp-json\/wp\/v2\/media?parent=9"}],"curies":[{"name":"wp","href":"https:\/\/api.w.org\/{rel}","templated":true}]}}