{"id":1238,"date":"2025-04-18T13:15:16","date_gmt":"2025-04-18T13:15:16","guid":{"rendered":"https:\/\/www.nsi.lt\/?post_type=product&#038;p=1238"},"modified":"2025-04-23T06:38:56","modified_gmt":"2025-04-23T06:38:56","slug":"plyta-wienerberger-cinder-coal-white","status":"publish","type":"product","link":"https:\/\/vygandaslepsys.lt\/nsi\/produktas\/plyta-wienerberger-cinder-coal-white\/","title":{"rendered":"Plyta Wienerberger Cinder Coal White"},"content":{"rendered":"<h2>Produkto Ap\u017evalga<\/h2>\n<p>Rankinio formavimo plytos Cinder Coal White yra tinkamos:<br \/>\n\u2022 fasad\u0173 apdailai<br \/>\n\u2022 vidin\u0117ms pertvaroms ir kitiems interjero elementams<br \/>\n\u2022 \u017eidini\u0173 ir kamin\u0173 apdailai<br \/>\n\u2022 lauko \u017eidini\u0173 ar grili\u0173 statybai<\/p>\n","protected":false},"excerpt":{"rendered":"<ul>\n<li>Rankinio formavimo sendintos plytos.<\/li>\n<li>Kilm\u0117s \u0161alis &#8211; Belgija.<\/li>\n<li>Tinka fasad\u0173 apdailai, \u017eidini\u0173 ir kamin\u0173 apdirbimui, vidin\u0117ms pertvaroms ir kt.<\/li>\n<li>Matmenys 215x100x65 mm.<\/li>\n<li>I\u0161eiga: apie 57 vnt\/m\u00b2.<\/li>\n<li>Vandens absorbcija:\u00a0\u2264 19 %.<\/li>\n<li>Atsparumas \u0161al\u010diui (ilgaam\u017ei\u0161kumas) &#8211; F2.<\/li>\n<li>Pad\u0117klas &#8211; 612 vnt.<\/li>\n<li>Vieneto svoris &#8211; 2,30 kg, pad\u0117klo svoris &#8211; 1407,6 kg.<\/li>\n<li><strong>\u0160iuo metu sand\u0117lyje neturime.<\/strong><\/li>\n<\/ul>\n","protected":false},"featured_media":1239,"comment_status":"open","ping_status":"closed","template":"","meta":[],"product_brand":[],"product_cat":[18,71],"product_tag":[72,33],"class_list":{"0":"post-1238","1":"product","2":"type-product","3":"status-publish","4":"has-post-thumbnail","6":"product_cat-plytos","7":"product_cat-wienerberger-plytos-plytos","8":"product_tag-plytos","9":"product_tag-wienerberger","11":"first","12":"outofstock","13":"taxable","14":"shipping-taxable","15":"product-type-simple"},"jetpack_sharing_enabled":true,"_links":{"self":[{"href":"https:\/\/vygandaslepsys.lt\/nsi\/wp-json\/wp\/v2\/product\/1238","targetHints":{"allow":["GET"]}}],"collection":[{"href":"https:\/\/vygandaslepsys.lt\/nsi\/wp-json\/wp\/v2\/product"}],"about":[{"href":"https:\/\/vygandaslepsys.lt\/nsi\/wp-json\/wp\/v2\/types\/product"}],"replies":[{"embeddable":true,"href":"https:\/\/vygandaslepsys.lt\/nsi\/wp-json\/wp\/v2\/comments?post=1238"}],"wp:featuredmedia":[{"embeddable":true,"href":"https:\/\/vygandaslepsys.lt\/nsi\/wp-json\/wp\/v2\/media\/1239"}],"wp:attachment":[{"href":"https:\/\/vygandaslepsys.lt\/nsi\/wp-json\/wp\/v2\/media?parent=1238"}],"wp:term":[{"taxonomy":"product_brand","embeddable":true,"href":"https:\/\/vygandaslepsys.lt\/nsi\/wp-json\/wp\/v2\/product_brand?post=1238"},{"taxonomy":"product_cat","embeddable":true,"href":"https:\/\/vygandaslepsys.lt\/nsi\/wp-json\/wp\/v2\/product_cat?post=1238"},{"taxonomy":"product_tag","embeddable":true,"href":"https:\/\/vygandaslepsys.lt\/nsi\/wp-json\/wp\/v2\/product_tag?post=1238"}],"curies":[{"name":"wp","href":"https:\/\/api.w.org\/{rel}","templated":true}]}}