{"id":133,"date":"2024-06-21T06:26:35","date_gmt":"2024-06-21T06:26:35","guid":{"rendered":"https:\/\/www.nsi.lt\/?post_type=product&#038;p=133"},"modified":"2025-06-03T09:04:17","modified_gmt":"2025-06-03T09:04:17","slug":"keravette-0785","status":"publish","type":"product","link":"https:\/\/vygandaslepsys.lt\/nsi\/produktas\/keravette-0785\/","title":{"rendered":"Str\u00f6her Keravette 0785 klinkerio plytel\u0117"},"content":{"rendered":"<ul>\n<li>Matinio atspalvio, lygaus pavir\u0161iaus klinkerin\u0117s plytel\u0117s.<\/li>\n<li>Galimi \u0161ios spalvos formatai &#8211; fasadin\u0117 plytel\u0117 240x71x11 mm, kampin\u0117 fasadin\u0117 plytel\u0117 240x115x71x11 mm.<\/li>\n<li>\u012egeriamumas 6 proc.<\/li>\n<li>Gamintojas &#8211; vokie\u010di\u0173 kompanija STR\u00d6HER.<\/li>\n<li>Minimalus u\u017esakymo kiekis &#8211; 1 d\u0117\u017eut\u0117.<\/li>\n<li><strong>\u0160io tipo plyteli\u0173 nesand\u0117liuojame.<\/strong><\/li>\n<\/ul>\n","protected":false},"excerpt":{"rendered":"<p>KERAVETTE 0785 graphite<\/p>\n","protected":false},"featured_media":113,"comment_status":"open","ping_status":"closed","template":"","meta":[],"product_brand":[],"product_cat":[17,105],"product_tag":[24,23,22],"class_list":{"0":"post-133","1":"product","2":"type-product","3":"status-publish","4":"has-post-thumbnail","6":"product_cat-plyteles","7":"product_cat-plyteles-fasadams","8":"product_tag-klinkeris","9":"product_tag-plytele","10":"product_tag-stroher","12":"first","13":"outofstock","14":"taxable","15":"shipping-taxable","16":"product-type-variable"},"jetpack_sharing_enabled":true,"_links":{"self":[{"href":"https:\/\/vygandaslepsys.lt\/nsi\/wp-json\/wp\/v2\/product\/133","targetHints":{"allow":["GET"]}}],"collection":[{"href":"https:\/\/vygandaslepsys.lt\/nsi\/wp-json\/wp\/v2\/product"}],"about":[{"href":"https:\/\/vygandaslepsys.lt\/nsi\/wp-json\/wp\/v2\/types\/product"}],"replies":[{"embeddable":true,"href":"https:\/\/vygandaslepsys.lt\/nsi\/wp-json\/wp\/v2\/comments?post=133"}],"wp:featuredmedia":[{"embeddable":true,"href":"https:\/\/vygandaslepsys.lt\/nsi\/wp-json\/wp\/v2\/media\/113"}],"wp:attachment":[{"href":"https:\/\/vygandaslepsys.lt\/nsi\/wp-json\/wp\/v2\/media?parent=133"}],"wp:term":[{"taxonomy":"product_brand","embeddable":true,"href":"https:\/\/vygandaslepsys.lt\/nsi\/wp-json\/wp\/v2\/product_brand?post=133"},{"taxonomy":"product_cat","embeddable":true,"href":"https:\/\/vygandaslepsys.lt\/nsi\/wp-json\/wp\/v2\/product_cat?post=133"},{"taxonomy":"product_tag","embeddable":true,"href":"https:\/\/vygandaslepsys.lt\/nsi\/wp-json\/wp\/v2\/product_tag?post=133"}],"curies":[{"name":"wp","href":"https:\/\/api.w.org\/{rel}","templated":true}]}}