{"id":1380,"date":"2025-04-23T06:24:40","date_gmt":"2025-04-23T06:24:40","guid":{"rendered":"https:\/\/www.nsi.lt\/?post_type=product&#038;p=1380"},"modified":"2025-04-23T06:31:32","modified_gmt":"2025-04-23T06:31:32","slug":"plyta-wienerberger-wasserstrich-special-rood","status":"publish","type":"product","link":"https:\/\/vygandaslepsys.lt\/nsi\/produktas\/plyta-wienerberger-wasserstrich-special-rood\/","title":{"rendered":"Plyta Wienerberger Wasserstrich Special Rood"},"content":{"rendered":"<h2>Produkto Ap\u017evalga<\/h2>\n<p>Rankinio formavimo plytos Wasserstrich Special Rood yra gaminamos LF matmen\u0173 (495*100*38 mm). LF matmen\u0173 plytos yra tinkamos:<br \/>\n\u2022 fasad\u0173 apdailai<br \/>\n\u2022 vidin\u0117ms pertvaroms ir kitiems interjero elementams<br \/>\n\u2022 \u017eidini\u0173 ir kamin\u0173 apdailai<br \/>\n\u2022 lauko \u017eidini\u0173 ar grili\u0173 statybai<\/p>\n","protected":false},"excerpt":{"rendered":"<ul>\n<li>Rankinio formavimo sendintos plytos.<\/li>\n<li>Kilm\u0117s \u0161alis &#8211; Belgija.<\/li>\n<li>Tinka fasad\u0173 apdailai, \u017eidini\u0173 ir kamin\u0173 apdirbimui, vidin\u0117ms pertvaroms ir kt.<\/li>\n<li>Matmenys 495x100x38 mm.<\/li>\n<li>I\u0161eiga: apie 39 vnt\/m\u00b2.<\/li>\n<li>Vandens absorbcija:\u00a0\u2264 10%.<\/li>\n<li>Atsparumas \u0161al\u010diui (ilgaam\u017ei\u0161kumas) &#8211; F2.<\/li>\n<li>Pad\u0117klas &#8211; 245 vnt.<\/li>\n<li>Vieneto svoris &#8211; 4 kg, pad\u0117klo svoris &#8211; 980 kg.<\/li>\n<li><strong>\u0160iuo metu sand\u0117lyje neturime.<\/strong><\/li>\n<\/ul>\n","protected":false},"featured_media":1381,"comment_status":"open","ping_status":"closed","template":"","meta":[],"product_brand":[],"product_cat":[18,71],"product_tag":[72,33],"class_list":{"0":"post-1380","1":"product","2":"type-product","3":"status-publish","4":"has-post-thumbnail","6":"product_cat-plytos","7":"product_cat-wienerberger-plytos-plytos","8":"product_tag-plytos","9":"product_tag-wienerberger","11":"first","12":"outofstock","13":"taxable","14":"shipping-taxable","15":"product-type-simple"},"jetpack_sharing_enabled":true,"_links":{"self":[{"href":"https:\/\/vygandaslepsys.lt\/nsi\/wp-json\/wp\/v2\/product\/1380","targetHints":{"allow":["GET"]}}],"collection":[{"href":"https:\/\/vygandaslepsys.lt\/nsi\/wp-json\/wp\/v2\/product"}],"about":[{"href":"https:\/\/vygandaslepsys.lt\/nsi\/wp-json\/wp\/v2\/types\/product"}],"replies":[{"embeddable":true,"href":"https:\/\/vygandaslepsys.lt\/nsi\/wp-json\/wp\/v2\/comments?post=1380"}],"wp:featuredmedia":[{"embeddable":true,"href":"https:\/\/vygandaslepsys.lt\/nsi\/wp-json\/wp\/v2\/media\/1381"}],"wp:attachment":[{"href":"https:\/\/vygandaslepsys.lt\/nsi\/wp-json\/wp\/v2\/media?parent=1380"}],"wp:term":[{"taxonomy":"product_brand","embeddable":true,"href":"https:\/\/vygandaslepsys.lt\/nsi\/wp-json\/wp\/v2\/product_brand?post=1380"},{"taxonomy":"product_cat","embeddable":true,"href":"https:\/\/vygandaslepsys.lt\/nsi\/wp-json\/wp\/v2\/product_cat?post=1380"},{"taxonomy":"product_tag","embeddable":true,"href":"https:\/\/vygandaslepsys.lt\/nsi\/wp-json\/wp\/v2\/product_tag?post=1380"}],"curies":[{"name":"wp","href":"https:\/\/api.w.org\/{rel}","templated":true}]}}