{"id":1581,"date":"2025-04-24T08:20:48","date_gmt":"2025-04-24T08:20:48","guid":{"rendered":"https:\/\/www.nsi.lt\/?post_type=product&#038;p=1581"},"modified":"2025-07-30T10:30:51","modified_gmt":"2025-07-30T10:30:51","slug":"klinkerio-trinkeles-wienerberger-dresden-200x100x52-mm","status":"publish","type":"product","link":"https:\/\/vygandaslepsys.lt\/nsi\/produktas\/klinkerio-trinkeles-wienerberger-dresden-200x100x52-mm\/","title":{"rendered":"Klinkerio Trinkel\u0117s Wienerberger Dresden, 200x100x52 mm"},"content":{"rendered":"<ul>\n<li>Klinkerin\u0117s grindinio trinkel\u0117s.<\/li>\n<li>Matmenys 200x100x52 mm.<\/li>\n<li>Pad\u0117klas &#8211; 468 vnt.<\/li>\n<li>I\u0161eiga &#8211; 48 vnt (su 3 &#8211; 5 mm si\u016ble pagal gamintojo rekomendacij\u0105).<\/li>\n<li>Gamintojas &#8211; Wienerberger.<\/li>\n<li><strong>Turime sand\u0117lyje.<\/strong><\/li>\n<\/ul>\n","protected":false},"excerpt":{"rendered":"<h2>Klinkerin\u0117s Trinkel\u0117s Ap\u017evalga<\/h2>\n<p>Wienerberger klinkerio trinkel\u0117s Dresden \u2013 vienos populiariausi\u0173 i\u0161 pastarojo laiko klinkerini\u0173 trinkeli\u0173 spalv\u0173 nauju formatu. Ilgo formato trinkel\u0117s Dresden j\u016bs\u0173 namo kieme atrodys i\u0161skirtinai ir moderniai. Dresden trinkeles sand\u0117liuojame, greitas pristatymas visoje Lietuvoje.<\/p>\n<p>Dresden klinkerio trinkel\u0117s yra puikus pasirinkimas j\u016bs\u0173 i\u0161or\u0117s erdv\u0117ms. \u0160ios klinkerio grindinio trinkel\u0117s yra ne tik esteti\u0161kos, bet ir labai tvirtos. Gamintojas Wienerberger u\u017etikrina auk\u0161t\u0105 produkto kokyb\u0119, kuri patenkins net ir i\u0161rankiausius vartotojus.<\/p>\n<p>Atkreipkite d\u0117mes\u012f, jog\u00a0prek\u0117s spalva bei ra\u0161tai gali \u0161iek tiek skirtis nuo matom\u0173 nuotraukoje.<\/p>\n","protected":false},"featured_media":1582,"comment_status":"open","ping_status":"closed","template":"","meta":[],"product_brand":[],"product_cat":[87,44,43],"product_tag":[96,46,45,33],"class_list":{"0":"post-1581","1":"product","2":"type-product","3":"status-publish","4":"has-post-thumbnail","6":"product_cat-200x100x52-mm","7":"product_cat-klinkerines-trinkeles","8":"product_cat-trinkeles","9":"product_tag-akcijos","10":"product_tag-klinkerines-trinkeles","11":"product_tag-trinkeles","12":"product_tag-wienerberger","14":"first","15":"instock","16":"sale","17":"taxable","18":"shipping-taxable","19":"purchasable","20":"product-type-simple"},"jetpack_sharing_enabled":true,"_links":{"self":[{"href":"https:\/\/vygandaslepsys.lt\/nsi\/wp-json\/wp\/v2\/product\/1581","targetHints":{"allow":["GET"]}}],"collection":[{"href":"https:\/\/vygandaslepsys.lt\/nsi\/wp-json\/wp\/v2\/product"}],"about":[{"href":"https:\/\/vygandaslepsys.lt\/nsi\/wp-json\/wp\/v2\/types\/product"}],"replies":[{"embeddable":true,"href":"https:\/\/vygandaslepsys.lt\/nsi\/wp-json\/wp\/v2\/comments?post=1581"}],"wp:featuredmedia":[{"embeddable":true,"href":"https:\/\/vygandaslepsys.lt\/nsi\/wp-json\/wp\/v2\/media\/1582"}],"wp:attachment":[{"href":"https:\/\/vygandaslepsys.lt\/nsi\/wp-json\/wp\/v2\/media?parent=1581"}],"wp:term":[{"taxonomy":"product_brand","embeddable":true,"href":"https:\/\/vygandaslepsys.lt\/nsi\/wp-json\/wp\/v2\/product_brand?post=1581"},{"taxonomy":"product_cat","embeddable":true,"href":"https:\/\/vygandaslepsys.lt\/nsi\/wp-json\/wp\/v2\/product_cat?post=1581"},{"taxonomy":"product_tag","embeddable":true,"href":"https:\/\/vygandaslepsys.lt\/nsi\/wp-json\/wp\/v2\/product_tag?post=1581"}],"curies":[{"name":"wp","href":"https:\/\/api.w.org\/{rel}","templated":true}]}}