{"id":1600,"date":"2025-04-24T11:21:09","date_gmt":"2025-04-24T11:21:09","guid":{"rendered":"https:\/\/www.nsi.lt\/?post_type=product&#038;p=1600"},"modified":"2025-07-30T07:52:09","modified_gmt":"2025-07-30T07:52:09","slug":"klinkerio-trinkeles-wienerberger-retro-pastorale-uwf60-202x49x66-mm","status":"publish","type":"product","link":"https:\/\/vygandaslepsys.lt\/nsi\/produktas\/klinkerio-trinkeles-wienerberger-retro-pastorale-uwf60-202x49x66-mm\/","title":{"rendered":"Klinkerio Trinkel\u0117s Wienerberger Retro Pastorale UWF60, 202x49x66 mm"},"content":{"rendered":"<ul>\n<li>Klinkerin\u0117s grindinio trinkel\u0117s.<\/li>\n<li>Matmenys 202x49x66 mm.<\/li>\n<li>Pad\u0117klas &#8211;\u00a0 \u00a0 \u00a0 \u00a0vnt.<\/li>\n<li>I\u0161eiga &#8211; &#8230;.. vnt (su 3 &#8211; 5 mm si\u016ble pagal gamintojo rekomendacij\u0105).<\/li>\n<li>Gamintojas &#8211; Wienerberger.<\/li>\n<li>Ma\u017eiausias u\u017esakomas kiekis &#8211; 1 pad\u0117klas.<\/li>\n<li><strong>\u0160iuo metu sand\u0117lyje neturime.<\/strong><\/li>\n<\/ul>\n","protected":false},"excerpt":{"rendered":"<h2>Klinkerin\u0117s Trinkel\u0117s Ap\u017evalga<\/h2>\n<p>Wienerberger\u201c klinkerin\u0117s trinkel\u0117s Retro Pastorale \u2013 tai auk\u0161tos kokyb\u0117s keramin\u0117s grindinio trinkel\u0117s, pasi\u017eymin\u010dios ilgaam\u017ei\u0161kumu, atsparumu aplinkos poveikiui ir eleganti\u0161ka i\u0161vaizda.<\/p>\n<p>\u0160ios trinkel\u0117s yra itin atsparios mechaniniam nusid\u0117v\u0117jimui, druskoms, tepalams ir alyvoms, tod\u0117l puikiai tinka tiek priva\u010di\u0173 kiem\u0173, tiek vie\u0161\u0173j\u0173 erdvi\u0173 dangai.<\/p>\n<p>Atkreipkite d\u0117mes\u012f, jog\u00a0prek\u0117s spalva bei ra\u0161tai gali \u0161iek tiek skirtis nuo matom\u0173 nuotraukoje.<\/p>\n","protected":false},"featured_media":1601,"comment_status":"open","ping_status":"closed","template":"","meta":[],"product_brand":[],"product_cat":[93,44,43],"product_tag":[46,45,33],"class_list":{"0":"post-1600","1":"product","2":"type-product","3":"status-publish","4":"has-post-thumbnail","6":"product_cat-202x49x66-mm","7":"product_cat-klinkerines-trinkeles","8":"product_cat-trinkeles","9":"product_tag-klinkerines-trinkeles","10":"product_tag-trinkeles","11":"product_tag-wienerberger","13":"first","14":"outofstock","15":"taxable","16":"shipping-taxable","17":"product-type-simple"},"jetpack_sharing_enabled":true,"_links":{"self":[{"href":"https:\/\/vygandaslepsys.lt\/nsi\/wp-json\/wp\/v2\/product\/1600","targetHints":{"allow":["GET"]}}],"collection":[{"href":"https:\/\/vygandaslepsys.lt\/nsi\/wp-json\/wp\/v2\/product"}],"about":[{"href":"https:\/\/vygandaslepsys.lt\/nsi\/wp-json\/wp\/v2\/types\/product"}],"replies":[{"embeddable":true,"href":"https:\/\/vygandaslepsys.lt\/nsi\/wp-json\/wp\/v2\/comments?post=1600"}],"wp:featuredmedia":[{"embeddable":true,"href":"https:\/\/vygandaslepsys.lt\/nsi\/wp-json\/wp\/v2\/media\/1601"}],"wp:attachment":[{"href":"https:\/\/vygandaslepsys.lt\/nsi\/wp-json\/wp\/v2\/media?parent=1600"}],"wp:term":[{"taxonomy":"product_brand","embeddable":true,"href":"https:\/\/vygandaslepsys.lt\/nsi\/wp-json\/wp\/v2\/product_brand?post=1600"},{"taxonomy":"product_cat","embeddable":true,"href":"https:\/\/vygandaslepsys.lt\/nsi\/wp-json\/wp\/v2\/product_cat?post=1600"},{"taxonomy":"product_tag","embeddable":true,"href":"https:\/\/vygandaslepsys.lt\/nsi\/wp-json\/wp\/v2\/product_tag?post=1600"}],"curies":[{"name":"wp","href":"https:\/\/api.w.org\/{rel}","templated":true}]}}