{"id":1639,"date":"2025-04-25T07:55:32","date_gmt":"2025-04-25T07:55:32","guid":{"rendered":"https:\/\/www.nsi.lt\/?post_type=product&#038;p=1639"},"modified":"2025-05-08T15:22:22","modified_gmt":"2025-05-08T15:22:22","slug":"keramine-cerpe-wienerberger-sensaton-11-samba-11","status":"publish","type":"product","link":"https:\/\/vygandaslepsys.lt\/nsi\/produktas\/keramine-cerpe-wienerberger-sensaton-11-samba-11\/","title":{"rendered":"Keramin\u0117 \u010derp\u0117 WIENERBERGER Sensaton 11 (Samba 11), (\u012fvairi\u0173 spalv\u0173)"},"content":{"rendered":"<ul>\n<li>Klasikin\u0117s S formos keramin\u0117s \u010derp\u0117s.<\/li>\n<li>Galima rinktis i\u0161 7 spalv\u0173 (engoba cervena, rezna, engoba hneda, engoba cerna, glazura amadeus cervena, glazura amadeus cerna, glazura amadeus hneda).<\/li>\n<li>Greb\u0117st\u0173 \u017eingsnis 36,0 &#8211; 37,5 cm.<\/li>\n<li>Plotis 28,0 cm, auk\u0161tis 47,0 cm.<\/li>\n<li>I\u0161eiga &#8211; 11,5 vnt\/m2.<\/li>\n<li>Minimalus nuolydis &#8211; 12 \u00b0.<\/li>\n<li>Kiekis pad\u0117kle &#8211; 240 vnt.<\/li>\n<\/ul>\n<p><strong>Prek\u0117 yra gamintojo sand\u0117lyje<\/strong><\/p>\n","protected":false},"excerpt":{"rendered":"<h2>Produkto apra\u0161ymas<\/h2>\n<p>Kuriant \u010derp\u0119 Sensaton 11 buvo pasir\u016bpinta giliu i\u0161ilginiu vandens nuvedimo grioveliu, kuris u\u017etikrina didel\u012f stogo dangos sandarum\u0105 gausaus lietaus atveju ir leid\u017eia naudoti \u0161ias \u010derpes labai ma\u017eo nuolyd\u017eio kampo stogams.<\/p>\n<p><strong>Bendri nurodymai:<\/strong><br \/>\n\u010cerpi\u0173 danga naudojama \u0161laitiniams stogams u\u017edengti, kuri\u0173 rekomenduojamas nuolydis yra 12-90\u00ba<\/p>\n<p>&nbsp;<\/p>\n<p><span style=\"color: #ff6600;\"><a style=\"color: #ff6600;\" href=\"http:\/\/www.nsi.lt\/wp-content\/uploads\/2025\/04\/LT_MKT_DOC_TEC_Roof_techinfo_013.pdf\">Sensaton 11 (Samba 11) Technin\u0117 specifikacija<\/a><\/span><\/p>\n<div class=\"woocommerce-product-details__short-description\">\n<div class=\"product-description\">\n<div class=\"descr\">\n<h2>Stogo dangos patikimumas<\/h2>\n<p>Wienerberger Sensaton 11 (Samba 11) keramin\u0117s \u010derp\u0117s yra puikus pasirinkimas, jei ie\u0161kote patikimos stogo dangos. \u0160ios \u010derp\u0117s buvo sukurtos su giliu i\u0161ilginiu vandens nuvedimo grioveliu, u\u017etikrinan\u010diu, kad j\u016bs\u0173 namas bus saugus nuo lietaus. Grioveli\u0173 sistema padeda efektyviai valdyti vandens sraut\u0105 ir i\u0161vengti potvyni\u0173 net ir gausi\u0173 krituli\u0173 metu.<\/p>\n<h2>Universalumas ma\u017eiems nuolyd\u017eiams<\/h2>\n<p>Ypatinga \u0161i\u0173 \u010derpi\u0173 savyb\u0117 yra j\u0173 tinkamumas net ir labai ma\u017eo nuolyd\u017eio kampo stogams. Tokiu b\u016bdu, galite b\u016bti ram\u016bs, kad j\u016bs\u0173 stogas bus saugus ir ilgaam\u017eis, nepriklausomai nuo kampo.<\/p>\n<h2>Estetika ir kokyb\u0117<\/h2>\n<p>Ne tik funkcionalumas, ta\u010diau ir estetin\u0117 \u0161i\u0173 kerami\u0161k\u0173 \u010derpi\u0173 i\u0161vaizda pritraukia d\u0117mes\u012f. Jos suteikia j\u016bs\u0173 namams elegancijos ir modernumo poj\u016bt\u012f, derindamos klasikin\u012f dizain\u0105 su \u0161iuolaikin\u0117mis med\u017eiagomis.<\/p>\n<\/div>\n<\/div>\n<\/div>\n","protected":false},"featured_media":1647,"comment_status":"open","ping_status":"closed","template":"","meta":[],"product_brand":[],"product_cat":[34,94,35],"product_tag":[36,95,33],"class_list":{"0":"post-1639","1":"product","2":"type-product","3":"status-publish","4":"has-post-thumbnail","6":"product_cat-cerpes","7":"product_cat-keramines-cerpes","8":"product_cat-wienerberger","9":"product_tag-cerpes","10":"product_tag-keramines-cerpes","11":"product_tag-wienerberger","13":"first","14":"outofstock","15":"taxable","16":"shipping-taxable","17":"product-type-variable"},"jetpack_sharing_enabled":true,"_links":{"self":[{"href":"https:\/\/vygandaslepsys.lt\/nsi\/wp-json\/wp\/v2\/product\/1639","targetHints":{"allow":["GET"]}}],"collection":[{"href":"https:\/\/vygandaslepsys.lt\/nsi\/wp-json\/wp\/v2\/product"}],"about":[{"href":"https:\/\/vygandaslepsys.lt\/nsi\/wp-json\/wp\/v2\/types\/product"}],"replies":[{"embeddable":true,"href":"https:\/\/vygandaslepsys.lt\/nsi\/wp-json\/wp\/v2\/comments?post=1639"}],"wp:featuredmedia":[{"embeddable":true,"href":"https:\/\/vygandaslepsys.lt\/nsi\/wp-json\/wp\/v2\/media\/1647"}],"wp:attachment":[{"href":"https:\/\/vygandaslepsys.lt\/nsi\/wp-json\/wp\/v2\/media?parent=1639"}],"wp:term":[{"taxonomy":"product_brand","embeddable":true,"href":"https:\/\/vygandaslepsys.lt\/nsi\/wp-json\/wp\/v2\/product_brand?post=1639"},{"taxonomy":"product_cat","embeddable":true,"href":"https:\/\/vygandaslepsys.lt\/nsi\/wp-json\/wp\/v2\/product_cat?post=1639"},{"taxonomy":"product_tag","embeddable":true,"href":"https:\/\/vygandaslepsys.lt\/nsi\/wp-json\/wp\/v2\/product_tag?post=1639"}],"curies":[{"name":"wp","href":"https:\/\/api.w.org\/{rel}","templated":true}]}}