{"id":1649,"date":"2025-04-25T08:17:20","date_gmt":"2025-04-25T08:17:20","guid":{"rendered":"https:\/\/www.nsi.lt\/?post_type=product&#038;p=1649"},"modified":"2025-04-25T12:35:43","modified_gmt":"2025-04-25T12:35:43","slug":"keramine-cerpe-wienerberger-v11","status":"publish","type":"product","link":"https:\/\/vygandaslepsys.lt\/nsi\/produktas\/keramine-cerpe-wienerberger-v11\/","title":{"rendered":"Keramin\u0117 \u010derp\u0117 WIENERBERGER V11"},"content":{"rendered":"<ul>\n<li>Galima rinktis i\u0161 3 spalv\u0173 (schwarz, basalt, titanium)<\/li>\n<li>I\u0161eiga &#8211; 10,9 &#8211; 11,8 vnt\/m2.<\/li>\n<li>Greb\u0117st\u0173 \u017eingsnis 36,5 &#8211; 39,5 cm.<\/li>\n<li>Matmenys, cm 27,2 x 48<\/li>\n<li>Mas\u0117, vnt\/kg &#8211; 4,3<\/li>\n<li>Mas\u0117, kg\/m2 &#8211; 46,9<\/li>\n<li>Kiekis pakelyje, vnt. &#8211; 5<\/li>\n<li>Kiekis pad\u0117kle, vnt. &#8211; 240<\/li>\n<li>Minimalus nuolydis &#8211; 17 \u00b0.<\/li>\n<li>Garantija &#8211; 30 met\u0173<\/li>\n<\/ul>\n<p>Galima 2 % matmen\u0173 paklaida<\/p>\n<p><strong>Prek\u0117 yra gamintojo sand\u0117lyje<\/strong><\/p>\n","protected":false},"excerpt":{"rendered":"<h2>Produkto apra\u0161ymas<\/h2>\n<p>Sukurta bendradarbiaujant su dizaino studija F.A. Porsche<\/p>\n<p>Tondach V11 \u2013 \u0161iuolaiki\u0161kas pasirinkimas moderniam stogui<\/p>\n<p>Tondach V11 \u010derp\u0117 \u2013 tai ne tik stogo danga, tai architekt\u016brinis akcentas, kuriame dera i\u0161skirtinis dizainas ir in\u017einerinis tikslumas. D\u0117l novatori\u0161kos formos su dinami\u0161komis \u012fstri\u017eomis linijomis bei i\u0161rai\u0161kingais kra\u0161tais V11 kuria gyv\u0105 \u0161viesos ir \u0161e\u0161\u0117li\u0173 \u017eaism\u0105 \u2013 stogas visuomet atrodo gyvas ir kintantis.<\/p>\n<p>Skai\u010dius 11 \u017eymi prakti\u0161k\u0105 ypatyb\u0119 \u2013 tik tiek \u010derpi\u0173 reikia 1 m\u00b2 stogo plotui.<\/p>\n<p><a href=\"https:\/\/www.youtube.com\/watch?v=L93kPz0y9Ks&amp;t=22s\">https:\/\/www.youtube.com\/watch?v=L93kPz0y9Ks&amp;t=22s<\/a><\/p>\n","protected":false},"featured_media":1653,"comment_status":"open","ping_status":"closed","template":"","meta":[],"product_brand":[],"product_cat":[34,94,35],"product_tag":[36,95,33],"class_list":{"0":"post-1649","1":"product","2":"type-product","3":"status-publish","4":"has-post-thumbnail","6":"product_cat-cerpes","7":"product_cat-keramines-cerpes","8":"product_cat-wienerberger","9":"product_tag-cerpes","10":"product_tag-keramines-cerpes","11":"product_tag-wienerberger","13":"first","14":"outofstock","15":"taxable","16":"shipping-taxable","17":"product-type-variable"},"jetpack_sharing_enabled":true,"_links":{"self":[{"href":"https:\/\/vygandaslepsys.lt\/nsi\/wp-json\/wp\/v2\/product\/1649","targetHints":{"allow":["GET"]}}],"collection":[{"href":"https:\/\/vygandaslepsys.lt\/nsi\/wp-json\/wp\/v2\/product"}],"about":[{"href":"https:\/\/vygandaslepsys.lt\/nsi\/wp-json\/wp\/v2\/types\/product"}],"replies":[{"embeddable":true,"href":"https:\/\/vygandaslepsys.lt\/nsi\/wp-json\/wp\/v2\/comments?post=1649"}],"wp:featuredmedia":[{"embeddable":true,"href":"https:\/\/vygandaslepsys.lt\/nsi\/wp-json\/wp\/v2\/media\/1653"}],"wp:attachment":[{"href":"https:\/\/vygandaslepsys.lt\/nsi\/wp-json\/wp\/v2\/media?parent=1649"}],"wp:term":[{"taxonomy":"product_brand","embeddable":true,"href":"https:\/\/vygandaslepsys.lt\/nsi\/wp-json\/wp\/v2\/product_brand?post=1649"},{"taxonomy":"product_cat","embeddable":true,"href":"https:\/\/vygandaslepsys.lt\/nsi\/wp-json\/wp\/v2\/product_cat?post=1649"},{"taxonomy":"product_tag","embeddable":true,"href":"https:\/\/vygandaslepsys.lt\/nsi\/wp-json\/wp\/v2\/product_tag?post=1649"}],"curies":[{"name":"wp","href":"https:\/\/api.w.org\/{rel}","templated":true}]}}