{"id":165,"date":"2024-06-21T09:33:54","date_gmt":"2024-06-21T09:33:54","guid":{"rendered":"https:\/\/www.nsi.lt\/?post_type=product&#038;p=165"},"modified":"2025-06-03T09:02:15","modified_gmt":"2025-06-03T09:02:15","slug":"stroher-nuancist-1812-klinkerio-plytele","status":"publish","type":"product","link":"https:\/\/vygandaslepsys.lt\/nsi\/produktas\/stroher-nuancist-1812-klinkerio-plytele\/","title":{"rendered":"Str\u00f6her Nuancist 1812 klinkerio plytel\u0117"},"content":{"rendered":"<ul>\n<li>Sm\u0117lio fakt\u016bros pavir\u0161iaus klinkerin\u0117s plytel\u0117s.<\/li>\n<li>Galimi \u0161ios spalvos formatai &#8211; fasadin\u0117s plytel\u0117s 290x52x14 mm; 490x52x14 mm; , kampin\u0117 fasadin\u0117 plytel\u0117 240x115x52x12 mm.<\/li>\n<li>\u012egeriamumas 6 proc.<\/li>\n<li>Gamintojas &#8211; vokie\u010di\u0173 kompanija STR\u00d6HER.<\/li>\n<li>Minimalus u\u017esakymo kiekis &#8211; 1 d\u0117\u017eut\u0117.<\/li>\n<li><strong>\u0160io tipo plyteli\u0173 nesand\u0117liuojame.<\/strong><\/li>\n<\/ul>\n","protected":false},"excerpt":{"rendered":"<p>NUANCIST 1812 cream-beige<\/p>\n<div class=\"woocommerce-product-details__short-description\">\n<p>STR\u00d6HER suk\u016br\u0117 nauj\u0105 fasadini\u0173 plyteli\u0173 serij\u0105 &#8220;Nuancist&#8221;.\u00a0 \u201eNuancist\u201c klinkerio plytel\u0117s pasi\u017eymi sm\u0117lio fakt\u016bros pavir\u0161iumi, kurios d\u0117l savo unikaliai \u0161lifuoto klinkerio plyteli\u0173 pavir\u0161iaus tinkantys tiek detaliam, tiek dideliam pavir\u0161iui. Skirtingi plyteli\u0173 pavir\u0161iai subtiliai susilieja vienas su kitu pagal charakter\u012f ir intensyvum\u0105, sukurdami gyv\u0105 bei darn\u0173 spalv\u0173 \u017eaism\u0105. Nat\u016bral\u016bs sen\u0117jimo efektai, suteikia \u201eNuancist\u201c ypatingo \u017eavesio.<br \/>\n\u201eNuancist\u201c plytel\u0117s gaminamos 1200 laipsni\u0173 temperat\u016broje, taip sutaupant \u017ealiav\u0173, energijos bei atliek\u0173, tod\u0117l jos tampa ypa\u010d tvaria statybine med\u017eiaga.<\/p>\n<\/div>\n<p><button class=\"woosw-btn woosw-btn-14808\" data-id=\"14808\" data-product_name=\"Str\u00f6her NUANCIST 1872 Greige klinkerio plytel\u0117s\" data-product_image=\"https:\/\/jolivis.lt\/wp-content\/uploads\/2023\/12\/Stroher-NUANCIST-1872-Greige-klinkerio-plyteles-490x52x10-150x150.jpg\" aria-label=\"I\u0161saugoti\">I\u0161saugoti<\/button><\/p>\n<p>&nbsp;<\/p>\n","protected":false},"featured_media":155,"comment_status":"open","ping_status":"closed","template":"","meta":[],"product_brand":[],"product_cat":[17,105],"product_tag":[24,23,22],"class_list":{"0":"post-165","1":"product","2":"type-product","3":"status-publish","4":"has-post-thumbnail","6":"product_cat-plyteles","7":"product_cat-plyteles-fasadams","8":"product_tag-klinkeris","9":"product_tag-plytele","10":"product_tag-stroher","12":"first","13":"outofstock","14":"taxable","15":"shipping-taxable","16":"product-type-variable"},"jetpack_sharing_enabled":true,"_links":{"self":[{"href":"https:\/\/vygandaslepsys.lt\/nsi\/wp-json\/wp\/v2\/product\/165","targetHints":{"allow":["GET"]}}],"collection":[{"href":"https:\/\/vygandaslepsys.lt\/nsi\/wp-json\/wp\/v2\/product"}],"about":[{"href":"https:\/\/vygandaslepsys.lt\/nsi\/wp-json\/wp\/v2\/types\/product"}],"replies":[{"embeddable":true,"href":"https:\/\/vygandaslepsys.lt\/nsi\/wp-json\/wp\/v2\/comments?post=165"}],"wp:featuredmedia":[{"embeddable":true,"href":"https:\/\/vygandaslepsys.lt\/nsi\/wp-json\/wp\/v2\/media\/155"}],"wp:attachment":[{"href":"https:\/\/vygandaslepsys.lt\/nsi\/wp-json\/wp\/v2\/media?parent=165"}],"wp:term":[{"taxonomy":"product_brand","embeddable":true,"href":"https:\/\/vygandaslepsys.lt\/nsi\/wp-json\/wp\/v2\/product_brand?post=165"},{"taxonomy":"product_cat","embeddable":true,"href":"https:\/\/vygandaslepsys.lt\/nsi\/wp-json\/wp\/v2\/product_cat?post=165"},{"taxonomy":"product_tag","embeddable":true,"href":"https:\/\/vygandaslepsys.lt\/nsi\/wp-json\/wp\/v2\/product_tag?post=165"}],"curies":[{"name":"wp","href":"https:\/\/api.w.org\/{rel}","templated":true}]}}