{"id":1688,"date":"2025-04-25T11:10:21","date_gmt":"2025-04-25T11:10:21","guid":{"rendered":"https:\/\/www.nsi.lt\/?post_type=product&#038;p=1688"},"modified":"2025-04-25T11:29:55","modified_gmt":"2025-04-25T11:29:55","slug":"keramine-cerpe-wienerberger-madura","status":"publish","type":"product","link":"https:\/\/vygandaslepsys.lt\/nsi\/produktas\/keramine-cerpe-wienerberger-madura\/","title":{"rendered":"Keramin\u0117 \u010derp\u0117 WIENERBERGER Madura (\u012fvairi\u0173 spalv\u0173)"},"content":{"rendered":"<p>&nbsp;<\/p>\n<ul>\n<li>Galima rinktis i\u0161 5 spalv\u0173 (natural red 652, noble black engobe 745, black glazed 738, slate engobe 703, \u00a0noble vulcano black 755)<\/li>\n<li>I\u0161eiga &#8211; 11,3 &#8211; 12,8 vnt\/m2.<\/li>\n<li>Greb\u0117st\u0173 \u017eingsnis 33,5 &#8211; 37,0 cm.<\/li>\n<li>Matmenys, cm 28,7 x 45,7<\/li>\n<li>Mas\u0117, vnt\/kg &#8211; 3,4<\/li>\n<li>Mas\u0117, kg\/m2 &#8211; 38,4<\/li>\n<li>Kiekis pakelyje, vnt. &#8211; 5<\/li>\n<li>Kiekis pad\u0117kle, vnt. &#8211; 240<\/li>\n<li>Minimalus nuolydis &#8211; 25 \u00b0.<\/li>\n<li>Garantija &#8211; 30 met\u0173<\/li>\n<\/ul>\n<p><strong>Prek\u0117 yra gamintojo sand\u0117lyje<\/strong><\/p>\n","protected":false},"excerpt":{"rendered":"<h2>Produkto apra\u0161ymas<\/h2>\n<p>Keramin\u0117s \u010derp\u0117s su \u0161oniniais ir galiniais u\u017ekaitais Cavus 13 (Vokietija)<\/p>\n<p><strong>Bendri nurodymai:<\/strong><\/p>\n<p>\u010cerpi\u0173 danga naudojama \u0161laitiniams stogams u\u017edengti, kuri\u0173 rekomenduojamas nuolydis 11-90\u00ba<\/p>\n<p>&nbsp;<\/p>\n<p><span style=\"color: #ff6600;\"><a style=\"color: #ff6600;\" href=\"http:\/\/www.nsi.lt\/wp-content\/uploads\/2025\/04\/LT_MKT_DOC_TEC_Roof_techinfo_008.pdf\">Madura Technin\u0117 specifikacija<\/a><\/span><\/p>\n<p>&nbsp;<\/p>\n<p>&nbsp;<\/p>\n<p>&nbsp;<\/p>\n","protected":false},"featured_media":1699,"comment_status":"open","ping_status":"closed","template":"","meta":[],"product_brand":[],"product_cat":[34,94,35],"product_tag":[36,95,33],"class_list":{"0":"post-1688","1":"product","2":"type-product","3":"status-publish","4":"has-post-thumbnail","6":"product_cat-cerpes","7":"product_cat-keramines-cerpes","8":"product_cat-wienerberger","9":"product_tag-cerpes","10":"product_tag-keramines-cerpes","11":"product_tag-wienerberger","13":"first","14":"outofstock","15":"taxable","16":"shipping-taxable","17":"product-type-variable"},"jetpack_sharing_enabled":true,"_links":{"self":[{"href":"https:\/\/vygandaslepsys.lt\/nsi\/wp-json\/wp\/v2\/product\/1688","targetHints":{"allow":["GET"]}}],"collection":[{"href":"https:\/\/vygandaslepsys.lt\/nsi\/wp-json\/wp\/v2\/product"}],"about":[{"href":"https:\/\/vygandaslepsys.lt\/nsi\/wp-json\/wp\/v2\/types\/product"}],"replies":[{"embeddable":true,"href":"https:\/\/vygandaslepsys.lt\/nsi\/wp-json\/wp\/v2\/comments?post=1688"}],"wp:featuredmedia":[{"embeddable":true,"href":"https:\/\/vygandaslepsys.lt\/nsi\/wp-json\/wp\/v2\/media\/1699"}],"wp:attachment":[{"href":"https:\/\/vygandaslepsys.lt\/nsi\/wp-json\/wp\/v2\/media?parent=1688"}],"wp:term":[{"taxonomy":"product_brand","embeddable":true,"href":"https:\/\/vygandaslepsys.lt\/nsi\/wp-json\/wp\/v2\/product_brand?post=1688"},{"taxonomy":"product_cat","embeddable":true,"href":"https:\/\/vygandaslepsys.lt\/nsi\/wp-json\/wp\/v2\/product_cat?post=1688"},{"taxonomy":"product_tag","embeddable":true,"href":"https:\/\/vygandaslepsys.lt\/nsi\/wp-json\/wp\/v2\/product_tag?post=1688"}],"curies":[{"name":"wp","href":"https:\/\/api.w.org\/{rel}","templated":true}]}}