{"id":1704,"date":"2025-04-25T11:30:45","date_gmt":"2025-04-25T11:30:45","guid":{"rendered":"https:\/\/www.nsi.lt\/?post_type=product&#038;p=1704"},"modified":"2025-05-08T15:22:43","modified_gmt":"2025-05-08T15:22:43","slug":"keramine-cerpe-wienerberger-tradi-12","status":"publish","type":"product","link":"https:\/\/vygandaslepsys.lt\/nsi\/produktas\/keramine-cerpe-wienerberger-tradi-12\/","title":{"rendered":"Keramin\u0117 \u010derp\u0117 WIENERBERGER Tradi 12 (\u012fvairi\u0173 spalv\u0173)"},"content":{"rendered":"<p>&nbsp;<\/p>\n<ul>\n<li>Galima rinktis i\u0161 5 spalv\u0173 (naturrot, rot engobiert, kupferbraun, anthrazit, \u00a0edelkupfer)<\/li>\n<li>I\u0161eiga &#8211; 11,9 &#8211; 12,9 vnt\/m2.<\/li>\n<li>Greb\u0117st\u0173 \u017eingsnis 33,3 &#8211; 33,3 cm.<\/li>\n<li>Matmenys, cm 27,3 x 45,5<\/li>\n<li>Mas\u0117, vnt\/kg &#8211; 4,08<\/li>\n<li>Mas\u0117, kg\/m2 &#8211; 48,8<\/li>\n<li>Kiekis pakelyje, vnt. &#8211; 5<\/li>\n<li>Kiekis pad\u0117kle, vnt. &#8211; 240<\/li>\n<li>Minimalus nuolydis &#8211; 18 \u00b0.<\/li>\n<li>Garantija &#8211; 30 met\u0173<\/li>\n<\/ul>\n<p>&#8212;&#8212;&#8212;&#8212;-<\/p>\n<h6>Galima 2% matmen\u0173 paklaida<\/h6>\n<p><strong>Prek\u0117 yra gamintojo sand\u0117lyje<\/strong><\/p>\n","protected":false},"excerpt":{"rendered":"<h2>Produkto apra\u0161ymas<\/h2>\n<p>Keramin\u0117s \u010derp\u0117s su \u0161oniniais ir galiniais u\u017ekaitais Tradi 12 (Vokietija)<\/p>\n<p><strong>Bendri nurodymai:<\/strong><\/p>\n<p>&nbsp;<\/p>\n<p>&nbsp;<\/p>\n<p><span style=\"color: #ff6600;\"><a style=\"color: #ff6600;\" href=\"http:\/\/www.nsi.lt\/wp-content\/uploads\/2025\/04\/LT_MKT_DOC_TEC_Roof_techinfo_015-1.pdf\">Tradi 12 Technin\u0117 specifikacija<\/a><\/span><\/p>\n<p>&nbsp;<\/p>\n<p>&nbsp;<\/p>\n<p>&nbsp;<\/p>\n","protected":false},"featured_media":1709,"comment_status":"open","ping_status":"closed","template":"","meta":[],"product_brand":[],"product_cat":[34,94,35],"product_tag":[36,95,33],"class_list":{"0":"post-1704","1":"product","2":"type-product","3":"status-publish","4":"has-post-thumbnail","6":"product_cat-cerpes","7":"product_cat-keramines-cerpes","8":"product_cat-wienerberger","9":"product_tag-cerpes","10":"product_tag-keramines-cerpes","11":"product_tag-wienerberger","13":"first","14":"outofstock","15":"taxable","16":"shipping-taxable","17":"product-type-variable"},"jetpack_sharing_enabled":true,"_links":{"self":[{"href":"https:\/\/vygandaslepsys.lt\/nsi\/wp-json\/wp\/v2\/product\/1704","targetHints":{"allow":["GET"]}}],"collection":[{"href":"https:\/\/vygandaslepsys.lt\/nsi\/wp-json\/wp\/v2\/product"}],"about":[{"href":"https:\/\/vygandaslepsys.lt\/nsi\/wp-json\/wp\/v2\/types\/product"}],"replies":[{"embeddable":true,"href":"https:\/\/vygandaslepsys.lt\/nsi\/wp-json\/wp\/v2\/comments?post=1704"}],"wp:featuredmedia":[{"embeddable":true,"href":"https:\/\/vygandaslepsys.lt\/nsi\/wp-json\/wp\/v2\/media\/1709"}],"wp:attachment":[{"href":"https:\/\/vygandaslepsys.lt\/nsi\/wp-json\/wp\/v2\/media?parent=1704"}],"wp:term":[{"taxonomy":"product_brand","embeddable":true,"href":"https:\/\/vygandaslepsys.lt\/nsi\/wp-json\/wp\/v2\/product_brand?post=1704"},{"taxonomy":"product_cat","embeddable":true,"href":"https:\/\/vygandaslepsys.lt\/nsi\/wp-json\/wp\/v2\/product_cat?post=1704"},{"taxonomy":"product_tag","embeddable":true,"href":"https:\/\/vygandaslepsys.lt\/nsi\/wp-json\/wp\/v2\/product_tag?post=1704"}],"curies":[{"name":"wp","href":"https:\/\/api.w.org\/{rel}","templated":true}]}}