{"id":1716,"date":"2025-04-25T11:46:29","date_gmt":"2025-04-25T11:46:29","guid":{"rendered":"https:\/\/www.nsi.lt\/?post_type=product&#038;p=1716"},"modified":"2025-05-08T15:23:03","modified_gmt":"2025-05-08T15:23:03","slug":"keramine-cerpe-wienerberger-marsylka","status":"publish","type":"product","link":"https:\/\/vygandaslepsys.lt\/nsi\/produktas\/keramine-cerpe-wienerberger-marsylka\/","title":{"rendered":"Keramin\u0117 \u010derp\u0117 WIENERBERGER Marsylka (\u012fvairi\u0173 spalv\u0173)"},"content":{"rendered":"<p>&nbsp;<\/p>\n<ul>\n<li>Galima rinktis i\u0161 5 spalv\u0173 (naturalna czerwien, czerwona angoba, ceglasta angoba szlachetna, antracytowa angoba, czarna angoba szlachetna)<\/li>\n<li>I\u0161eiga &#8211; 12,5 vnt\/m2.<\/li>\n<li>Greb\u0117st\u0173 \u017eingsnis 33,0 &#8211; 36,0 cm.<\/li>\n<li>Matmenys, cm 27,0 x 42,5<\/li>\n<li>Mas\u0117, vnt\/kg &#8211; 3,6<\/li>\n<li>Mas\u0117, kg\/m2 &#8211; 45<\/li>\n<li>Kiekis pakelyje, vnt. &#8211; 5<\/li>\n<li>Kiekis pad\u0117kle, vnt. &#8211; 240<\/li>\n<li>Minimalus nuolydis &#8211; 24 \u00b0.<\/li>\n<li>Garantija &#8211; 30 met\u0173<\/li>\n<\/ul>\n<p>&#8212;&#8212;&#8212;&#8212;-<\/p>\n<h6>Galima 2% matmen\u0173 paklaida<\/h6>\n<p><strong>Prek\u0117 yra gamintojo sand\u0117lyje<\/strong><\/p>\n","protected":false},"excerpt":{"rendered":"<h2>Produkto apra\u0161ymas<\/h2>\n<p>Keramin\u0117s \u010derp\u0117s su \u0161oniniais ir galiniais u\u017ekaitais Marsylka\u00a0 (Lenkija)<\/p>\n<p><strong>Bendri nurodymai:<\/strong><\/p>\n<p>&nbsp;<\/p>\n<p>&nbsp;<\/p>\n<p>&nbsp;<\/p>\n<p>&nbsp;<\/p>\n<p>&nbsp;<\/p>\n<p>&nbsp;<\/p>\n","protected":false},"featured_media":1717,"comment_status":"open","ping_status":"closed","template":"","meta":[],"product_brand":[],"product_cat":[34,94,35],"product_tag":[36,95,33],"class_list":{"0":"post-1716","1":"product","2":"type-product","3":"status-publish","4":"has-post-thumbnail","6":"product_cat-cerpes","7":"product_cat-keramines-cerpes","8":"product_cat-wienerberger","9":"product_tag-cerpes","10":"product_tag-keramines-cerpes","11":"product_tag-wienerberger","13":"first","14":"outofstock","15":"taxable","16":"shipping-taxable","17":"product-type-variable"},"jetpack_sharing_enabled":true,"_links":{"self":[{"href":"https:\/\/vygandaslepsys.lt\/nsi\/wp-json\/wp\/v2\/product\/1716","targetHints":{"allow":["GET"]}}],"collection":[{"href":"https:\/\/vygandaslepsys.lt\/nsi\/wp-json\/wp\/v2\/product"}],"about":[{"href":"https:\/\/vygandaslepsys.lt\/nsi\/wp-json\/wp\/v2\/types\/product"}],"replies":[{"embeddable":true,"href":"https:\/\/vygandaslepsys.lt\/nsi\/wp-json\/wp\/v2\/comments?post=1716"}],"wp:featuredmedia":[{"embeddable":true,"href":"https:\/\/vygandaslepsys.lt\/nsi\/wp-json\/wp\/v2\/media\/1717"}],"wp:attachment":[{"href":"https:\/\/vygandaslepsys.lt\/nsi\/wp-json\/wp\/v2\/media?parent=1716"}],"wp:term":[{"taxonomy":"product_brand","embeddable":true,"href":"https:\/\/vygandaslepsys.lt\/nsi\/wp-json\/wp\/v2\/product_brand?post=1716"},{"taxonomy":"product_cat","embeddable":true,"href":"https:\/\/vygandaslepsys.lt\/nsi\/wp-json\/wp\/v2\/product_cat?post=1716"},{"taxonomy":"product_tag","embeddable":true,"href":"https:\/\/vygandaslepsys.lt\/nsi\/wp-json\/wp\/v2\/product_tag?post=1716"}],"curies":[{"name":"wp","href":"https:\/\/api.w.org\/{rel}","templated":true}]}}