{"id":1722,"date":"2025-04-25T12:03:54","date_gmt":"2025-04-25T12:03:54","guid":{"rendered":"https:\/\/www.nsi.lt\/?post_type=product&#038;p=1722"},"modified":"2025-05-08T15:25:30","modified_gmt":"2025-05-08T15:25:30","slug":"keramine-cerpe-wienerberger-orea-9","status":"publish","type":"product","link":"https:\/\/vygandaslepsys.lt\/nsi\/produktas\/keramine-cerpe-wienerberger-orea-9\/","title":{"rendered":"Keramin\u0117 \u010derp\u0117 WIENERBERGER Orea 9 (\u012fvairi\u0173 spalv\u0173)"},"content":{"rendered":"<p>&nbsp;<\/p>\n<ul>\n<li>Galima rinktis i\u0161 5 spalv\u0173 (naturalna czerwien, antracytowa matowa angoba, szara angoba, grafitowa angoba szlachetna, czarna angoba szlachetna)<\/li>\n<li>I\u0161eiga &#8211; 9,6 &#8211; 10,2 vnt\/m2.<\/li>\n<li>Greb\u0117st\u0173 \u017eingsnis 37,2 &#8211; 39,5 cm.<\/li>\n<li>Matmenys, cm 30,5 x 47<\/li>\n<li>Mas\u0117, vnt\/kg &#8211; 4,4<\/li>\n<li>Mas\u0117, kg\/m2 &#8211; 42,2<\/li>\n<li>Kiekis pakelyje, vnt. &#8211; 5<\/li>\n<li>Kiekis pad\u0117kle, vnt. &#8211; 240<\/li>\n<li>Minimalus nuolydis &#8211; 20 \u00b0.<\/li>\n<li>Garantija &#8211; 30 met\u0173<\/li>\n<\/ul>\n<p>&#8212;&#8212;&#8212;&#8212;-<\/p>\n<h6>Galima 2% matmen\u0173 paklaida<\/h6>\n<p><strong>Prek\u0117 yra gamintojo sand\u0117lyje<\/strong><\/p>\n","protected":false},"excerpt":{"rendered":"<h2>Produkto apra\u0161ymas<\/h2>\n<p>Orea 9 &#8211; Moderni didelio formato plok\u0161\u010dia keramin\u0117 \u010derp\u0117. Kruop\u0161\u010diai sud\u0117liotos \u010derp\u0117s sukuria tobulai lyg\u0173, vientis\u0105 pavir\u0161i\u0173. Orea 9 \u010derpes galima naudoti ir fasado apdailai.\u00a0 (Lenkija)<\/p>\n<p>&nbsp;<\/p>\n<p>&nbsp;<\/p>\n<p>&nbsp;<\/p>\n<p>&nbsp;<\/p>\n<p>&nbsp;<\/p>\n<p>&nbsp;<\/p>\n<p>&nbsp;<\/p>\n","protected":false},"featured_media":1726,"comment_status":"open","ping_status":"closed","template":"","meta":[],"product_brand":[],"product_cat":[34,94,35],"product_tag":[36,95,33],"class_list":{"0":"post-1722","1":"product","2":"type-product","3":"status-publish","4":"has-post-thumbnail","6":"product_cat-cerpes","7":"product_cat-keramines-cerpes","8":"product_cat-wienerberger","9":"product_tag-cerpes","10":"product_tag-keramines-cerpes","11":"product_tag-wienerberger","13":"first","14":"outofstock","15":"taxable","16":"shipping-taxable","17":"product-type-variable"},"jetpack_sharing_enabled":true,"_links":{"self":[{"href":"https:\/\/vygandaslepsys.lt\/nsi\/wp-json\/wp\/v2\/product\/1722","targetHints":{"allow":["GET"]}}],"collection":[{"href":"https:\/\/vygandaslepsys.lt\/nsi\/wp-json\/wp\/v2\/product"}],"about":[{"href":"https:\/\/vygandaslepsys.lt\/nsi\/wp-json\/wp\/v2\/types\/product"}],"replies":[{"embeddable":true,"href":"https:\/\/vygandaslepsys.lt\/nsi\/wp-json\/wp\/v2\/comments?post=1722"}],"wp:featuredmedia":[{"embeddable":true,"href":"https:\/\/vygandaslepsys.lt\/nsi\/wp-json\/wp\/v2\/media\/1726"}],"wp:attachment":[{"href":"https:\/\/vygandaslepsys.lt\/nsi\/wp-json\/wp\/v2\/media?parent=1722"}],"wp:term":[{"taxonomy":"product_brand","embeddable":true,"href":"https:\/\/vygandaslepsys.lt\/nsi\/wp-json\/wp\/v2\/product_brand?post=1722"},{"taxonomy":"product_cat","embeddable":true,"href":"https:\/\/vygandaslepsys.lt\/nsi\/wp-json\/wp\/v2\/product_cat?post=1722"},{"taxonomy":"product_tag","embeddable":true,"href":"https:\/\/vygandaslepsys.lt\/nsi\/wp-json\/wp\/v2\/product_tag?post=1722"}],"curies":[{"name":"wp","href":"https:\/\/api.w.org\/{rel}","templated":true}]}}