{"id":1729,"date":"2025-04-25T12:37:29","date_gmt":"2025-04-25T12:37:29","guid":{"rendered":"https:\/\/www.nsi.lt\/?post_type=product&#038;p=1729"},"modified":"2025-05-08T15:25:13","modified_gmt":"2025-05-08T15:25:13","slug":"keramine-cerpe-wienerberger-actua-lt","status":"publish","type":"product","link":"https:\/\/vygandaslepsys.lt\/nsi\/produktas\/keramine-cerpe-wienerberger-actua-lt\/","title":{"rendered":"Keramin\u0117 \u010derp\u0117 WIENERBERGER Actua LT (\u012fvairi\u0173 spalv\u0173)"},"content":{"rendered":"<p>&nbsp;<\/p>\n<ul>\n<li>Galima rinktis i\u0161 8 spalv\u0173 (natural red 600, multiblend 875, burgundy 882, grey 708, brown 682, slate engobe 703, titanium grey 709, titanium black 935)<\/li>\n<li>I\u0161eiga &#8211; 10,0 &#8211; 12,3 vnt\/m2.<\/li>\n<li>Greb\u0117st\u0173 \u017eingsnis 31,0 &#8211; 38,0 cm.<\/li>\n<li>Matmenys, cm 30,3 x 47,2<\/li>\n<li>Mas\u0117, vnt\/kg &#8211; 4,2<\/li>\n<li>Mas\u0117, kg\/m2 &#8211; 42,0<\/li>\n<li>Kiekis pakelyje, vnt. &#8211; 5<\/li>\n<li>Kiekis pad\u0117kle, vnt. &#8211; 240<\/li>\n<li>Minimalus nuolydis &#8211; 27 \u00b0.<\/li>\n<li>Garantija &#8211; 30 met\u0173<\/li>\n<\/ul>\n<p>&#8212;&#8212;&#8212;&#8212;-<\/p>\n<p>Galima 2% matmen\u0173 paklaida<\/p>\n<p><strong>Prek\u0117 yra gamintojo sand\u0117lyje<\/strong><\/p>\n","protected":false},"excerpt":{"rendered":"<h2>Produkto apra\u0161ymas<\/h2>\n<p>Actua LT &#8211; tai didelio formato plok\u0161\u010dia keramin\u0117 \u010derp\u0117. \u0160ios \u010derp\u0117s d\u0117ka ant stogo sukuriamas ry\u0161kus, ai\u0161kus linij\u0173 \u017eaismas, kuris i\u0161ry\u0161kina pastato form\u0105 ir suteikia jam i\u0161skirtinio \u0161iuolaiki\u0161kumo. (Pranc\u016bzija)<\/p>\n<p>&nbsp;<\/p>\n<p>&nbsp;<\/p>\n<p>&nbsp;<\/p>\n<p>&nbsp;<\/p>\n<p>&nbsp;<\/p>\n<p>&nbsp;<\/p>\n<p>&nbsp;<\/p>\n","protected":false},"featured_media":2264,"comment_status":"open","ping_status":"closed","template":"","meta":[],"product_brand":[],"product_cat":[34,94,35],"product_tag":[36,95,33],"class_list":{"0":"post-1729","1":"product","2":"type-product","3":"status-publish","4":"has-post-thumbnail","6":"product_cat-cerpes","7":"product_cat-keramines-cerpes","8":"product_cat-wienerberger","9":"product_tag-cerpes","10":"product_tag-keramines-cerpes","11":"product_tag-wienerberger","13":"first","14":"outofstock","15":"taxable","16":"shipping-taxable","17":"product-type-variable"},"jetpack_sharing_enabled":true,"_links":{"self":[{"href":"https:\/\/vygandaslepsys.lt\/nsi\/wp-json\/wp\/v2\/product\/1729","targetHints":{"allow":["GET"]}}],"collection":[{"href":"https:\/\/vygandaslepsys.lt\/nsi\/wp-json\/wp\/v2\/product"}],"about":[{"href":"https:\/\/vygandaslepsys.lt\/nsi\/wp-json\/wp\/v2\/types\/product"}],"replies":[{"embeddable":true,"href":"https:\/\/vygandaslepsys.lt\/nsi\/wp-json\/wp\/v2\/comments?post=1729"}],"wp:featuredmedia":[{"embeddable":true,"href":"https:\/\/vygandaslepsys.lt\/nsi\/wp-json\/wp\/v2\/media\/2264"}],"wp:attachment":[{"href":"https:\/\/vygandaslepsys.lt\/nsi\/wp-json\/wp\/v2\/media?parent=1729"}],"wp:term":[{"taxonomy":"product_brand","embeddable":true,"href":"https:\/\/vygandaslepsys.lt\/nsi\/wp-json\/wp\/v2\/product_brand?post=1729"},{"taxonomy":"product_cat","embeddable":true,"href":"https:\/\/vygandaslepsys.lt\/nsi\/wp-json\/wp\/v2\/product_cat?post=1729"},{"taxonomy":"product_tag","embeddable":true,"href":"https:\/\/vygandaslepsys.lt\/nsi\/wp-json\/wp\/v2\/product_tag?post=1729"}],"curies":[{"name":"wp","href":"https:\/\/api.w.org\/{rel}","templated":true}]}}