{"id":198,"date":"2024-06-21T11:03:12","date_gmt":"2024-06-21T11:03:12","guid":{"rendered":"https:\/\/www.nsi.lt\/?post_type=product&#038;p=198"},"modified":"2025-06-03T09:27:37","modified_gmt":"2025-06-03T09:27:37","slug":"stroher-farbklang-2158-klinkerio-plytele","status":"publish","type":"product","link":"https:\/\/vygandaslepsys.lt\/nsi\/produktas\/stroher-farbklang-2158-klinkerio-plytele\/","title":{"rendered":"Str\u00f6her Farbklang 2158 klinkerio plytel\u0117"},"content":{"rendered":"","protected":false},"excerpt":{"rendered":"<p>FARBKLANG 2158 blue brown<\/p>\n<div class=\"woocommerce-product-details__short-description\">\n<ul>\n<li>Nauja Stroher fasadini\u0173 plyteli\u0173 serija, pasi\u017eyminti itin sodriomis ir intensyviomis spalvomis. \u0160i\u0173 plyteli\u0173 pavir\u0161i\u0173 labai pagyvena nat\u016bral\u016bs sen\u0117jimo efektai.<\/li>\n<li>Fasadin\u0117s plytel\u0117s matmenys &#8211; 240x71x14 mm.<\/li>\n<li>I\u0161eiga apie 48 vnt\/m2 (su 12 mm si\u016ble pagal gamintojo rekomendacij\u0105).<\/li>\n<li>18 vnt\/d\u0117\u017eut\u0117<\/li>\n<li>\u012egeriamumas 6 proc.<\/li>\n<li>Gamintojas &#8211; vokie\u010di\u0173 kompanija STR\u00d6HER.<\/li>\n<li>Minimalus u\u017esakymo kiekis &#8211; 1 d\u0117\u017eut\u0117.<\/li>\n<li><strong>\u0160io tipo plyteli\u0173 nesand\u0117liuojame.<\/strong><\/li>\n<\/ul>\n<\/div>\n<p>&nbsp;<\/p>\n","protected":false},"featured_media":189,"comment_status":"open","ping_status":"closed","template":"","meta":[],"product_brand":[],"product_cat":[17,105],"product_tag":[24,23,22],"class_list":{"0":"post-198","1":"product","2":"type-product","3":"status-publish","4":"has-post-thumbnail","6":"product_cat-plyteles","7":"product_cat-plyteles-fasadams","8":"product_tag-klinkeris","9":"product_tag-plytele","10":"product_tag-stroher","12":"first","13":"outofstock","14":"taxable","15":"shipping-taxable","16":"product-type-variable"},"jetpack_sharing_enabled":true,"_links":{"self":[{"href":"https:\/\/vygandaslepsys.lt\/nsi\/wp-json\/wp\/v2\/product\/198","targetHints":{"allow":["GET"]}}],"collection":[{"href":"https:\/\/vygandaslepsys.lt\/nsi\/wp-json\/wp\/v2\/product"}],"about":[{"href":"https:\/\/vygandaslepsys.lt\/nsi\/wp-json\/wp\/v2\/types\/product"}],"replies":[{"embeddable":true,"href":"https:\/\/vygandaslepsys.lt\/nsi\/wp-json\/wp\/v2\/comments?post=198"}],"wp:featuredmedia":[{"embeddable":true,"href":"https:\/\/vygandaslepsys.lt\/nsi\/wp-json\/wp\/v2\/media\/189"}],"wp:attachment":[{"href":"https:\/\/vygandaslepsys.lt\/nsi\/wp-json\/wp\/v2\/media?parent=198"}],"wp:term":[{"taxonomy":"product_brand","embeddable":true,"href":"https:\/\/vygandaslepsys.lt\/nsi\/wp-json\/wp\/v2\/product_brand?post=198"},{"taxonomy":"product_cat","embeddable":true,"href":"https:\/\/vygandaslepsys.lt\/nsi\/wp-json\/wp\/v2\/product_cat?post=198"},{"taxonomy":"product_tag","embeddable":true,"href":"https:\/\/vygandaslepsys.lt\/nsi\/wp-json\/wp\/v2\/product_tag?post=198"}],"curies":[{"name":"wp","href":"https:\/\/api.w.org\/{rel}","templated":true}]}}