{"id":230,"date":"2024-06-21T11:52:59","date_gmt":"2024-06-21T11:52:59","guid":{"rendered":"https:\/\/www.nsi.lt\/?post_type=product&#038;p=230"},"modified":"2025-06-03T09:24:30","modified_gmt":"2025-06-03T09:24:30","slug":"stroher-wasserbrand-4413-klinkerio-plytele","status":"publish","type":"product","link":"https:\/\/vygandaslepsys.lt\/nsi\/produktas\/stroher-wasserbrand-4413-klinkerio-plytele\/","title":{"rendered":"Str\u00f6her Wasserbrand 4413 klinkerio plytel\u0117"},"content":{"rendered":"<p>&#8220;Wasserbrand&#8221;<\/p>\n","protected":false},"excerpt":{"rendered":"<p>WASSERBRAND 4413 kornbeige<\/p>\n<div class=\"woocommerce-product-details__short-description\">\n<ul>\n<li>\u0160velniai grubaus pavir\u0161iaus, \u0161viesi\u0173 atspalvi\u0173\u00a0klinkerin\u0117s plytel\u0117s.<\/li>\n<li>Galimi \u0161ios spalvos formatai &#8211; fasadin\u0117 plytel\u0117 240x52x12 mm, kampin\u0117 fasadin\u0117 plytel\u0117 240x115x52x12 mm, fasadin\u0117 plytel\u0117 240x71x12 mm, kampin\u0117 fasadin\u0117 plytel\u0117 240x115x71x12 mm.<\/li>\n<li>\u012egeriamumas 3 proc.<\/li>\n<li>Gamintojas &#8211; vokie\u010di\u0173 kompanija STR\u00d6HER.<\/li>\n<li>Minimalus u\u017esakymo kiekis &#8211; 1 d\u0117\u017eut\u0117.<\/li>\n<li><strong>\u0160io tipo plyteli\u0173 nesand\u0117liuojame.<\/strong><\/li>\n<\/ul>\n<\/div>\n<p>&nbsp;<\/p>\n","protected":false},"featured_media":224,"comment_status":"open","ping_status":"closed","template":"","meta":[],"product_brand":[],"product_cat":[17,105],"product_tag":[24,23,22],"class_list":{"0":"post-230","1":"product","2":"type-product","3":"status-publish","4":"has-post-thumbnail","6":"product_cat-plyteles","7":"product_cat-plyteles-fasadams","8":"product_tag-klinkeris","9":"product_tag-plytele","10":"product_tag-stroher","12":"first","13":"outofstock","14":"taxable","15":"shipping-taxable","16":"product-type-variable"},"jetpack_sharing_enabled":true,"_links":{"self":[{"href":"https:\/\/vygandaslepsys.lt\/nsi\/wp-json\/wp\/v2\/product\/230","targetHints":{"allow":["GET"]}}],"collection":[{"href":"https:\/\/vygandaslepsys.lt\/nsi\/wp-json\/wp\/v2\/product"}],"about":[{"href":"https:\/\/vygandaslepsys.lt\/nsi\/wp-json\/wp\/v2\/types\/product"}],"replies":[{"embeddable":true,"href":"https:\/\/vygandaslepsys.lt\/nsi\/wp-json\/wp\/v2\/comments?post=230"}],"wp:featuredmedia":[{"embeddable":true,"href":"https:\/\/vygandaslepsys.lt\/nsi\/wp-json\/wp\/v2\/media\/224"}],"wp:attachment":[{"href":"https:\/\/vygandaslepsys.lt\/nsi\/wp-json\/wp\/v2\/media?parent=230"}],"wp:term":[{"taxonomy":"product_brand","embeddable":true,"href":"https:\/\/vygandaslepsys.lt\/nsi\/wp-json\/wp\/v2\/product_brand?post=230"},{"taxonomy":"product_cat","embeddable":true,"href":"https:\/\/vygandaslepsys.lt\/nsi\/wp-json\/wp\/v2\/product_cat?post=230"},{"taxonomy":"product_tag","embeddable":true,"href":"https:\/\/vygandaslepsys.lt\/nsi\/wp-json\/wp\/v2\/product_tag?post=230"}],"curies":[{"name":"wp","href":"https:\/\/api.w.org\/{rel}","templated":true}]}}