{"id":2338,"date":"2025-05-08T11:32:49","date_gmt":"2025-05-08T11:32:49","guid":{"rendered":"https:\/\/www.nsi.lt\/?post_type=product&#038;p=2338"},"modified":"2025-06-03T10:16:54","modified_gmt":"2025-06-03T10:16:54","slug":"stroher-terra-0116-wheat-spalvos-plyteles-terasoms-ir-laiptams","status":"publish","type":"product","link":"https:\/\/vygandaslepsys.lt\/nsi\/produktas\/stroher-terra-0116-wheat-spalvos-plyteles-terasoms-ir-laiptams\/","title":{"rendered":"Str\u00f6her Terra 0116 wheat spalvos plytel\u0117s terasoms ir laiptams"},"content":{"rendered":"<p>TERRA<\/p>\n<p><strong>Ry\u0161kios spalvos. I\u0161skirtinis charakteris. Tvirtas ir ilgaam\u017eis sprendimas.<\/strong><\/p>\n<p>Atraskite TERRA \u2013 autenti\u0161k\u0105 tunelin\u0117je krosnyje degint\u0105 keramin\u0119 plytel\u0119, kuri \u017eavi \u0161iltais \u017eem\u0117s tonais ir nat\u016braliu, neglaz\u016bruotu pavir\u0161iumi. Tai keramika savo pirmin\u0117je, tikrovi\u0161koje formoje \u2013 nat\u016brali, autenti\u0161ka, nepagra\u017einta.<\/p>\n<p>Spalvos ir atspalviai i\u0161gaunami nat\u016braliai degimo metu, tod\u0117l kiekviena plytel\u0117 yra unikali. Jokios glaz\u016bros \u2013 tik gili, sodri spalva, persmelkianti vis\u0105 med\u017eiagos strukt\u016br\u0105. Rezultatas \u2013 i\u0161skirtin\u0117 estetin\u0117 i\u0161rai\u0161ka, atspari d\u0117v\u0117jimuisi ir lengvai pri\u017ei\u016brima.<\/p>\n<p>TERRA \u2013 tai harmoningas nat\u016bralumo ir modernumo derinys, sukurtas tiems, kurie vertina tikrum\u0105, ilgaam\u017ei\u0161kum\u0105 ir subtil\u0173 gro\u017e\u012f.<\/p>\n<p>&nbsp;<\/p>\n<p><strong>PRODUCT DETAILS:<\/strong><\/p>\n<p><a href=\"https:\/\/www.stroeher.com\/outdoor\/serien\/terra\/produktdetail\/artnr\/95103-002.0116.GrobkeramikFliesen.TERRA\/\">https:\/\/www.stroeher.com\/outdoor\/serien\/terra\/produktdetail\/artnr\/95103-002.0116.GrobkeramikFliesen.TERRA\/<\/a><\/p>\n<p>&nbsp;<\/p>\n<table>\n<tbody>\n<tr>\n<td>Colour number:<\/td>\n<td>0116<\/td>\n<\/tr>\n<tr>\n<td>colour:<\/td>\n<td>wheat<\/td>\n<\/tr>\n<tr>\n<td>series:<\/td>\n<td>TERRA<\/td>\n<\/tr>\n<tr>\n<td>Format no.:<\/td>\n<td>95103-002, 95103-006<\/td>\n<\/tr>\n<tr>\n<td>format:<\/td>\n<td>12,5 x 25, 25 x 25<\/td>\n<\/tr>\n<tr>\n<td>dimension (mm):<\/td>\n<td>240 x 115 x 10<br \/>\n240 x 240 x 12<\/td>\n<\/tr>\n<tr>\n<td>slip resistance:<\/td>\n<td>R 11\/B<\/td>\n<\/tr>\n<tr>\n<td>Abrasion:<\/td>\n<td>&#8211;<\/td>\n<\/tr>\n<\/tbody>\n<\/table>\n<div class=\"tab-content\" data-width=\"600\"><\/div>\n","protected":false},"excerpt":{"rendered":"<p>Terra 0116, Wheat spalvos plytel\u0117s terasoms ir laiptams.<\/p>\n<ul>\n<li>Tai juostiniu b\u016bdu gaminamos, didel\u0119 nat\u016brali\u0173 spalv\u0173 gam\u0105 turin\u010dios, klinkerin\u0117s plytel\u0117s.<\/li>\n<li>Auk\u0161tos kokyb\u0117s tekst\u016brinis pavir\u0161ius.<\/li>\n<li>Atsparumas \u0161al\u010diui ir praslydumui.<\/li>\n<li>Tinka vidaus ir lauko apdailai.<\/li>\n<li>Galimi formatai &#8211;<\/li>\n<li>U\u017esakoma tik pilnomis d\u0117\u017eut\u0117mis.<\/li>\n<li>Gamintojas &#8211; vokie\u010di\u0173 kompanija STR\u00d6HER.<\/li>\n<li><strong>Nesand\u0117liuojama pozicija.<\/strong><\/li>\n<\/ul>\n<p><img fetchpriority=\"high\" decoding=\"async\" class=\"alignnone wp-image-2340 size-medium\" src=\"http:\/\/www.nsi.lt\/wp-content\/uploads\/2025\/05\/csm_05_terra_9000_215_patrizierrot_a14083e5e7-riser-corner-157x60x60x11-mm-300x180.jpg\" alt=\"\" width=\"300\" height=\"180\" srcset=\"https:\/\/vygandaslepsys.lt\/nsi\/wp-content\/uploads\/2025\/05\/csm_05_terra_9000_215_patrizierrot_a14083e5e7-riser-corner-157x60x60x11-mm-300x180.jpg 300w, https:\/\/vygandaslepsys.lt\/nsi\/wp-content\/uploads\/2025\/05\/csm_05_terra_9000_215_patrizierrot_a14083e5e7-riser-corner-157x60x60x11-mm-24x14.jpg 24w, https:\/\/vygandaslepsys.lt\/nsi\/wp-content\/uploads\/2025\/05\/csm_05_terra_9000_215_patrizierrot_a14083e5e7-riser-corner-157x60x60x11-mm-36x22.jpg 36w, https:\/\/vygandaslepsys.lt\/nsi\/wp-content\/uploads\/2025\/05\/csm_05_terra_9000_215_patrizierrot_a14083e5e7-riser-corner-157x60x60x11-mm-48x29.jpg 48w, https:\/\/vygandaslepsys.lt\/nsi\/wp-content\/uploads\/2025\/05\/csm_05_terra_9000_215_patrizierrot_a14083e5e7-riser-corner-157x60x60x11-mm.jpg 320w\" sizes=\"(max-width: 300px) 100vw, 300px\" \/> <img decoding=\"async\" class=\"alignnone wp-image-2341 size-thumbnail\" src=\"http:\/\/www.nsi.lt\/wp-content\/uploads\/2025\/05\/csm_05_terra_2116_215_patrizierrot_3f09da4445-skirting-240x73x10-mm-150x150.jpg\" alt=\"\" width=\"150\" height=\"150\" srcset=\"https:\/\/vygandaslepsys.lt\/nsi\/wp-content\/uploads\/2025\/05\/csm_05_terra_2116_215_patrizierrot_3f09da4445-skirting-240x73x10-mm-150x150.jpg 150w, https:\/\/vygandaslepsys.lt\/nsi\/wp-content\/uploads\/2025\/05\/csm_05_terra_2116_215_patrizierrot_3f09da4445-skirting-240x73x10-mm-100x100.jpg 100w, https:\/\/vygandaslepsys.lt\/nsi\/wp-content\/uploads\/2025\/05\/csm_05_terra_2116_215_patrizierrot_3f09da4445-skirting-240x73x10-mm-50x50.jpg 50w\" sizes=\"(max-width: 150px) 100vw, 150px\" \/> <img decoding=\"async\" class=\"alignnone wp-image-2342 size-thumbnail\" src=\"http:\/\/www.nsi.lt\/wp-content\/uploads\/2025\/05\/csm_05_terra_4824_215_patrizierrot_45e4750464-angle-tile-with-grooves-240x115x52x10-mm-150x150.jpg\" alt=\"\" width=\"150\" height=\"150\" srcset=\"https:\/\/vygandaslepsys.lt\/nsi\/wp-content\/uploads\/2025\/05\/csm_05_terra_4824_215_patrizierrot_45e4750464-angle-tile-with-grooves-240x115x52x10-mm-150x150.jpg 150w, https:\/\/vygandaslepsys.lt\/nsi\/wp-content\/uploads\/2025\/05\/csm_05_terra_4824_215_patrizierrot_45e4750464-angle-tile-with-grooves-240x115x52x10-mm-100x100.jpg 100w, https:\/\/vygandaslepsys.lt\/nsi\/wp-content\/uploads\/2025\/05\/csm_05_terra_4824_215_patrizierrot_45e4750464-angle-tile-with-grooves-240x115x52x10-mm-50x50.jpg 50w\" sizes=\"(max-width: 150px) 100vw, 150px\" \/><img loading=\"lazy\" decoding=\"async\" class=\"alignnone wp-image-2339 size-thumbnail\" src=\"http:\/\/www.nsi.lt\/wp-content\/uploads\/2025\/05\/csm_05_terra_9005_9006_215_patrizierrot_40fc2940ee-stair-skirting-left-right-294x73x10-mm-150x150.jpg\" alt=\"\" width=\"150\" height=\"150\" srcset=\"https:\/\/vygandaslepsys.lt\/nsi\/wp-content\/uploads\/2025\/05\/csm_05_terra_9005_9006_215_patrizierrot_40fc2940ee-stair-skirting-left-right-294x73x10-mm-150x150.jpg 150w, https:\/\/vygandaslepsys.lt\/nsi\/wp-content\/uploads\/2025\/05\/csm_05_terra_9005_9006_215_patrizierrot_40fc2940ee-stair-skirting-left-right-294x73x10-mm-100x100.jpg 100w, https:\/\/vygandaslepsys.lt\/nsi\/wp-content\/uploads\/2025\/05\/csm_05_terra_9005_9006_215_patrizierrot_40fc2940ee-stair-skirting-left-right-294x73x10-mm-50x50.jpg 50w\" sizes=\"(max-width: 150px) 100vw, 150px\" \/><img loading=\"lazy\" decoding=\"async\" class=\"alignnone wp-image-2343 size-thumbnail\" src=\"http:\/\/www.nsi.lt\/wp-content\/uploads\/2025\/05\/csm_05_terra_4822_215_patrizierrot_5e654043e0-angle-tile-240x115x52x10-mm-150x150.jpg\" alt=\"\" width=\"150\" height=\"150\" srcset=\"https:\/\/vygandaslepsys.lt\/nsi\/wp-content\/uploads\/2025\/05\/csm_05_terra_4822_215_patrizierrot_5e654043e0-angle-tile-240x115x52x10-mm-150x150.jpg 150w, https:\/\/vygandaslepsys.lt\/nsi\/wp-content\/uploads\/2025\/05\/csm_05_terra_4822_215_patrizierrot_5e654043e0-angle-tile-240x115x52x10-mm-100x100.jpg 100w, https:\/\/vygandaslepsys.lt\/nsi\/wp-content\/uploads\/2025\/05\/csm_05_terra_4822_215_patrizierrot_5e654043e0-angle-tile-240x115x52x10-mm-50x50.jpg 50w\" sizes=\"(max-width: 150px) 100vw, 150px\" \/> <img loading=\"lazy\" decoding=\"async\" class=\"alignnone wp-image-2344 size-thumbnail\" src=\"http:\/\/www.nsi.lt\/wp-content\/uploads\/2025\/05\/csm_05_terra_9331_215_patrizierrot_4c0c09257c-stair-tread-corner-345x345x12-mm-150x150.jpg\" alt=\"\" width=\"150\" height=\"150\" srcset=\"https:\/\/vygandaslepsys.lt\/nsi\/wp-content\/uploads\/2025\/05\/csm_05_terra_9331_215_patrizierrot_4c0c09257c-stair-tread-corner-345x345x12-mm-150x150.jpg 150w, https:\/\/vygandaslepsys.lt\/nsi\/wp-content\/uploads\/2025\/05\/csm_05_terra_9331_215_patrizierrot_4c0c09257c-stair-tread-corner-345x345x12-mm-100x100.jpg 100w, https:\/\/vygandaslepsys.lt\/nsi\/wp-content\/uploads\/2025\/05\/csm_05_terra_9331_215_patrizierrot_4c0c09257c-stair-tread-corner-345x345x12-mm-50x50.jpg 50w\" sizes=\"(max-width: 150px) 100vw, 150px\" \/> <img loading=\"lazy\" decoding=\"async\" class=\"alignnone wp-image-2345 size-thumbnail\" src=\"http:\/\/www.nsi.lt\/wp-content\/uploads\/2025\/05\/csm_05_terra_9240_215_patrizierrot_5179a12152-stair-tred-tile-240x340x12-150x150.jpg\" alt=\"\" width=\"150\" height=\"150\" srcset=\"https:\/\/vygandaslepsys.lt\/nsi\/wp-content\/uploads\/2025\/05\/csm_05_terra_9240_215_patrizierrot_5179a12152-stair-tred-tile-240x340x12-150x150.jpg 150w, https:\/\/vygandaslepsys.lt\/nsi\/wp-content\/uploads\/2025\/05\/csm_05_terra_9240_215_patrizierrot_5179a12152-stair-tred-tile-240x340x12-100x100.jpg 100w, https:\/\/vygandaslepsys.lt\/nsi\/wp-content\/uploads\/2025\/05\/csm_05_terra_9240_215_patrizierrot_5179a12152-stair-tred-tile-240x340x12-50x50.jpg 50w\" sizes=\"(max-width: 150px) 100vw, 150px\" \/><\/p>\n","protected":false},"featured_media":2347,"comment_status":"open","ping_status":"closed","template":"","meta":[],"product_brand":[],"product_cat":[17,101,107],"product_tag":[24,99,23,22,98,104],"class_list":{"0":"post-2338","1":"product","2":"type-product","3":"status-publish","4":"has-post-thumbnail","6":"product_cat-plyteles","7":"product_cat-plyteles-grindims","8":"product_cat-terra","9":"product_tag-klinkeris","10":"product_tag-laiptai","11":"product_tag-plytele","12":"product_tag-stroher","13":"product_tag-terasa","14":"product_tag-terra","16":"first","17":"outofstock","18":"taxable","19":"shipping-taxable","20":"product-type-simple"},"jetpack_sharing_enabled":true,"_links":{"self":[{"href":"https:\/\/vygandaslepsys.lt\/nsi\/wp-json\/wp\/v2\/product\/2338","targetHints":{"allow":["GET"]}}],"collection":[{"href":"https:\/\/vygandaslepsys.lt\/nsi\/wp-json\/wp\/v2\/product"}],"about":[{"href":"https:\/\/vygandaslepsys.lt\/nsi\/wp-json\/wp\/v2\/types\/product"}],"replies":[{"embeddable":true,"href":"https:\/\/vygandaslepsys.lt\/nsi\/wp-json\/wp\/v2\/comments?post=2338"}],"wp:featuredmedia":[{"embeddable":true,"href":"https:\/\/vygandaslepsys.lt\/nsi\/wp-json\/wp\/v2\/media\/2347"}],"wp:attachment":[{"href":"https:\/\/vygandaslepsys.lt\/nsi\/wp-json\/wp\/v2\/media?parent=2338"}],"wp:term":[{"taxonomy":"product_brand","embeddable":true,"href":"https:\/\/vygandaslepsys.lt\/nsi\/wp-json\/wp\/v2\/product_brand?post=2338"},{"taxonomy":"product_cat","embeddable":true,"href":"https:\/\/vygandaslepsys.lt\/nsi\/wp-json\/wp\/v2\/product_cat?post=2338"},{"taxonomy":"product_tag","embeddable":true,"href":"https:\/\/vygandaslepsys.lt\/nsi\/wp-json\/wp\/v2\/product_tag?post=2338"}],"curies":[{"name":"wp","href":"https:\/\/api.w.org\/{rel}","templated":true}]}}