{"id":2714,"date":"2025-05-27T11:29:18","date_gmt":"2025-05-27T11:29:18","guid":{"rendered":"https:\/\/www.nsi.lt\/?post_type=product&#038;p=2714"},"modified":"2025-05-27T11:35:55","modified_gmt":"2025-05-27T11:35:55","slug":"stroher-glanzstucke-2475-glanzstuck-no-7-klinkerio-plytele","status":"publish","type":"product","link":"https:\/\/vygandaslepsys.lt\/nsi\/produktas\/stroher-glanzstucke-2475-glanzstuck-no-7-klinkerio-plytele\/","title":{"rendered":"Str\u00f6her Glanzst\u00fccke 2475 Glanzst\u00fcck No 7 klinkerio plytel\u0117"},"content":{"rendered":"<p><strong>PRODUCT DETAILS:<\/strong><\/p>\n<div id=\"tabs367186\" class=\"tabs ui-tabs ui-corner-all ui-widget ui-widget-content\">\n<div class=\"tab-content\" data-width=\"600\">\n<div><\/div>\n<div id=\"tabs367187\" class=\"tabs ui-tabs ui-corner-all ui-widget ui-widget-content\">\n<div id=\"tabs367188\" class=\"tabs ui-tabs ui-corner-all ui-widget ui-widget-content\">\n<div class=\"tab-content\" data-width=\"600\">\n<div id=\"tabs367188-1\" class=\"tab-1 ui-tabs-panel ui-corner-bottom ui-widget-content\" role=\"tabpanel\" aria-labelledby=\"ui-id-1\" aria-hidden=\"false\" data-num=\"0\">\n<div class=\"tab-content\" data-width=\"600\">\n<div id=\"tabs367189-1\" class=\"tab-1 ui-tabs-panel ui-corner-bottom ui-widget-content\" role=\"tabpanel\" aria-labelledby=\"ui-id-1\" aria-hidden=\"false\" data-num=\"0\">\n<div id=\"tabs367190\" class=\"tabs ui-tabs ui-corner-all ui-widget ui-widget-content\">\n<div class=\"tab-content\" data-width=\"600\">\n<div id=\"tabs367190-1\" class=\"tab-1 ui-tabs-panel ui-corner-bottom ui-widget-content\" role=\"tabpanel\" aria-labelledby=\"ui-id-1\" aria-hidden=\"false\" data-num=\"0\">\n<table>\n<tbody>\n<tr>\n<td>Farbnummer:<\/td>\n<td>2475<\/td>\n<\/tr>\n<tr>\n<td>Farbe:<\/td>\n<td>Glanzst\u00fcck<\/td>\n<\/tr>\n<tr>\n<td>Serie:<\/td>\n<td>GLANZST\u00dcCKE<\/td>\n<\/tr>\n<tr>\n<td>Nennma\u00df:<\/td>\n<td>Langformat, Langformat<\/td>\n<\/tr>\n<tr>\n<td>Weitere Formate:<\/td>\n<td>Keine<\/td>\n<\/tr>\n<tr>\n<td>Abmessung:<\/td>\n<td>440 x 52 x 14<br \/>\n440 x 52 x 14<\/td>\n<\/tr>\n<tr>\n<td>Zubeh\u00f6r:<\/td>\n<td>verf\u00fcgbar<\/td>\n<\/tr>\n<tr>\n<td>Wasseraufnahme:<\/td>\n<td>0,5% &lt; Eb \u2264 3%%<\/td>\n<\/tr>\n<tr>\n<td>Hellbezugswert:<\/td>\n<td>&#8211;<\/td>\n<\/tr>\n<tr>\n<td>Porenradius:<\/td>\n<td>&#8211;<\/td>\n<\/tr>\n<tr>\n<td>St\u00fcck pro m<sup>2<\/sup>:<\/td>\n<td>15,63<\/td>\n<\/tr>\n<\/tbody>\n<\/table>\n<\/div>\n<\/div>\n<\/div>\n<\/div>\n<\/div>\n<\/div>\n<\/div>\n<\/div>\n<\/div>\n<\/div>\n<\/div>\n","protected":false},"excerpt":{"rendered":"<p>GLANZST\u00dcCKE 2475 Glanzst\u00fcck No 7<\/p>\n<div class=\"woocommerce-product-details__short-description\">GLANZST\u00dcCKE\u00a0 itin siauros retro stiliaus ilgo formato plytel\u0117s (440x52x14 mm), kurios sujungia eleganti\u0161k\u0105 vinta\u017ein\u0119 estetik\u0105 su subtiliu blizgesio efektu. \u0160velniai sendinta tekst\u016bra suteikia plytel\u0117ms charakterio, ta\u010diau i\u0161laikomas lygus pavir\u0161ius, kuris kuria tvarking\u0105 ir subtil\u0173 \u012fsp\u016bd\u012f.<\/div>\n<div class=\"woocommerce-product-details__short-description\">GLANZST\u00dcCKE ne tik atrodo stilingai, bet ir pasi\u017eymi ilgaam\u017ei\u0161kumu bei puikiomis energij\u0105 tausojan\u010diomis s\u0105vyb\u0117mis.<\/div>\n<div class=\"woocommerce-product-details__short-description\">\n<p>GLANZST\u00dcCKE tai ne tik plytel\u0117, tai stiliaus parei\u0161kimas J\u016bs\u0173 architekt\u016briniam projektui!<\/p>\n<ul>\n<li>Gamintojas &#8211; vokie\u010di\u0173 kompanija STR\u00d6HER.<\/li>\n<li>Minimalus u\u017esakymo kiekis &#8211; 1 d\u0117\u017eut\u0117.<\/li>\n<li>\u0160io tipo plytel\u0117s nesand\u0117liuojamos.<\/li>\n<\/ul>\n<\/div>\n<p>&nbsp;<\/p>\n","protected":false},"featured_media":2716,"comment_status":"open","ping_status":"closed","template":"","meta":[],"product_brand":[],"product_cat":[17,105],"product_tag":[108,24,23,22],"class_list":{"0":"post-2714","1":"product","2":"type-product","3":"status-publish","4":"has-post-thumbnail","6":"product_cat-plyteles","7":"product_cat-plyteles-fasadams","8":"product_tag-glanzstucke","9":"product_tag-klinkeris","10":"product_tag-plytele","11":"product_tag-stroher","13":"first","14":"outofstock","15":"taxable","16":"shipping-taxable","17":"product-type-variable"},"jetpack_sharing_enabled":true,"_links":{"self":[{"href":"https:\/\/vygandaslepsys.lt\/nsi\/wp-json\/wp\/v2\/product\/2714","targetHints":{"allow":["GET"]}}],"collection":[{"href":"https:\/\/vygandaslepsys.lt\/nsi\/wp-json\/wp\/v2\/product"}],"about":[{"href":"https:\/\/vygandaslepsys.lt\/nsi\/wp-json\/wp\/v2\/types\/product"}],"replies":[{"embeddable":true,"href":"https:\/\/vygandaslepsys.lt\/nsi\/wp-json\/wp\/v2\/comments?post=2714"}],"wp:featuredmedia":[{"embeddable":true,"href":"https:\/\/vygandaslepsys.lt\/nsi\/wp-json\/wp\/v2\/media\/2716"}],"wp:attachment":[{"href":"https:\/\/vygandaslepsys.lt\/nsi\/wp-json\/wp\/v2\/media?parent=2714"}],"wp:term":[{"taxonomy":"product_brand","embeddable":true,"href":"https:\/\/vygandaslepsys.lt\/nsi\/wp-json\/wp\/v2\/product_brand?post=2714"},{"taxonomy":"product_cat","embeddable":true,"href":"https:\/\/vygandaslepsys.lt\/nsi\/wp-json\/wp\/v2\/product_cat?post=2714"},{"taxonomy":"product_tag","embeddable":true,"href":"https:\/\/vygandaslepsys.lt\/nsi\/wp-json\/wp\/v2\/product_tag?post=2714"}],"curies":[{"name":"wp","href":"https:\/\/api.w.org\/{rel}","templated":true}]}}