{"id":2717,"date":"2025-05-28T11:08:19","date_gmt":"2025-05-28T11:08:19","guid":{"rendered":"https:\/\/www.nsi.lt\/?post_type=product&#038;p=2717"},"modified":"2025-05-28T12:10:53","modified_gmt":"2025-05-28T12:10:53","slug":"stroher-zeitlos-1975-assterrauch-klinkerio-plytele","status":"publish","type":"product","link":"https:\/\/vygandaslepsys.lt\/nsi\/produktas\/stroher-zeitlos-1975-assterrauch-klinkerio-plytele\/","title":{"rendered":"Str\u00f6her Zeitlos 1975 assterrauch klinkerio plytel\u0117"},"content":{"rendered":"<p><strong>PRODUCT DETAILS:<\/strong><\/p>\n<div id=\"tabs367186\" class=\"tabs ui-tabs ui-corner-all ui-widget ui-widget-content\">\n<div class=\"tab-content\" data-width=\"600\">\n<div id=\"tabs367187\" class=\"tabs ui-tabs ui-corner-all ui-widget ui-widget-content\">\n<div id=\"tabs367188\" class=\"tabs ui-tabs ui-corner-all ui-widget ui-widget-content\">\n<div class=\"tab-content\" data-width=\"600\">\n<div id=\"tabs367188-1\" class=\"tab-1 ui-tabs-panel ui-corner-bottom ui-widget-content\" role=\"tabpanel\" aria-labelledby=\"ui-id-1\" aria-hidden=\"false\" data-num=\"0\">\n<div class=\"tab-content\" data-width=\"600\">\n<div id=\"tabs367189-1\" class=\"tab-1 ui-tabs-panel ui-corner-bottom ui-widget-content\" role=\"tabpanel\" aria-labelledby=\"ui-id-1\" aria-hidden=\"false\" data-num=\"0\">\n<div id=\"tabs367190\" class=\"tabs ui-tabs ui-corner-all ui-widget ui-widget-content\">\n<div class=\"tab-content\" data-width=\"600\">\n<div class=\"tab-content\" data-width=\"600\">\n<p>&nbsp;<\/p>\n<div class=\"tab-content\" data-width=\"600\">\n<div id=\"tabs367564-1\" class=\"tab-1 ui-tabs-panel ui-corner-bottom ui-widget-content\" role=\"tabpanel\" aria-labelledby=\"ui-id-1\" aria-hidden=\"false\" data-num=\"0\">\n<table>\n<tbody>\n<tr>\n<td>Colour number:<\/td>\n<td>1975<\/td>\n<\/tr>\n<tr>\n<td>colour:<\/td>\n<td>austerrauch<\/td>\n<\/tr>\n<tr>\n<td>series:<\/td>\n<td>ZEITLOS<\/td>\n<\/tr>\n<tr>\n<td>Format no.:<\/td>\n<td>95121-026, 95121-026, 95121-024, 95121-024, 95121-020, 95121-020<\/td>\n<\/tr>\n<tr>\n<td>format:<\/td>\n<td>bar shape, bar shape, long format, long format, DF, DF<\/td>\n<\/tr>\n<tr>\n<td>additional formats:<\/td>\n<td><a href=\"https:\/\/www.stroeher.com\/fassade\/serien\/zeitlos\/produktdetail\/artnr\/95121-009.1975.Klinkerriemchen.ZEITLOS\/\">NF<\/a><\/td>\n<\/tr>\n<tr>\n<td>dimension:<\/td>\n<td>400 x 35 x 14<br \/>\n400 x 35 x 14<br \/>\n400 x 71 x 14<br \/>\n400 x 71 x 14<br \/>\n240 x 52 x 14<br \/>\n240 x 52 x 14<\/td>\n<\/tr>\n<tr>\n<td>Trim pieces:<\/td>\n<td>\u00a0available<\/td>\n<\/tr>\n<tr>\n<td>water absorption:<\/td>\n<td>0,5% &lt; Eb \u2264 3%%<\/td>\n<\/tr>\n<tr>\n<td>lightness value:<\/td>\n<td>&#8211;<\/td>\n<\/tr>\n<tr>\n<td>pore radius:<\/td>\n<td>&#8211;<\/td>\n<\/tr>\n<tr>\n<td>pieces per m<sup>2<\/sup>:<\/td>\n<td>51,64<\/td>\n<\/tr>\n<\/tbody>\n<\/table>\n<\/div>\n<\/div>\n<\/div>\n<\/div>\n<\/div>\n<\/div>\n<\/div>\n<\/div>\n<\/div>\n<\/div>\n<\/div>\n<\/div>\n<\/div>\n","protected":false},"excerpt":{"rendered":"<p>ZEITLOS 1975 assterrauch<\/p>\n<div class=\"woocommerce-product-details__short-description\">Sendintos, tarsi rank\u0173 darbo plytos i\u0161gyvena tikr\u0105 renesans\u0105 &#8211; tod\u0117l STR\u00d6HER pristato nauj\u0105 fasadini\u0173 plyteli\u0173 kolekcij\u0105 ZEITLOS, dar labiau praturtinan\u010di\u0105 jau ir taip plat\u0173 spalv\u0173, pavir\u0161i\u0173 bei form\u0173 pasirinkim\u0105.<\/div>\n<div class=\"woocommerce-product-details__short-description\">ZEITLOS klinkerio plytel\u0117s &#8211;\u00a0 tai ypatingai tvirtos net 14 mm. storio, su patina, yra atsparios \u0161al\u010diui, dr\u0117gmei ir laiko i\u0161bandymams.\u00a0 \u0160ios plytel\u0117s gaminamos i\u0161 auk\u0161\u010diausios r\u016b\u0161ies molio, naudojant pa\u017eangiausias technologijas. Pasirinkimas neapsiriboja vien dyd\u017eiais &#8211; si\u016blome net 11 kruop\u0161\u010diai parinkt\u0173 spalv\u0173 atspalvi\u0173, kurie gali b\u016bt\u0173 derinami pagal J\u016bs\u0173 individual\u0173 skon\u012f.<\/div>\n<div class=\"woocommerce-product-details__short-description\">ZEITLOS &#8211; tai ne tik stilingas sprendimas, bet ir prakti\u0161kas pasirinkimas.\u00a0 Nors plytel\u0117s ir turi nelygius kra\u0161tus, jos yra lengvai klijuojamos ir nereikalauja daug prie\u017ei\u016bros, tod\u0117l idealiai tinka fasado apdailai &#8211; ypa\u010d vertinantiems tvarum\u0105 ir energijos taupym\u0105.<\/div>\n<div class=\"woocommerce-product-details__short-description\">\n<ul>\n<li>Gamintojas &#8211; vokie\u010di\u0173 kompanija STR\u00d6HER.<\/li>\n<li>Minimalus u\u017esakymo kiekis &#8211; 1 d\u0117\u017eut\u0117.<\/li>\n<li>\u0160io tipo plytel\u0117s nesand\u0117liuojamos.<\/li>\n<\/ul>\n<\/div>\n<p>&nbsp;<\/p>\n","protected":false},"featured_media":2719,"comment_status":"open","ping_status":"closed","template":"","meta":[],"product_brand":[],"product_cat":[17,105],"product_tag":[24,23,22,109],"class_list":{"0":"post-2717","1":"product","2":"type-product","3":"status-publish","4":"has-post-thumbnail","6":"product_cat-plyteles","7":"product_cat-plyteles-fasadams","8":"product_tag-klinkeris","9":"product_tag-plytele","10":"product_tag-stroher","11":"product_tag-zeitlos","13":"first","14":"outofstock","15":"taxable","16":"shipping-taxable","17":"product-type-variable"},"jetpack_sharing_enabled":true,"_links":{"self":[{"href":"https:\/\/vygandaslepsys.lt\/nsi\/wp-json\/wp\/v2\/product\/2717","targetHints":{"allow":["GET"]}}],"collection":[{"href":"https:\/\/vygandaslepsys.lt\/nsi\/wp-json\/wp\/v2\/product"}],"about":[{"href":"https:\/\/vygandaslepsys.lt\/nsi\/wp-json\/wp\/v2\/types\/product"}],"replies":[{"embeddable":true,"href":"https:\/\/vygandaslepsys.lt\/nsi\/wp-json\/wp\/v2\/comments?post=2717"}],"wp:featuredmedia":[{"embeddable":true,"href":"https:\/\/vygandaslepsys.lt\/nsi\/wp-json\/wp\/v2\/media\/2719"}],"wp:attachment":[{"href":"https:\/\/vygandaslepsys.lt\/nsi\/wp-json\/wp\/v2\/media?parent=2717"}],"wp:term":[{"taxonomy":"product_brand","embeddable":true,"href":"https:\/\/vygandaslepsys.lt\/nsi\/wp-json\/wp\/v2\/product_brand?post=2717"},{"taxonomy":"product_cat","embeddable":true,"href":"https:\/\/vygandaslepsys.lt\/nsi\/wp-json\/wp\/v2\/product_cat?post=2717"},{"taxonomy":"product_tag","embeddable":true,"href":"https:\/\/vygandaslepsys.lt\/nsi\/wp-json\/wp\/v2\/product_tag?post=2717"}],"curies":[{"name":"wp","href":"https:\/\/api.w.org\/{rel}","templated":true}]}}