{"id":2762,"date":"2025-05-29T09:27:54","date_gmt":"2025-05-29T09:27:54","guid":{"rendered":"https:\/\/www.nsi.lt\/?post_type=product&#038;p=2762"},"modified":"2025-05-29T09:32:40","modified_gmt":"2025-05-29T09:32:40","slug":"stroher-kontur-3914-klinkerio-plytele","status":"publish","type":"product","link":"https:\/\/vygandaslepsys.lt\/nsi\/produktas\/stroher-kontur-3914-klinkerio-plytele\/","title":{"rendered":"Str\u00f6her Kontur 3914 klinkerio plytel\u0117"},"content":{"rendered":"<p><strong>PRODUCT DETAILS<\/strong><\/p>\n<div class=\"tab-content\" data-width=\"600\">\n<div class=\"tab-content\" data-width=\"600\">\n<div class=\"tab-content\" data-width=\"600\">\n<div id=\"tabs367264-1\" class=\"tab-1 ui-tabs-panel ui-corner-bottom ui-widget-content\" role=\"tabpanel\" aria-labelledby=\"ui-id-1\" aria-hidden=\"false\" data-num=\"0\">\n<table>\n<tbody>\n<tr>\n<td>Colour number:<\/td>\n<td>3914<\/td>\n<\/tr>\n<tr>\n<td>colour:<\/td>\n<td>sandbrand<\/td>\n<\/tr>\n<tr>\n<td>series:<\/td>\n<td>KONTUR<\/td>\n<\/tr>\n<tr>\n<td>Format no.:<\/td>\n<td>95044-033<\/td>\n<\/tr>\n<tr>\n<td>format:<\/td>\n<td>DF<\/td>\n<\/tr>\n<tr>\n<td>additional formats:<\/td>\n<td><a href=\"https:\/\/www.stroeher.com\/fassade\/serien\/kontur\/produktdetail\/artnr\/95044-049.3914.Klinkerriemchen.KONTUR\/\">NF<\/a><\/td>\n<\/tr>\n<tr>\n<td>dimension:<\/td>\n<td>240 x 52 x12<\/td>\n<\/tr>\n<tr>\n<td>Trim pieces:<\/td>\n<td>available<\/td>\n<\/tr>\n<tr>\n<td>water absorption:<\/td>\n<td>0,5% &lt; Eb \u2264 3%%<\/td>\n<\/tr>\n<tr>\n<td>lightness value:<\/td>\n<td>&#8211;<\/td>\n<\/tr>\n<tr>\n<td>pore radius:<\/td>\n<td>&#8211;<\/td>\n<\/tr>\n<tr>\n<td>pieces per m<sup>2<\/sup>:<\/td>\n<td>64,00<\/td>\n<\/tr>\n<\/tbody>\n<\/table>\n<\/div>\n<\/div>\n<\/div>\n<\/div>\n<p>&nbsp;<\/p>\n<p><a href=\"http:\/\/\u012erankis namo fasado vizualizacijai susikurti\" target=\"_blank\" rel=\"noopener\">https:\/\/stroeher.esignserver2.com\/gallery.do<\/a><\/p>\n","protected":false},"excerpt":{"rendered":"<p>KONTUR 3914 sandbrand<\/p>\n<div class=\"woocommerce-product-details__short-description\">\n<ul>\n<li>\u0160ios serijos plytel\u0117s gaminamos derinant tradicin\u0119 klinkerio gamyb\u0105 su auk\u0161t\u0173j\u0173 technologij\u0173 glaz\u016bra.<\/li>\n<li>\u012egeriamumas &lt; 3 proc.<\/li>\n<li>Gamintojas &#8211; vokie\u010di\u0173 kompanija STR\u00d6HER.<\/li>\n<li>Minimalus u\u017esakymo kiekis &#8211; 1 d\u0117\u017eut\u0117.<\/li>\n<li><strong>\u0160io tipo plytel\u0117s nesand\u0117liuojamos.<\/strong><\/li>\n<\/ul>\n<\/div>\n","protected":false},"featured_media":2764,"comment_status":"open","ping_status":"closed","template":"","meta":[],"product_brand":[],"product_cat":[17,105],"product_tag":[24,23,22],"class_list":{"0":"post-2762","1":"product","2":"type-product","3":"status-publish","4":"has-post-thumbnail","6":"product_cat-plyteles","7":"product_cat-plyteles-fasadams","8":"product_tag-klinkeris","9":"product_tag-plytele","10":"product_tag-stroher","12":"first","13":"outofstock","14":"taxable","15":"shipping-taxable","16":"product-type-variable"},"jetpack_sharing_enabled":true,"_links":{"self":[{"href":"https:\/\/vygandaslepsys.lt\/nsi\/wp-json\/wp\/v2\/product\/2762","targetHints":{"allow":["GET"]}}],"collection":[{"href":"https:\/\/vygandaslepsys.lt\/nsi\/wp-json\/wp\/v2\/product"}],"about":[{"href":"https:\/\/vygandaslepsys.lt\/nsi\/wp-json\/wp\/v2\/types\/product"}],"replies":[{"embeddable":true,"href":"https:\/\/vygandaslepsys.lt\/nsi\/wp-json\/wp\/v2\/comments?post=2762"}],"wp:featuredmedia":[{"embeddable":true,"href":"https:\/\/vygandaslepsys.lt\/nsi\/wp-json\/wp\/v2\/media\/2764"}],"wp:attachment":[{"href":"https:\/\/vygandaslepsys.lt\/nsi\/wp-json\/wp\/v2\/media?parent=2762"}],"wp:term":[{"taxonomy":"product_brand","embeddable":true,"href":"https:\/\/vygandaslepsys.lt\/nsi\/wp-json\/wp\/v2\/product_brand?post=2762"},{"taxonomy":"product_cat","embeddable":true,"href":"https:\/\/vygandaslepsys.lt\/nsi\/wp-json\/wp\/v2\/product_cat?post=2762"},{"taxonomy":"product_tag","embeddable":true,"href":"https:\/\/vygandaslepsys.lt\/nsi\/wp-json\/wp\/v2\/product_tag?post=2762"}],"curies":[{"name":"wp","href":"https:\/\/api.w.org\/{rel}","templated":true}]}}