{"id":3005,"date":"2025-08-07T10:04:15","date_gmt":"2025-08-07T10:04:15","guid":{"rendered":"https:\/\/www.nsi.lt\/?post_type=product&#038;p=3005"},"modified":"2025-08-07T10:22:33","modified_gmt":"2025-08-07T10:22:33","slug":"klinkerio-trinkeles-wienerberger-kohlebrand-westfalen-rotbunt-200x100x52-mm","status":"publish","type":"product","link":"https:\/\/vygandaslepsys.lt\/nsi\/produktas\/klinkerio-trinkeles-wienerberger-kohlebrand-westfalen-rotbunt-200x100x52-mm\/","title":{"rendered":"Klinkerio Trinkel\u0117s Wienerberger Kohlebrand Westfalen Rotbunt, 200x100x52 mm"},"content":{"rendered":"<ul>\n<li>Klinkerin\u0117s grindinio trinkel\u0117s.<\/li>\n<li>Matmenys 200x100x52 mm.<\/li>\n<li>Pad\u0117klas &#8211; 665 vnt.<\/li>\n<li>I\u0161eiga &#8211; 48 vnt\/kv.m. (su 3 &#8211; 5 mm si\u016ble pagal gamintojo rekomendacij\u0105).<\/li>\n<li>Vnt. svoris kg. &#8211; 2,3<\/li>\n<li>Gamintojas &#8211; Wienerberger.<\/li>\n<li>Ma\u017eiausias u\u017esakomas kiekis &#8211; 1 pad\u0117klas.<\/li>\n<li><strong>\u0160iuo metu sand\u0117lyje neturime.<\/strong><\/li>\n<\/ul>\n<p>&nbsp;<\/p>\n<p><strong>Norite su\u017einoti kainas ir \u012fsigijimo s\u0105lygas?<\/strong><\/p>\n<p>Skambinkite mums telefonu\u00a0<strong>0-655-11644\u00a0<\/strong>ir mes atsakysime \u012f visus Jums r\u016bpimus klausimus<strong>!\u00a0<\/strong><\/p>\n<p>&nbsp;<\/p>\n<p><strong>Planuojate didesn\u012f u\u017esakym\u0105?<\/strong><\/p>\n<p>Tokiu atveju pritaikysime\u00a0<strong>papildomas nuolaidas!<\/strong> Atsi\u0173skite mums projekto br\u0117\u017einius bei matmenis ir mes parengsime Jums individual\u0173 pasi\u016blym\u0105.<\/p>\n<p>&nbsp;<\/p>\n<p><strong><span style=\"color: #ff6600;\">Naujosios Statyb\u0173 Id\u0117jos<\/span> &#8211; oficialus <a href=\"https:\/\/www.klinkeriopasaulis.lt\/wienerberger\" target=\"_blank\" rel=\"noopener\">Wienerberger<\/a> prekybos atstovas Lietuvoje!<\/strong><\/p>\n<div class=\"woocommerce-product-details__short-description\">\n<p>&nbsp;<\/p>\n<\/div>\n","protected":false},"excerpt":{"rendered":"<h2>Klinkerin\u0117s Trinkel\u0117s Ap\u017evalga<\/h2>\n<p>&nbsp;<\/p>\n<p>Atkreipkite d\u0117mes\u012f, jog\u00a0prek\u0117s spalva bei ra\u0161tai gali \u0161iek tiek skirtis nuo matom\u0173 nuotraukoje.<\/p>\n","protected":false},"featured_media":3006,"comment_status":"open","ping_status":"closed","template":"","meta":[],"product_brand":[],"product_cat":[87,44,43],"product_tag":[46,100,45,33],"class_list":{"0":"post-3005","1":"product","2":"type-product","3":"status-publish","4":"has-post-thumbnail","6":"product_cat-200x100x52-mm","7":"product_cat-klinkerines-trinkeles","8":"product_cat-trinkeles","9":"product_tag-klinkerines-trinkeles","10":"product_tag-naujiena","11":"product_tag-trinkeles","12":"product_tag-wienerberger","14":"first","15":"outofstock","16":"taxable","17":"shipping-taxable","18":"product-type-simple"},"jetpack_sharing_enabled":true,"_links":{"self":[{"href":"https:\/\/vygandaslepsys.lt\/nsi\/wp-json\/wp\/v2\/product\/3005","targetHints":{"allow":["GET"]}}],"collection":[{"href":"https:\/\/vygandaslepsys.lt\/nsi\/wp-json\/wp\/v2\/product"}],"about":[{"href":"https:\/\/vygandaslepsys.lt\/nsi\/wp-json\/wp\/v2\/types\/product"}],"replies":[{"embeddable":true,"href":"https:\/\/vygandaslepsys.lt\/nsi\/wp-json\/wp\/v2\/comments?post=3005"}],"wp:featuredmedia":[{"embeddable":true,"href":"https:\/\/vygandaslepsys.lt\/nsi\/wp-json\/wp\/v2\/media\/3006"}],"wp:attachment":[{"href":"https:\/\/vygandaslepsys.lt\/nsi\/wp-json\/wp\/v2\/media?parent=3005"}],"wp:term":[{"taxonomy":"product_brand","embeddable":true,"href":"https:\/\/vygandaslepsys.lt\/nsi\/wp-json\/wp\/v2\/product_brand?post=3005"},{"taxonomy":"product_cat","embeddable":true,"href":"https:\/\/vygandaslepsys.lt\/nsi\/wp-json\/wp\/v2\/product_cat?post=3005"},{"taxonomy":"product_tag","embeddable":true,"href":"https:\/\/vygandaslepsys.lt\/nsi\/wp-json\/wp\/v2\/product_tag?post=3005"}],"curies":[{"name":"wp","href":"https:\/\/api.w.org\/{rel}","templated":true}]}}