{"id":654,"date":"2024-09-17T09:01:51","date_gmt":"2024-09-17T09:01:51","guid":{"rendered":"https:\/\/www.nsi.lt\/?post_type=product&#038;p=654"},"modified":"2025-05-08T15:33:34","modified_gmt":"2025-05-08T15:33:34","slug":"stroher-riegel50-4074-klinkerio-plytele","status":"publish","type":"product","link":"https:\/\/vygandaslepsys.lt\/nsi\/produktas\/stroher-riegel50-4074-klinkerio-plytele\/","title":{"rendered":"Str\u00f6her Riegel50 4074 fasadin\u0117 plytel\u0117"},"content":{"rendered":"<p><strong>PRODUCT DETAILS:<\/strong><\/p>\n<table>\n<tbody>\n<tr>\n<td>Colour number:<\/td>\n<td>4074<\/td>\n<\/tr>\n<tr>\n<td>colour:<\/td>\n<td>silber-grau used look<\/td>\n<\/tr>\n<tr>\n<td>series:<\/td>\n<td>RIEGEL 50<\/td>\n<\/tr>\n<tr>\n<td>Format no.:<\/td>\n<td>95135-002, 95135-002, 95135-006, 95135-006<\/td>\n<\/tr>\n<tr>\n<td>format:<\/td>\n<td>bar shape, bar shape, DF, DF<\/td>\n<\/tr>\n<tr>\n<td>additional formats:<\/td>\n<td>none<\/td>\n<\/tr>\n<tr>\n<td>dimension:<\/td>\n<td>490 x 40 x 14<br \/>\n490 x 40 x 14<br \/>\n240 x 52 x 14<br \/>\n240 x 52 x 14<\/td>\n<\/tr>\n<tr>\n<td>Trim pieces:<\/td>\n<td>available<\/td>\n<\/tr>\n<tr>\n<td>water absorption:<\/td>\n<td>0,5% &lt; Eb \u2264 3%%<\/td>\n<\/tr>\n<tr>\n<td>lightness value:<\/td>\n<td>&#8211;<\/td>\n<\/tr>\n<tr>\n<td>pore radius:<\/td>\n<td>&#8211;<\/td>\n<\/tr>\n<tr>\n<td>pieces per m<sup>2<\/sup>:<\/td>\n<td>38,31<\/td>\n<\/tr>\n<\/tbody>\n<\/table>\n<p>&nbsp;<\/p>\n<p><a href=\"https:\/\/stroeher.esignserver2.com\/gallery.do;jsessionid=9A3EE86C8FE4A2C623429AA861BA3DBA\">https:\/\/stroeher.esignserver2.com\/gallery.do;jsessionid=9A3EE86C8FE4A2C623429AA861BA3DBA<\/a><\/p>\n<p>&nbsp;<\/p>\n","protected":false},"excerpt":{"rendered":"<p>RIEGEL 50 4074 silver-grey used look<\/p>\n<div class=\"woocommerce-product-details__short-description\">\n<ul>\n<li>Subtiliai subalansuotos, &#8220;pad\u0117v\u0117tos&#8221; i\u0161vaizdos, bet tuo pa\u010diu meni\u0161kos ir universalios klinkerin\u0117s plytel\u0117s<\/li>\n<li>Galimi \u0161ios spalvos formatai &#8211; fasadin\u0117 plytel\u0117 240x52x14 mm, kampin\u0117 fasadin\u0117 plytel\u0117 240x115x52x14 mm, fasadin\u0117 ilgo formato plytel\u0117 490x40x14 mm, kampin\u0117 fasadin\u0117 plytel\u0117 240x11540x14 mm<\/li>\n<li>\u012egeriamumas 3\u00a0 proc.<\/li>\n<li>Gamintojas &#8211; vokie\u010di\u0173 kompanija STR\u00d6HER<\/li>\n<li>Minimalus u\u017esakymo kiekis &#8211; 1 d\u0117\u017eut\u0117<\/li>\n<li><strong>Turime sand\u0117lyje. D\u0117l tikslaus kiekio kreipkit\u0117s el.p. vadyba@nsi.lt<\/strong><\/li>\n<\/ul>\n<\/div>\n","protected":false},"featured_media":661,"comment_status":"open","ping_status":"closed","template":"","meta":[],"product_brand":[],"product_cat":[17,105],"product_tag":[96,24,23,31,22],"class_list":{"0":"post-654","1":"product","2":"type-product","3":"status-publish","4":"has-post-thumbnail","6":"product_cat-plyteles","7":"product_cat-plyteles-fasadams","8":"product_tag-akcijos","9":"product_tag-klinkeris","10":"product_tag-plytele","11":"product_tag-riegel-50","12":"product_tag-stroher","14":"first","15":"instock","16":"sale","17":"taxable","18":"shipping-taxable","19":"purchasable","20":"product-type-simple"},"jetpack_sharing_enabled":true,"_links":{"self":[{"href":"https:\/\/vygandaslepsys.lt\/nsi\/wp-json\/wp\/v2\/product\/654","targetHints":{"allow":["GET"]}}],"collection":[{"href":"https:\/\/vygandaslepsys.lt\/nsi\/wp-json\/wp\/v2\/product"}],"about":[{"href":"https:\/\/vygandaslepsys.lt\/nsi\/wp-json\/wp\/v2\/types\/product"}],"replies":[{"embeddable":true,"href":"https:\/\/vygandaslepsys.lt\/nsi\/wp-json\/wp\/v2\/comments?post=654"}],"wp:featuredmedia":[{"embeddable":true,"href":"https:\/\/vygandaslepsys.lt\/nsi\/wp-json\/wp\/v2\/media\/661"}],"wp:attachment":[{"href":"https:\/\/vygandaslepsys.lt\/nsi\/wp-json\/wp\/v2\/media?parent=654"}],"wp:term":[{"taxonomy":"product_brand","embeddable":true,"href":"https:\/\/vygandaslepsys.lt\/nsi\/wp-json\/wp\/v2\/product_brand?post=654"},{"taxonomy":"product_cat","embeddable":true,"href":"https:\/\/vygandaslepsys.lt\/nsi\/wp-json\/wp\/v2\/product_cat?post=654"},{"taxonomy":"product_tag","embeddable":true,"href":"https:\/\/vygandaslepsys.lt\/nsi\/wp-json\/wp\/v2\/product_tag?post=654"}],"curies":[{"name":"wp","href":"https:\/\/api.w.org\/{rel}","templated":true}]}}