{"id":669,"date":"2024-09-18T08:45:42","date_gmt":"2024-09-18T08:45:42","guid":{"rendered":"https:\/\/www.nsi.lt\/?post_type=product&#038;p=669"},"modified":"2025-06-03T09:28:26","modified_gmt":"2025-06-03T09:28:26","slug":"stroher-riegel50-3284-fasadine-ilgo-formato-plytele","status":"publish","type":"product","link":"https:\/\/vygandaslepsys.lt\/nsi\/produktas\/stroher-riegel50-3284-fasadine-ilgo-formato-plytele\/","title":{"rendered":"Str\u00f6her Riegel50 3284 fasadin\u0117 ilgo formato plytel\u0117"},"content":{"rendered":"<p><strong>PRODUCT DETAILS:<\/strong><\/p>\n<div class=\"tab-content\" data-width=\"600\">\n<table>\n<tbody>\n<tr>\n<td>Colour number:<\/td>\n<td>3284<\/td>\n<\/tr>\n<tr>\n<td>colour:<\/td>\n<td>black-blue<\/td>\n<\/tr>\n<tr>\n<td>series:<\/td>\n<td>RIEGEL 50<\/td>\n<\/tr>\n<tr>\n<td>Format no.:<\/td>\n<td>95135-004, 95135-004<\/td>\n<\/tr>\n<tr>\n<td>format:<\/td>\n<td>bar shape, bar shape<\/td>\n<\/tr>\n<tr>\n<td>additional formats:<\/td>\n<td>none<\/td>\n<\/tr>\n<tr>\n<td>dimension:<\/td>\n<td>490 x 40 x 14<br \/>\n490 x 40 x 14<\/td>\n<\/tr>\n<tr>\n<td>Trim pieces:<\/td>\n<td>available<\/td>\n<\/tr>\n<tr>\n<td>water absorption:<\/td>\n<td>0,5% &lt; Eb \u2264 3%%<\/td>\n<\/tr>\n<tr>\n<td>lightness value:<\/td>\n<td>&#8211;<\/td>\n<\/tr>\n<tr>\n<td>pore radius:<\/td>\n<td>&#8211;<\/td>\n<\/tr>\n<tr>\n<td>pieces per m<sup>2<\/sup>:<\/td>\n<td>38,31<\/td>\n<\/tr>\n<\/tbody>\n<\/table>\n<\/div>\n","protected":false},"excerpt":{"rendered":"<p>RIEGEL 50 3284 black-blue<\/p>\n<div class=\"woocommerce-product-details__short-description\">\n<ul>\n<li>Ypatingai ilgo formato klinkerin\u0117s plytel\u0117s su melsvo atspalvio deginimu bei patinuoto \u0161lako \u012fvaizd\u017eiu<\/li>\n<li>Galimi \u0161ios spalvos formatai &#8211;\u00a0 fasadin\u0117 ilgo formato plytel\u0117 490x40x14 mm, kampin\u0117 fasadin\u0117 plytel\u0117 240x11540x14 mm<\/li>\n<li>\u012egeriamumas 3 &#8211; proc.<\/li>\n<li>Gamintojas &#8211; vokie\u010di\u0173 kompanija STR\u00d6HER<\/li>\n<li>Minimalus u\u017esakymo kiekis &#8211; 1 d\u0117\u017eut\u0117<\/li>\n<li><strong>\u0160io tipo plyteli\u0173 nesand\u0117liuojame<\/strong><\/li>\n<\/ul>\n<\/div>\n","protected":false},"featured_media":664,"comment_status":"open","ping_status":"closed","template":"","meta":[],"product_brand":[],"product_cat":[17,105],"product_tag":[24,23,31,22],"class_list":{"0":"post-669","1":"product","2":"type-product","3":"status-publish","4":"has-post-thumbnail","6":"product_cat-plyteles","7":"product_cat-plyteles-fasadams","8":"product_tag-klinkeris","9":"product_tag-plytele","10":"product_tag-riegel-50","11":"product_tag-stroher","13":"first","14":"outofstock","15":"taxable","16":"shipping-taxable","17":"product-type-variable"},"jetpack_sharing_enabled":true,"_links":{"self":[{"href":"https:\/\/vygandaslepsys.lt\/nsi\/wp-json\/wp\/v2\/product\/669","targetHints":{"allow":["GET"]}}],"collection":[{"href":"https:\/\/vygandaslepsys.lt\/nsi\/wp-json\/wp\/v2\/product"}],"about":[{"href":"https:\/\/vygandaslepsys.lt\/nsi\/wp-json\/wp\/v2\/types\/product"}],"replies":[{"embeddable":true,"href":"https:\/\/vygandaslepsys.lt\/nsi\/wp-json\/wp\/v2\/comments?post=669"}],"wp:featuredmedia":[{"embeddable":true,"href":"https:\/\/vygandaslepsys.lt\/nsi\/wp-json\/wp\/v2\/media\/664"}],"wp:attachment":[{"href":"https:\/\/vygandaslepsys.lt\/nsi\/wp-json\/wp\/v2\/media?parent=669"}],"wp:term":[{"taxonomy":"product_brand","embeddable":true,"href":"https:\/\/vygandaslepsys.lt\/nsi\/wp-json\/wp\/v2\/product_brand?post=669"},{"taxonomy":"product_cat","embeddable":true,"href":"https:\/\/vygandaslepsys.lt\/nsi\/wp-json\/wp\/v2\/product_cat?post=669"},{"taxonomy":"product_tag","embeddable":true,"href":"https:\/\/vygandaslepsys.lt\/nsi\/wp-json\/wp\/v2\/product_tag?post=669"}],"curies":[{"name":"wp","href":"https:\/\/api.w.org\/{rel}","templated":true}]}}