{"id":765,"date":"2024-11-28T07:48:49","date_gmt":"2024-11-28T07:48:49","guid":{"rendered":"https:\/\/www.nsi.lt\/?post_type=product&#038;p=765"},"modified":"2025-04-17T12:35:09","modified_gmt":"2025-04-17T12:35:09","slug":"plyta-wienerberger-rustica-oud-damme","status":"publish","type":"product","link":"https:\/\/vygandaslepsys.lt\/nsi\/produktas\/plyta-wienerberger-rustica-oud-damme\/","title":{"rendered":"Plyta Wienerberger Rustica Oud Damme"},"content":{"rendered":"<h2>Plyta Wienerberger Rustica Oud Damme<\/h2>\n<p>Wienerberger Rustica Oud Damme plytos suteikia unikal\u0173 pasirinkim\u0105 fasad\u0173 apdailai. \u0160ios sendintos plytos, pagamintos Belgijoje, yra ne tik esteti\u0161kai patrauklios, bet ir itin funkcionalios.<\/p>\n<h2>Plytos Ypatyb\u0117s<\/h2>\n<p>Matmenys 214x102x65 mm leid\u017eia lengvai jas integruoti \u012f \u012fvairius projektus. I\u0161eiga yra apie 57 vnt\/m\u00b2, o vandens absorbcija siekia \u2264 15%. Tai u\u017etikrina, kad plytos i\u0161liks tvirtos ir patvarios.<\/p>\n<h2>Praktinis Naudojimas<\/h2>\n<p>\u0160ios plytos tinka ne tik fasad\u0173 apdailai, bet ir \u017eidini\u0173, kamino apdailai, lauko \u017eidini\u0173 bei grilio statybai, vidin\u0117ms pertvaroms ir kitiems interjero elementams. J\u0173 kokyb\u0117 ir ilgaam\u017ei\u0161kumas, pasiekiantis f2 atsparum\u0105 \u0161al\u010diui, u\u017etikrina, kad jos b\u016bt\u0173 geriausias pasirinkimas.<\/p>\n<p>&nbsp;<\/p>\n<p>&nbsp;<\/p>\n","protected":false},"excerpt":{"rendered":"<ul>\n<li>Rankinio formavimo sendintos plytos.<\/li>\n<li>Kilm\u0117s \u0161alis &#8211; Belgija.<\/li>\n<li>Tinka fasad\u0173 apdailai, \u017eidini\u0173 ir kamin\u0173 apdirbimui, vidin\u0117ms pertvaroms ir kt.<\/li>\n<li>Matmenys 214x102x65 mm.<\/li>\n<li>I\u0161eiga: apie 57 vnt\/m\u00b2.<\/li>\n<li>Vandens absorbcija:\u00a0\u2264 15%.<\/li>\n<li>Atsparumas \u0161al\u010diui (ilgaam\u017ei\u0161kumas) &#8211; F2.<\/li>\n<li>Pad\u0117klas &#8211; 600 vnt.<\/li>\n<li><strong>\u0160iuo metu sand\u0117lyje neturime.<\/strong><\/li>\n<\/ul>\n","protected":false},"featured_media":766,"comment_status":"open","ping_status":"closed","template":"","meta":[],"product_brand":[],"product_cat":[18,71],"product_tag":[32,33],"class_list":{"0":"post-765","1":"product","2":"type-product","3":"status-publish","4":"has-post-thumbnail","6":"product_cat-plytos","7":"product_cat-wienerberger-plytos-plytos","8":"product_tag-plyta","9":"product_tag-wienerberger","11":"first","12":"outofstock","13":"taxable","14":"shipping-taxable","15":"product-type-simple"},"jetpack_sharing_enabled":true,"_links":{"self":[{"href":"https:\/\/vygandaslepsys.lt\/nsi\/wp-json\/wp\/v2\/product\/765","targetHints":{"allow":["GET"]}}],"collection":[{"href":"https:\/\/vygandaslepsys.lt\/nsi\/wp-json\/wp\/v2\/product"}],"about":[{"href":"https:\/\/vygandaslepsys.lt\/nsi\/wp-json\/wp\/v2\/types\/product"}],"replies":[{"embeddable":true,"href":"https:\/\/vygandaslepsys.lt\/nsi\/wp-json\/wp\/v2\/comments?post=765"}],"wp:featuredmedia":[{"embeddable":true,"href":"https:\/\/vygandaslepsys.lt\/nsi\/wp-json\/wp\/v2\/media\/766"}],"wp:attachment":[{"href":"https:\/\/vygandaslepsys.lt\/nsi\/wp-json\/wp\/v2\/media?parent=765"}],"wp:term":[{"taxonomy":"product_brand","embeddable":true,"href":"https:\/\/vygandaslepsys.lt\/nsi\/wp-json\/wp\/v2\/product_brand?post=765"},{"taxonomy":"product_cat","embeddable":true,"href":"https:\/\/vygandaslepsys.lt\/nsi\/wp-json\/wp\/v2\/product_cat?post=765"},{"taxonomy":"product_tag","embeddable":true,"href":"https:\/\/vygandaslepsys.lt\/nsi\/wp-json\/wp\/v2\/product_tag?post=765"}],"curies":[{"name":"wp","href":"https:\/\/api.w.org\/{rel}","templated":true}]}}