{"id":785,"date":"2024-11-28T08:55:13","date_gmt":"2024-11-28T08:55:13","guid":{"rendered":"https:\/\/www.nsi.lt\/?post_type=product&#038;p=785"},"modified":"2025-04-23T14:37:41","modified_gmt":"2025-04-23T14:37:41","slug":"quick-mix-muro-misinys-25-kg-vm-01-t-biala-skirtingos-spalvos","status":"publish","type":"product","link":"https:\/\/vygandaslepsys.lt\/nsi\/produktas\/quick-mix-muro-misinys-25-kg-vm-01-t-biala-skirtingos-spalvos\/","title":{"rendered":"QUICK-MIX m\u016bro mi\u0161inys VM 01 T, 25 kg. (\u012evairi\u0173 spalv\u0173)"},"content":{"rendered":"<p>Mi\u0161inys, skirtas m\u016bryti vidutinio \u012fgeriamumo (3-8 %) klinkerines ir apdailos plytas.<\/p>\n<p>Atsparus \u0161al\u010diui ir neigiamiems atmosferos poveikiams.<\/p>\n<p>Ma\u017eas vandens \u012fgeriamumas.<\/p>\n<p>Pralaidus garams.<\/p>\n<p>Stabdo drusk\u0173 ir kalki\u0173 d\u0117mi\u0173 atsiradim\u0105 mi\u0161inyje ir neu\u017eter\u0161ia klinkerio pavir\u0161iaus.<\/p>\n<p>Pakuot\u0117 &#8211; 25 kg mai\u0161as, 48 vnt &#8211; pad\u0117klas.<\/p>\n<p><strong>\u0160iuo metu sand\u0117lyje neturime.<\/strong><\/p>\n<div><\/div>\n<div><strong>Technin\u0117s savyb\u0117s ir naudojimas:<\/strong><\/div>\n<div>M\u016bro mi\u0161inio frakcija: 0-4 mm<br \/>\nDarbo temperat\u016bra: +5 iki +30.<br \/>\nParuo\u0161to skiedinio sunaudojimo laikas: 2 val.<br \/>\nMai\u0161ymo proporcijos : 25 kg mi\u0161inio \u2013 2.5-3.0 litro vandens.<br \/>\nI\u0161eiga: apie 800-1000 g vienai plytai, arba 1m\u00b2 \u2013 apie 45,6 kg.<\/div>\n","protected":false},"excerpt":{"rendered":"<h2>Produkto apra\u0161ymas<\/h2>\n<p>Greitas m\u016bro mi\u0161inys (25 kg, VM 01, balta) yra idealus sprendimas m\u016brijant klinkerines ir apdailos plytas, pasi\u017eymi vidutiniu \u012fgeriamumu (3-8 %). \u0160is mi\u0161inys yra atsparus \u0161al\u010diui ir neigiamiems atmosferos poveikiams, tod\u0117l yra puiki pasirinkimo galimyb\u0117 visoms lauko s\u0105lygoms.<\/p>\n<h2>Panaudojimo privalumai<\/h2>\n<p>Ma\u017eas vandens \u012fgeriamumas ir gar\u0173 pralaidumas leid\u017eia i\u0161vengti drusk\u0173 ir kalki\u0173 d\u0117mi\u0173, neu\u017eter\u0161iant klinkerio pavir\u0161iaus. Mi\u0161inys yra lengvai paruo\u0161iamas, sunaudojama apie 800-1000 g vienai plytai.<\/p>\n<h2>Technin\u0117s savyb\u0117s<\/h2>\n<p>Mi\u0161inio frakcija: 0-4 mm, darbo temperat\u016bra: 5-30 \u00b0C. Mai\u0161ymo proporcijos: 25 kg mi\u0161inio \u2013 2.5-3.0 litro vandens. Pakuot\u0117 &#8211; 25 kg mai\u0161as, 48 vnt &#8211; pad\u0117klas.<\/p>\n","protected":false},"featured_media":1521,"comment_status":"open","ping_status":"closed","template":"","meta":[],"product_brand":[],"product_cat":[38,39],"product_tag":[41,42,40],"class_list":{"0":"post-785","1":"product","2":"type-product","3":"status-publish","4":"has-post-thumbnail","6":"product_cat-misiniai","7":"product_cat-muro-misiniai","8":"product_tag-misiniai","9":"product_tag-muras","10":"product_tag-quick-mix","12":"first","13":"instock","14":"taxable","15":"shipping-taxable","16":"purchasable","17":"product-type-variable"},"jetpack_sharing_enabled":true,"_links":{"self":[{"href":"https:\/\/vygandaslepsys.lt\/nsi\/wp-json\/wp\/v2\/product\/785","targetHints":{"allow":["GET"]}}],"collection":[{"href":"https:\/\/vygandaslepsys.lt\/nsi\/wp-json\/wp\/v2\/product"}],"about":[{"href":"https:\/\/vygandaslepsys.lt\/nsi\/wp-json\/wp\/v2\/types\/product"}],"replies":[{"embeddable":true,"href":"https:\/\/vygandaslepsys.lt\/nsi\/wp-json\/wp\/v2\/comments?post=785"}],"wp:featuredmedia":[{"embeddable":true,"href":"https:\/\/vygandaslepsys.lt\/nsi\/wp-json\/wp\/v2\/media\/1521"}],"wp:attachment":[{"href":"https:\/\/vygandaslepsys.lt\/nsi\/wp-json\/wp\/v2\/media?parent=785"}],"wp:term":[{"taxonomy":"product_brand","embeddable":true,"href":"https:\/\/vygandaslepsys.lt\/nsi\/wp-json\/wp\/v2\/product_brand?post=785"},{"taxonomy":"product_cat","embeddable":true,"href":"https:\/\/vygandaslepsys.lt\/nsi\/wp-json\/wp\/v2\/product_cat?post=785"},{"taxonomy":"product_tag","embeddable":true,"href":"https:\/\/vygandaslepsys.lt\/nsi\/wp-json\/wp\/v2\/product_tag?post=785"}],"curies":[{"name":"wp","href":"https:\/\/api.w.org\/{rel}","templated":true}]}}