{"id":808,"date":"2024-11-28T09:03:39","date_gmt":"2024-11-28T09:03:39","guid":{"rendered":"https:\/\/www.nsi.lt\/?post_type=product&#038;p=808"},"modified":"2025-06-16T09:42:14","modified_gmt":"2025-06-16T09:42:14","slug":"wienerberger-penter-grau-klinkerines-trinkeles-200x52x100","status":"publish","type":"product","link":"https:\/\/vygandaslepsys.lt\/nsi\/produktas\/wienerberger-penter-grau-klinkerines-trinkeles-200x52x100\/","title":{"rendered":"Klinkerio trinkel\u0117s Wienerberger Penter Grau, 200x52x100"},"content":{"rendered":"<ul>\n<li>Klinkerin\u0117s grindinio trinkel\u0117s.<\/li>\n<li>Matmenys 200x100x52 mm.<\/li>\n<li>Pad\u0117klas &#8211; 665 vnt.<\/li>\n<li>I\u0161eiga &#8211; 48 vnt (su 3 &#8211; 5 mm si\u016ble pagal gamintojo rekomendacij\u0105).<\/li>\n<li>Gamintojas &#8211; Wienerberger.<\/li>\n<li>Ma\u017eiausias u\u017esakomas kiekis &#8211; 1 pad\u0117klas.<\/li>\n<li>\u0160iuo metu sand\u0117lyje neturime.<\/li>\n<\/ul>\n","protected":false},"excerpt":{"rendered":"<h2>Klinkerin\u0117s Trinkel\u0117s: Ap\u017evalga<\/h2>\n<p>Penter grau klinkerin\u0117s trinkel\u0117s 200x52x100 mm yra puikus pasirinkimas j\u016bs\u0173 i\u0161or\u0117s erdv\u0117ms. \u0160ios klinkerin\u0117s grindinio trinkel\u0117s su matmenimis 200x100x52 mm yra ne tik esteti\u0161kos, bet ir labai tvirtos. Gamintojas Wienerberger u\u017etikrina auk\u0161t\u0105 produkto kokyb\u0119, kuri patenkins net ir i\u0161rankiausius vartotojus.<\/p>\n<p>Viename pad\u0117kle yra 665 vnt. trinkeli\u0173, o rekomenduojamos i\u0161eigos skai\u010dius yra 48 vnt. su 3-5 mm si\u016ble. Tai leid\u017eia lengvai suplanuoti savo projekt\u0105 ir u\u017etikrinti, kad viskas bus atlikta pagal gamintojo rekomendacijas.<\/p>\n","protected":false},"featured_media":2801,"comment_status":"open","ping_status":"closed","template":"","meta":[],"product_brand":[],"product_cat":[87,44,43],"product_tag":[46,45,33],"class_list":{"0":"post-808","1":"product","2":"type-product","3":"status-publish","4":"has-post-thumbnail","6":"product_cat-200x100x52-mm","7":"product_cat-klinkerines-trinkeles","8":"product_cat-trinkeles","9":"product_tag-klinkerines-trinkeles","10":"product_tag-trinkeles","11":"product_tag-wienerberger","13":"first","14":"outofstock","15":"taxable","16":"shipping-taxable","17":"product-type-simple"},"jetpack_sharing_enabled":true,"_links":{"self":[{"href":"https:\/\/vygandaslepsys.lt\/nsi\/wp-json\/wp\/v2\/product\/808","targetHints":{"allow":["GET"]}}],"collection":[{"href":"https:\/\/vygandaslepsys.lt\/nsi\/wp-json\/wp\/v2\/product"}],"about":[{"href":"https:\/\/vygandaslepsys.lt\/nsi\/wp-json\/wp\/v2\/types\/product"}],"replies":[{"embeddable":true,"href":"https:\/\/vygandaslepsys.lt\/nsi\/wp-json\/wp\/v2\/comments?post=808"}],"wp:featuredmedia":[{"embeddable":true,"href":"https:\/\/vygandaslepsys.lt\/nsi\/wp-json\/wp\/v2\/media\/2801"}],"wp:attachment":[{"href":"https:\/\/vygandaslepsys.lt\/nsi\/wp-json\/wp\/v2\/media?parent=808"}],"wp:term":[{"taxonomy":"product_brand","embeddable":true,"href":"https:\/\/vygandaslepsys.lt\/nsi\/wp-json\/wp\/v2\/product_brand?post=808"},{"taxonomy":"product_cat","embeddable":true,"href":"https:\/\/vygandaslepsys.lt\/nsi\/wp-json\/wp\/v2\/product_cat?post=808"},{"taxonomy":"product_tag","embeddable":true,"href":"https:\/\/vygandaslepsys.lt\/nsi\/wp-json\/wp\/v2\/product_tag?post=808"}],"curies":[{"name":"wp","href":"https:\/\/api.w.org\/{rel}","templated":true}]}}