{"id":876,"date":"2024-11-28T17:57:20","date_gmt":"2024-11-28T17:57:20","guid":{"rendered":"https:\/\/www.nsi.lt\/?post_type=product&#038;p=876"},"modified":"2024-11-28T17:58:11","modified_gmt":"2024-11-28T17:58:11","slug":"velux-kupolas-isj-0103-isj-0113","status":"publish","type":"product","link":"https:\/\/vygandaslepsys.lt\/nsi\/produktas\/velux-kupolas-isj-0103-isj-0113\/","title":{"rendered":"Velux kupolas, ISJ 0103\/ISJ 0113"},"content":{"rendered":"<ul>\n<li>3 sluoksni\u0173, nepermatomas, pagamintas i\u0161 akrilo arba polikarbonato.<\/li>\n<li>Galimi dyd\u017eiai: 60&#215;60 cm, 80&#215;80 cm, 90&#215;60 cm, 90&#215;90 cm, 100&#215;100 cm, 120&#215;90 cm, 120&#215;120 cm, 150&#215;100 cm, 150&#215;150 cm, 200&#215;100 cm.<\/li>\n<li><strong>www.velux.lt.<\/strong><\/li>\n<\/ul>\n","protected":false},"excerpt":{"rendered":"<h2>Kas yra VELUX kupolos?<\/h2>\n<p>VELUX kupolos modeliai, ISJ 0103 ir ISJ 0113, yra puikus sprendimas negyvenamoms patalpoms. \u0160is kupolas u\u017etikrina didesn\u012f atsparum\u0105 sm\u016bgiams, suteikdamas i\u0161sklaidyt\u0105 \u0161vies\u0105, kuri yra b\u016btina optimalios darbo s\u0105lygomis.<\/p>\n<h2>Privalumai<\/h2>\n<p>Naudodami VELUX kupolus, j\u016bs\u0173 patalpos gaus nat\u016bralios \u0161viesos. Jie yra paprastas ir patikimas sprendimas, ypa\u010d tinkantis tokiems pastatams kaip nedidel\u0117s gamyklos, automobili\u0173 servisai ir sand\u0117liai.<\/p>\n<h2>Techniniai parametrai<\/h2>\n<p>VELUX kupolos yra pagamintos i\u0161 trij\u0173 sluoksni\u0173, nepermatom\u0173 akrilo arba polikarbonato. Galimi \u012fvair\u016bs dyd\u017eiai: 60&#215;60 cm, 80&#215;80 cm, 90&#215;60 cm ir kiti, tod\u0117l galite lengvai rasti jums tinkant\u012f variant\u0105<\/p>\n","protected":false},"featured_media":877,"comment_status":"open","ping_status":"closed","template":"","meta":[],"product_brand":[],"product_cat":[48,47],"product_tag":[50,49],"class_list":{"0":"post-876","1":"product","2":"type-product","3":"status-publish","4":"has-post-thumbnail","6":"product_cat-kupolas","7":"product_cat-stoglangiai","8":"product_tag-kupolas","9":"product_tag-veliux","11":"first","12":"outofstock","13":"taxable","14":"shipping-taxable","15":"product-type-simple"},"jetpack_sharing_enabled":true,"_links":{"self":[{"href":"https:\/\/vygandaslepsys.lt\/nsi\/wp-json\/wp\/v2\/product\/876","targetHints":{"allow":["GET"]}}],"collection":[{"href":"https:\/\/vygandaslepsys.lt\/nsi\/wp-json\/wp\/v2\/product"}],"about":[{"href":"https:\/\/vygandaslepsys.lt\/nsi\/wp-json\/wp\/v2\/types\/product"}],"replies":[{"embeddable":true,"href":"https:\/\/vygandaslepsys.lt\/nsi\/wp-json\/wp\/v2\/comments?post=876"}],"wp:featuredmedia":[{"embeddable":true,"href":"https:\/\/vygandaslepsys.lt\/nsi\/wp-json\/wp\/v2\/media\/877"}],"wp:attachment":[{"href":"https:\/\/vygandaslepsys.lt\/nsi\/wp-json\/wp\/v2\/media?parent=876"}],"wp:term":[{"taxonomy":"product_brand","embeddable":true,"href":"https:\/\/vygandaslepsys.lt\/nsi\/wp-json\/wp\/v2\/product_brand?post=876"},{"taxonomy":"product_cat","embeddable":true,"href":"https:\/\/vygandaslepsys.lt\/nsi\/wp-json\/wp\/v2\/product_cat?post=876"},{"taxonomy":"product_tag","embeddable":true,"href":"https:\/\/vygandaslepsys.lt\/nsi\/wp-json\/wp\/v2\/product_tag?post=876"}],"curies":[{"name":"wp","href":"https:\/\/api.w.org\/{rel}","templated":true}]}}