{"id":879,"date":"2024-11-28T18:02:46","date_gmt":"2024-11-28T18:02:46","guid":{"rendered":"https:\/\/www.nsi.lt\/?post_type=product&#038;p=879"},"modified":"2024-11-28T18:02:48","modified_gmt":"2024-11-28T18:02:48","slug":"delta-multi-band-m100-universali-vienpuse-klijuojama-juosta","status":"publish","type":"product","link":"https:\/\/vygandaslepsys.lt\/nsi\/produktas\/delta-multi-band-m100-universali-vienpuse-klijuojama-juosta\/","title":{"rendered":"DELTA MULTI BAND M100 universali vienpus\u0117 klijuojama juosta"},"content":{"rendered":"<ul>\n<li>Skirta vis\u0173 tip\u0173 pl\u0117veli\u0173 sujungimui. Taip pat tinka j\u0173 remontui.<\/li>\n<li>U\u017etikrina ypatingai stipr\u0173 sujungim\u0105.<\/li>\n<li>Montavimo temperat\u016bra: nuo +5\u00b0C<\/li>\n<li>Darbin\u0117 temperat\u016bra: -40\u00b0C \u2026+80\u00b0C<\/li>\n<li>Juostos matmenys: 100 mm x 25 m<\/li>\n<\/ul>\n","protected":false},"excerpt":{"rendered":"<p>Delta Multi Band M100 universali vienpus\u0117 klijuojama juosta yra ideali priemon\u0117, skirta vis\u0173 tip\u0173 pl\u0117veli\u0173 sujungimui ir remontui. Suformuota tam, kad u\u017etikrint\u0173 ypatingai stipr\u0173 sujungim\u0105, \u0161i juosta yra puikus pasirinkimas tiek profesionalams, tiek amatininkams.<\/p>\n<h2>\u017demos ir Auk\u0161tos Temperat\u016bros Darbas<\/h2>\n<p>Juosta veikia efektyviai esant montavimo temperat\u016brai nuo 5\u00b0C. Jos darbin\u0117 temperat\u016bra svyruoja nuo -40\u00b0C iki 80\u00b0C, tod\u0117l tinka naudoti \u012fvairiose aplinkose.<\/p>\n<h2>Juostos Matmenys<\/h2>\n<p>Delta Multi Band M100 juostos matmenys yra 100 mm x 25 m, tad tai u\u017etikrina pakankamai med\u017eiagos \u012fvairiems projektams. Pasirinkus \u0161i\u0105 juost\u0105, galite b\u016bti tikri d\u0117l patikimo ir ilgaam\u017ei\u0161ko sprendimo.<\/p>\n","protected":false},"featured_media":880,"comment_status":"open","ping_status":"closed","template":"","meta":[],"product_brand":[],"product_cat":[51],"product_tag":[52],"class_list":{"0":"post-879","1":"product","2":"type-product","3":"status-publish","4":"has-post-thumbnail","6":"product_cat-plevele","7":"product_tag-plevele","9":"first","10":"outofstock","11":"taxable","12":"shipping-taxable","13":"product-type-simple"},"jetpack_sharing_enabled":true,"_links":{"self":[{"href":"https:\/\/vygandaslepsys.lt\/nsi\/wp-json\/wp\/v2\/product\/879","targetHints":{"allow":["GET"]}}],"collection":[{"href":"https:\/\/vygandaslepsys.lt\/nsi\/wp-json\/wp\/v2\/product"}],"about":[{"href":"https:\/\/vygandaslepsys.lt\/nsi\/wp-json\/wp\/v2\/types\/product"}],"replies":[{"embeddable":true,"href":"https:\/\/vygandaslepsys.lt\/nsi\/wp-json\/wp\/v2\/comments?post=879"}],"wp:featuredmedia":[{"embeddable":true,"href":"https:\/\/vygandaslepsys.lt\/nsi\/wp-json\/wp\/v2\/media\/880"}],"wp:attachment":[{"href":"https:\/\/vygandaslepsys.lt\/nsi\/wp-json\/wp\/v2\/media?parent=879"}],"wp:term":[{"taxonomy":"product_brand","embeddable":true,"href":"https:\/\/vygandaslepsys.lt\/nsi\/wp-json\/wp\/v2\/product_brand?post=879"},{"taxonomy":"product_cat","embeddable":true,"href":"https:\/\/vygandaslepsys.lt\/nsi\/wp-json\/wp\/v2\/product_cat?post=879"},{"taxonomy":"product_tag","embeddable":true,"href":"https:\/\/vygandaslepsys.lt\/nsi\/wp-json\/wp\/v2\/product_tag?post=879"}],"curies":[{"name":"wp","href":"https:\/\/api.w.org\/{rel}","templated":true}]}}