{"id":882,"date":"2024-11-28T18:06:26","date_gmt":"2024-11-28T18:06:26","guid":{"rendered":"https:\/\/www.nsi.lt\/?post_type=product&#038;p=882"},"modified":"2024-11-28T18:06:27","modified_gmt":"2024-11-28T18:06:27","slug":"delta-shaum-band-sb60-lipni-sandarinanti-juosta","status":"publish","type":"product","link":"https:\/\/vygandaslepsys.lt\/nsi\/produktas\/delta-shaum-band-sb60-lipni-sandarinanti-juosta\/","title":{"rendered":"DELTA SHAUM-BAND SB60 lipni sandarinanti juosta"},"content":{"rendered":"<ul>\n<li>Lipni sandarinanti juosta i\u0161 p\u016bsto polietileno.<\/li>\n<li>Impregnuota vanden\u012f atstumian\u010diais priedais.<\/li>\n<li>Skirta gegni\u0173 apsaugai nuo vandens prasiskverbimo vini\u0173 tvirtinimo vietose.<\/li>\n<li>Spalvva &#8211; m\u0117lyna.<\/li>\n<li>Montavimo temperat\u016bra: nuo +5 laipsni\u0173 pagal Celsij\u0173.<\/li>\n<li>Storis: 3 mm.<\/li>\n<li>Juostos matmenys: 60 mm x 30 m.<\/li>\n<li><strong>\u0160iuo metu turime sand\u0117lyje.<\/strong><\/li>\n<\/ul>\n","protected":false},"excerpt":{"rendered":"<h2>Ap\u017evalga<\/h2>\n<p>Delta Shaum-Band SB60 yra lipni sandarinanti juosta, pagaminta i\u0161 p\u016bsto polietileno. \u0160i juosta efektyviai apsaugo gegnes nuo vandens prasiskverbimo, ypa\u010d ten, kur \u012frengiamos vinys, u\u017etikrinant ilgaam\u017ei\u0161kum\u0105 ir patikimum\u0105.<\/p>\n<h2>Vandeniui Atstumiantis Priedas<\/h2>\n<p>Juosta impregnuota vanden\u012f atstumian\u010diais priedais, tod\u0117l naudojant Delta Shaum-Band SB60, suma\u017einama rizika, kad dr\u0117gm\u0117 pateks \u012f konstrukcij\u0105. Tai ypa\u010d svarbu statybose, siekiant u\u017ekirsti keli\u0105 gedimams.<\/p>\n<h2>Techniniai Duomenys<\/h2>\n<p>Delta Shaum-Band SB60 juostos storis yra 3 mm, o jos matmenys \u2013 60 mm x 30 m. Juostai montuoti rekomenduojama temperat\u016bra yra nuo 5 laipsni\u0173 pagal Celsij\u0173.<\/p>\n","protected":false},"featured_media":883,"comment_status":"open","ping_status":"closed","template":"","meta":[],"product_brand":[],"product_cat":[51],"product_tag":[52],"class_list":{"0":"post-882","1":"product","2":"type-product","3":"status-publish","4":"has-post-thumbnail","6":"product_cat-plevele","7":"product_tag-plevele","9":"first","10":"outofstock","11":"taxable","12":"shipping-taxable","13":"product-type-simple"},"jetpack_sharing_enabled":true,"_links":{"self":[{"href":"https:\/\/vygandaslepsys.lt\/nsi\/wp-json\/wp\/v2\/product\/882","targetHints":{"allow":["GET"]}}],"collection":[{"href":"https:\/\/vygandaslepsys.lt\/nsi\/wp-json\/wp\/v2\/product"}],"about":[{"href":"https:\/\/vygandaslepsys.lt\/nsi\/wp-json\/wp\/v2\/types\/product"}],"replies":[{"embeddable":true,"href":"https:\/\/vygandaslepsys.lt\/nsi\/wp-json\/wp\/v2\/comments?post=882"}],"wp:featuredmedia":[{"embeddable":true,"href":"https:\/\/vygandaslepsys.lt\/nsi\/wp-json\/wp\/v2\/media\/883"}],"wp:attachment":[{"href":"https:\/\/vygandaslepsys.lt\/nsi\/wp-json\/wp\/v2\/media?parent=882"}],"wp:term":[{"taxonomy":"product_brand","embeddable":true,"href":"https:\/\/vygandaslepsys.lt\/nsi\/wp-json\/wp\/v2\/product_brand?post=882"},{"taxonomy":"product_cat","embeddable":true,"href":"https:\/\/vygandaslepsys.lt\/nsi\/wp-json\/wp\/v2\/product_cat?post=882"},{"taxonomy":"product_tag","embeddable":true,"href":"https:\/\/vygandaslepsys.lt\/nsi\/wp-json\/wp\/v2\/product_tag?post=882"}],"curies":[{"name":"wp","href":"https:\/\/api.w.org\/{rel}","templated":true}]}}