{"id":884,"date":"2024-11-28T18:09:20","date_gmt":"2024-11-28T18:09:20","guid":{"rendered":"https:\/\/www.nsi.lt\/?post_type=product&#038;p=884"},"modified":"2024-11-28T18:09:24","modified_gmt":"2024-11-28T18:09:24","slug":"delta-multi-band-m60-universali-vienpuse-klijuojamoji-juosta","status":"publish","type":"product","link":"https:\/\/vygandaslepsys.lt\/nsi\/produktas\/delta-multi-band-m60-universali-vienpuse-klijuojamoji-juosta\/","title":{"rendered":"DELTA MULTI BAND M60 universali vienpus\u0117 klijuojamoji juosta"},"content":{"rendered":"<ul>\n<li>Skirta vis\u0173 tip\u0173 pl\u0117veli\u0173 sujungimui. Taip pat tinka j\u0173 remontui.<\/li>\n<li>U\u017etikrina ypatingai stipr\u0173 sujungim\u0105.<\/li>\n<li>Montavimo temperat\u016bra: nuo +5\u00b0C<\/li>\n<li>Darbin\u0117 temperat\u016bra: -40\u00b0C \u2026+80\u00b0C<\/li>\n<li>Juostos matmenys: 60 mm x 25 m<\/li>\n<\/ul>\n","protected":false},"excerpt":{"rendered":"<h2>Pristatome Delta Multi Band M60<\/h2>\n<p>Delta Multi Band M60 yra universali vienpus\u0117 klijuojamoji juosta, skirta vis\u0173 tip\u0173 pl\u0117veli\u0173 sujungimui. \u0160i juosta puikiai tinka ne tik jungimams, bet ir pl\u0117veli\u0173 remontui. Jos ypatyb\u0117 yra ypatingai stiprus sujungimas, u\u017etikrinantis ilgalaik\u012f tvirtum\u0105.<\/p>\n<h2>Technin\u0117s charakteristikos<\/h2>\n<p>Delta Multi Band M60 veikimo temperat\u016bra svyruoja nuo -40\u00b0C iki 80\u00b0C, o montavimo temperat\u016bra &#8211; nuo 5\u00b0C. Su 60 mm plo\u010dio ir 25 m ilgio juosta, ji puikiai prisitaiko prie \u012fvairi\u0173 projekt\u0173.<\/p>\n<h2>Paskirtis ir privalumai<\/h2>\n<p>Naudodami Delta Multi Band M60, galite u\u017etikrinti, kad J\u016bs\u0173 pl\u0117veli\u0173 sujungimas bus tvirtas ir patikimas. Tai ideali pasirinkimas tiek profesionalams, tiek m\u0117g\u0117jams, siekiantiems kokyb\u0117s.<\/p>\n","protected":false},"featured_media":885,"comment_status":"open","ping_status":"closed","template":"","meta":[],"product_brand":[],"product_cat":[51],"product_tag":[52],"class_list":{"0":"post-884","1":"product","2":"type-product","3":"status-publish","4":"has-post-thumbnail","6":"product_cat-plevele","7":"product_tag-plevele","9":"first","10":"outofstock","11":"taxable","12":"shipping-taxable","13":"product-type-simple"},"jetpack_sharing_enabled":true,"_links":{"self":[{"href":"https:\/\/vygandaslepsys.lt\/nsi\/wp-json\/wp\/v2\/product\/884","targetHints":{"allow":["GET"]}}],"collection":[{"href":"https:\/\/vygandaslepsys.lt\/nsi\/wp-json\/wp\/v2\/product"}],"about":[{"href":"https:\/\/vygandaslepsys.lt\/nsi\/wp-json\/wp\/v2\/types\/product"}],"replies":[{"embeddable":true,"href":"https:\/\/vygandaslepsys.lt\/nsi\/wp-json\/wp\/v2\/comments?post=884"}],"wp:featuredmedia":[{"embeddable":true,"href":"https:\/\/vygandaslepsys.lt\/nsi\/wp-json\/wp\/v2\/media\/885"}],"wp:attachment":[{"href":"https:\/\/vygandaslepsys.lt\/nsi\/wp-json\/wp\/v2\/media?parent=884"}],"wp:term":[{"taxonomy":"product_brand","embeddable":true,"href":"https:\/\/vygandaslepsys.lt\/nsi\/wp-json\/wp\/v2\/product_brand?post=884"},{"taxonomy":"product_cat","embeddable":true,"href":"https:\/\/vygandaslepsys.lt\/nsi\/wp-json\/wp\/v2\/product_cat?post=884"},{"taxonomy":"product_tag","embeddable":true,"href":"https:\/\/vygandaslepsys.lt\/nsi\/wp-json\/wp\/v2\/product_tag?post=884"}],"curies":[{"name":"wp","href":"https:\/\/api.w.org\/{rel}","templated":true}]}}