{"id":886,"date":"2024-11-28T18:12:27","date_gmt":"2024-11-28T18:12:27","guid":{"rendered":"https:\/\/www.nsi.lt\/?post_type=product&#038;p=886"},"modified":"2024-11-28T18:13:36","modified_gmt":"2024-11-28T18:13:36","slug":"delta-reflex-garo-izoliacine-plevele","status":"publish","type":"product","link":"https:\/\/vygandaslepsys.lt\/nsi\/produktas\/delta-reflex-garo-izoliacine-plevele\/","title":{"rendered":"DELTA &#8211; REFLEX garo izoliacin\u0117 pl\u0117vel\u0117"},"content":{"rendered":"<ul>\n<li>Armuota ketursluoksn\u0117 garo izoliacin\u0117 pl\u0117vel\u0117 su atspindin\u010diu sluoksniu.<\/li>\n<li>Med\u017eiaga: aliuminis, poliesteris, polipropilenas, polietileno tinklelis, 4 sluoksniai.<\/li>\n<li>Mas\u0117: 180 g\/kv.m2.<\/li>\n<li>Atsparumas pl\u0117\u0161imui: i\u0161ilgai ir skersai plau\u0161ui: 400 N\/5cm.<\/li>\n<li>Ekivalentinis vandens gar\u0173 difuzijos storis Sd: daugiau 150 m.<\/li>\n<li>Rulono matmenys: 1,5 x 50m (rul. 75 kv.m.)<\/li>\n<li>Ypa\u010d rekomenduojama plok\u0161\u012fi\u0173 stogu renovacijai, taip pat \u012frengiant \u0161ildomas girndis.<\/li>\n<\/ul>\n","protected":false},"excerpt":{"rendered":"<h2>Ap\u017evalga<\/h2>\n<p>Delta &#8211; Reflex garo izoliacin\u0117 pl\u0117vel\u0117 yra i\u0161skirtinis produktas, suteikiantis optimal\u0173 sprendim\u0105 stog\u0173 renovacijai. \u0160i armuota ketursluoksn\u0117 pl\u0117vel\u0117 efektyviai apsaugo nuo dr\u0117gm\u0117s ir sukuria patikim\u0105 izoliacij\u0105.<\/p>\n<h2>Med\u017eiagos savyb\u0117s<\/h2>\n<p>Pagaminta i\u0161 aliuminio, poliesterio, polipropileno ir polietileno tinklelio, \u0161i pl\u0117vel\u0117 pasi\u017eymi dideliu atsparumu pl\u0117\u0161imui, tiek i\u0161ilgai, tiek skersai plau\u0161ui, \u2013 400 n\/5cm. Mas\u0117 siekia 180 g\/kv.m2.<\/p>\n<h2>Panaudojimas<\/h2>\n<p>Delta &#8211; Reflex pl\u0117vel\u0117 ypa\u010d rekomenduojama plok\u0161\u010di\u0173 stog\u0173 renovacijai ir \u0161ildomoms grindims. Su rulono matmenimis 1,5 x 50m (75 kv.m.) ji yra patogus pasirinkimas bet kuriai statybai.<\/p>\n","protected":false},"featured_media":890,"comment_status":"open","ping_status":"closed","template":"","meta":[],"product_brand":[],"product_cat":[51],"product_tag":[52],"class_list":{"0":"post-886","1":"product","2":"type-product","3":"status-publish","4":"has-post-thumbnail","6":"product_cat-plevele","7":"product_tag-plevele","9":"first","10":"outofstock","11":"taxable","12":"shipping-taxable","13":"product-type-simple"},"jetpack_sharing_enabled":true,"_links":{"self":[{"href":"https:\/\/vygandaslepsys.lt\/nsi\/wp-json\/wp\/v2\/product\/886","targetHints":{"allow":["GET"]}}],"collection":[{"href":"https:\/\/vygandaslepsys.lt\/nsi\/wp-json\/wp\/v2\/product"}],"about":[{"href":"https:\/\/vygandaslepsys.lt\/nsi\/wp-json\/wp\/v2\/types\/product"}],"replies":[{"embeddable":true,"href":"https:\/\/vygandaslepsys.lt\/nsi\/wp-json\/wp\/v2\/comments?post=886"}],"wp:featuredmedia":[{"embeddable":true,"href":"https:\/\/vygandaslepsys.lt\/nsi\/wp-json\/wp\/v2\/media\/890"}],"wp:attachment":[{"href":"https:\/\/vygandaslepsys.lt\/nsi\/wp-json\/wp\/v2\/media?parent=886"}],"wp:term":[{"taxonomy":"product_brand","embeddable":true,"href":"https:\/\/vygandaslepsys.lt\/nsi\/wp-json\/wp\/v2\/product_brand?post=886"},{"taxonomy":"product_cat","embeddable":true,"href":"https:\/\/vygandaslepsys.lt\/nsi\/wp-json\/wp\/v2\/product_cat?post=886"},{"taxonomy":"product_tag","embeddable":true,"href":"https:\/\/vygandaslepsys.lt\/nsi\/wp-json\/wp\/v2\/product_tag?post=886"}],"curies":[{"name":"wp","href":"https:\/\/api.w.org\/{rel}","templated":true}]}}