{"id":891,"date":"2024-11-28T18:19:14","date_gmt":"2024-11-28T18:19:14","guid":{"rendered":"https:\/\/www.nsi.lt\/?post_type=product&#038;p=891"},"modified":"2024-11-28T18:19:15","modified_gmt":"2024-11-28T18:19:15","slug":"rheinzink-lietaus-nuvedimo-sistema","status":"publish","type":"product","link":"https:\/\/vygandaslepsys.lt\/nsi\/produktas\/rheinzink-lietaus-nuvedimo-sistema\/","title":{"rendered":"RHEINZINK lietaus nuvedimo sistema"},"content":{"rendered":"<ul>\n<li>Rheinzink &#8211; tai daugyb\u0117 form\u0173 ir individualaus panaudojimo galimyb\u0117s.<\/li>\n<li>Galimi trys pavir\u0161iaus variantai:<\/li>\n<li>Bizgantis pilkas pavir\u0161ius, veikiamas oro, ilgainiui pasidengia nat\u016bralia melsvai pilkos spalvos patina.<\/li>\n<li>Gamykli\u0161kai suteikta melsvai pilka spalva.<\/li>\n<li>Gamykli\u0161kai suteikta tamsiai pilka spalva.<\/li>\n<\/ul>\n","protected":false},"excerpt":{"rendered":"<h2>Kas yra Rheinzink lietaus nuvedimo sistema?<\/h2>\n<p>Rheinzink lietaus nuvedimo sistema yra inovatori\u0161ka ir patvari pasirinkimo galimyb\u0117, skirta jums. Jos daugialyp\u0117s formos ir individualaus panaudojimo galimyb\u0117s leid\u017eia pritaikyti \u0161i\u0105 sistem\u0105 prie bet kokio projekto.<\/p>\n<h2>Pavir\u0161iaus variantai<\/h2>\n<p>Rheinzink si\u016blo tris skirtingus pavir\u0161iaus variantus: bizgantis pilkas pavir\u0161ius, kuris laikui b\u0117gant pasidengia nat\u016bralia melsvai pilkos spalvos patina, gamykli\u0161kai suteikta melsvai pilka spalva ir gamykli\u0161kai suteikta tamsiai pilka spalva. Kiekvienas variantas prisideda prie estetin\u0117s ir funkcin\u0117s vert\u0117s.<\/p>\n<p>Rheinzink lietaus nuvedimo sistema u\u017etikrina ne tik funkcionalum\u0105, bet ir \u017eav\u0173 dizain\u0105, kuris gali papildyti j\u016bs\u0173 nam\u0173 i\u0161or\u0119. Pasirinkite savo atspalv\u012f ir m\u0117gaukit\u0117s ilgalaikiu patvarumu.<\/p>\n","protected":false},"featured_media":892,"comment_status":"open","ping_status":"closed","template":"","meta":[],"product_brand":[],"product_cat":[53],"product_tag":[55,54],"class_list":{"0":"post-891","1":"product","2":"type-product","3":"status-publish","4":"has-post-thumbnail","6":"product_cat-lietaus-nuvedimo-sistema","7":"product_tag-lietaus-nuvedimo-sistema","8":"product_tag-rheinzink","10":"first","11":"outofstock","12":"taxable","13":"shipping-taxable","14":"product-type-simple"},"jetpack_sharing_enabled":true,"_links":{"self":[{"href":"https:\/\/vygandaslepsys.lt\/nsi\/wp-json\/wp\/v2\/product\/891","targetHints":{"allow":["GET"]}}],"collection":[{"href":"https:\/\/vygandaslepsys.lt\/nsi\/wp-json\/wp\/v2\/product"}],"about":[{"href":"https:\/\/vygandaslepsys.lt\/nsi\/wp-json\/wp\/v2\/types\/product"}],"replies":[{"embeddable":true,"href":"https:\/\/vygandaslepsys.lt\/nsi\/wp-json\/wp\/v2\/comments?post=891"}],"wp:featuredmedia":[{"embeddable":true,"href":"https:\/\/vygandaslepsys.lt\/nsi\/wp-json\/wp\/v2\/media\/892"}],"wp:attachment":[{"href":"https:\/\/vygandaslepsys.lt\/nsi\/wp-json\/wp\/v2\/media?parent=891"}],"wp:term":[{"taxonomy":"product_brand","embeddable":true,"href":"https:\/\/vygandaslepsys.lt\/nsi\/wp-json\/wp\/v2\/product_brand?post=891"},{"taxonomy":"product_cat","embeddable":true,"href":"https:\/\/vygandaslepsys.lt\/nsi\/wp-json\/wp\/v2\/product_cat?post=891"},{"taxonomy":"product_tag","embeddable":true,"href":"https:\/\/vygandaslepsys.lt\/nsi\/wp-json\/wp\/v2\/product_tag?post=891"}],"curies":[{"name":"wp","href":"https:\/\/api.w.org\/{rel}","templated":true}]}}