{"id":894,"date":"2024-11-28T18:23:16","date_gmt":"2024-11-28T18:23:16","guid":{"rendered":"https:\/\/www.nsi.lt\/?post_type=product&#038;p=894"},"modified":"2024-11-28T18:27:31","modified_gmt":"2024-11-28T18:27:31","slug":"schiedel-rondo-plius-kaminas","status":"publish","type":"product","link":"https:\/\/vygandaslepsys.lt\/nsi\/produktas\/schiedel-rondo-plius-kaminas\/","title":{"rendered":"Schiedel RONDO PLIUS kaminas"},"content":{"rendered":"<ul>\n<li><strong>Klasikinis izoliuotasis kaminas<\/strong>\u00a0pasi\u017eymi trisluoksne, dr\u0117gmei atsparia konstrukcija su v\u0117dinimo funkcija, izoliacija ir keraminiu vidiniu vamzd\u017eiu<\/li>\n<li>Skirtas d\u016bmams pa\u0161alinti i\u0161 prietais\u0173,\u00a0<strong>naudojan\u010di\u0173 ir nenaudojan\u010di\u0173 patalpos or\u0105<\/strong>\u00a0ir dujin\u012f, skyst\u0105j\u012f arba kiet\u0105j\u012f kur\u0105<\/li>\n<li>Tradicinei \u0161ildymo technikai skirta patikima kamino sistema<\/li>\n<li>Didelis atsparumas r\u016bg\u0161tims ir temperat\u016bros svyravimui<\/li>\n<li>V\u0117dinimas apsaugo nuo dr\u0117gm\u0117s neigiamo poveikio<\/li>\n<li>Ilgaam\u017ei\u0161kumas d\u0117l kamino keramini\u0173 vamzd\u017ei\u0173<\/li>\n<li>Paprasta projektuoti: skirtingo skersmens vamzd\u017eiai integruojami \u012f to paties dyd\u017eio blokelius.<\/li>\n<\/ul>\n","protected":false},"excerpt":{"rendered":"<h2>Kas yra Schiedel Rondo Plius Kaminas?<\/h2>\n<p>Schiedel Rondo Plius kaminas yra moderni, klasikin\u0117 izoliuotoji kamin\u0173 sistema, sukurta taip, kad u\u017etikrint\u0173 optimal\u0173 d\u016bm\u0173 pa\u0161alinim\u0105. \u0160is kaminas pasi\u017eymi trisluoksne konstrukcija, kuri yra atspari dr\u0117gmei ir leid\u017eia efektyviai v\u0117dinti patalpas.<\/p>\n<h2>Pagrindin\u0117s Privalumai<\/h2>\n<p>Su keraminiu vidiniu vamzd\u017eiu ir izoliacija, Schiedel Rondo Plius kaminas u\u017etikrina patikim\u0105 d\u016bm\u0173 i\u0161metim\u0105 i\u0161 \u012fvairi\u0173 \u0161ildymo prietais\u0173. Jo didelis atsparumas r\u016bg\u0161tims ir temperat\u016bros svyravimui prisideda prie ilgaam\u017ei\u0161kumo.<\/p>\n<h2>Lengvas Projektavimas<\/h2>\n<p>Papras\u010diausiai projektuojamas, Schiedel Rondo Plius kamino sistema leid\u017eia integruoti \u012fvairi\u0173 skersmeni\u0173 vamzd\u017eius \u012f to paties dyd\u017eio blokelius, taip palengvinant \u012frengimo proces\u0105.<\/p>\n","protected":false},"featured_media":895,"comment_status":"open","ping_status":"closed","template":"","meta":[],"product_brand":[],"product_cat":[56],"product_tag":[57,59],"class_list":{"0":"post-894","1":"product","2":"type-product","3":"status-publish","4":"has-post-thumbnail","6":"product_cat-kaminu-sistemos","7":"product_tag-kaminas","8":"product_tag-schiedel","10":"first","11":"outofstock","12":"taxable","13":"shipping-taxable","14":"product-type-simple"},"jetpack_sharing_enabled":true,"_links":{"self":[{"href":"https:\/\/vygandaslepsys.lt\/nsi\/wp-json\/wp\/v2\/product\/894","targetHints":{"allow":["GET"]}}],"collection":[{"href":"https:\/\/vygandaslepsys.lt\/nsi\/wp-json\/wp\/v2\/product"}],"about":[{"href":"https:\/\/vygandaslepsys.lt\/nsi\/wp-json\/wp\/v2\/types\/product"}],"replies":[{"embeddable":true,"href":"https:\/\/vygandaslepsys.lt\/nsi\/wp-json\/wp\/v2\/comments?post=894"}],"wp:featuredmedia":[{"embeddable":true,"href":"https:\/\/vygandaslepsys.lt\/nsi\/wp-json\/wp\/v2\/media\/895"}],"wp:attachment":[{"href":"https:\/\/vygandaslepsys.lt\/nsi\/wp-json\/wp\/v2\/media?parent=894"}],"wp:term":[{"taxonomy":"product_brand","embeddable":true,"href":"https:\/\/vygandaslepsys.lt\/nsi\/wp-json\/wp\/v2\/product_brand?post=894"},{"taxonomy":"product_cat","embeddable":true,"href":"https:\/\/vygandaslepsys.lt\/nsi\/wp-json\/wp\/v2\/product_cat?post=894"},{"taxonomy":"product_tag","embeddable":true,"href":"https:\/\/vygandaslepsys.lt\/nsi\/wp-json\/wp\/v2\/product_tag?post=894"}],"curies":[{"name":"wp","href":"https:\/\/api.w.org\/{rel}","templated":true}]}}