{"id":897,"date":"2024-11-28T18:26:34","date_gmt":"2024-11-28T18:26:34","guid":{"rendered":"https:\/\/www.nsi.lt\/?post_type=product&#038;p=897"},"modified":"2024-11-28T18:26:35","modified_gmt":"2024-11-28T18:26:35","slug":"schiedel-absolut-kaminas","status":"publish","type":"product","link":"https:\/\/vygandaslepsys.lt\/nsi\/produktas\/schiedel-absolut-kaminas\/","title":{"rendered":"Schiedel ABSOLUT kaminas"},"content":{"rendered":"<ul>\n<li>Energij\u0105 taupantis kaminas skirtas energeti\u0161kai efektyviems ir sandariems namas, skirtas vis\u0173 r\u016b\u0161i\u0173 \u012frenginiams:\u00a0<strong>naudojantiems ir nenaudojantiems patalpos or\u0105<\/strong><\/li>\n<li>Blokeliai su \u0161ilumos izoliacijos sluoksniu ir termo blokeliai u\u017etikrina\u00a0<strong>didel\u012f energijos taupym\u0105<\/strong>\u00a0ir\u00a0<strong>ma\u017eesn\u012f i\u0161metam\u0173 ter\u0161al\u0173 CO<sub>2<\/sub><\/strong>\u00a0<strong>kiek\u012f<\/strong><\/li>\n<li>Suteikiama 30 met\u0173 \u201eSchiedel\u201c garantija<\/li>\n<li>Pastate nelieka \u0161al\u010dio tilt\u0173<\/li>\n<li>Gyvenamosiose patalpose nesusidaro pel\u0117sio<\/li>\n<li>Kaminas ir prijungtas prietaisas veikia saugiai<\/li>\n<li>Pavir\u0161iaus temperat\u016bra = 13,7 \u00b0C<\/li>\n<li>Energijos taupymas<\/li>\n<\/ul>\n","protected":false},"excerpt":{"rendered":"<h2>Kas yra Schiedel Absolut Kaminas?<\/h2>\n<p>Schiedel Absolut kaminas yra energij\u0105 taupantis sprendimas, skirtas energeti\u0161kai efektyviems ir sandariems namams. \u0160is kaminas yra tinkamas vis\u0173 r\u016b\u0161i\u0173 \u012frenginiams, kurie naudoja arba nenaudoja patalpos oro.<\/p>\n<h2>Technin\u0117s Charakteristikos<\/h2>\n<p>Schiedel kaminas pasi\u017eymi blokeliais su \u0161ilumos izoliacijos sluoksniu ir termo blokeliais, u\u017etikrinan\u010diais didel\u012f energijos taupym\u0105. D\u0117l \u0161i\u0173 savybi\u0173, i\u0161metam\u0173 ter\u0161al\u0173 CO2 kiekis yra ma\u017eesnis, tod\u0117l tai puikus pasirinkimas ekologi\u0161kam gyvenimui.<\/p>\n<h2>Ilgalaik\u0117 Garantija ir Saugumas<\/h2>\n<p>Schiedel suteikia 30 met\u0173 garantij\u0105, tad galite b\u016bti tikri savo pasirinkimu. Kaminas veikia saugiai, o jo pavir\u0161iaus temperat\u016bra siekia vos 13,7 \u00b0C. Namo viduje nelieka \u0161al\u010dio tilt\u0173, tod\u0117l nesusidaro pel\u0117sis.<\/p>\n","protected":false},"featured_media":898,"comment_status":"open","ping_status":"closed","template":"","meta":[],"product_brand":[],"product_cat":[56],"product_tag":[57,59],"class_list":{"0":"post-897","1":"product","2":"type-product","3":"status-publish","4":"has-post-thumbnail","6":"product_cat-kaminu-sistemos","7":"product_tag-kaminas","8":"product_tag-schiedel","10":"first","11":"outofstock","12":"taxable","13":"shipping-taxable","14":"product-type-simple"},"jetpack_sharing_enabled":true,"_links":{"self":[{"href":"https:\/\/vygandaslepsys.lt\/nsi\/wp-json\/wp\/v2\/product\/897","targetHints":{"allow":["GET"]}}],"collection":[{"href":"https:\/\/vygandaslepsys.lt\/nsi\/wp-json\/wp\/v2\/product"}],"about":[{"href":"https:\/\/vygandaslepsys.lt\/nsi\/wp-json\/wp\/v2\/types\/product"}],"replies":[{"embeddable":true,"href":"https:\/\/vygandaslepsys.lt\/nsi\/wp-json\/wp\/v2\/comments?post=897"}],"wp:featuredmedia":[{"embeddable":true,"href":"https:\/\/vygandaslepsys.lt\/nsi\/wp-json\/wp\/v2\/media\/898"}],"wp:attachment":[{"href":"https:\/\/vygandaslepsys.lt\/nsi\/wp-json\/wp\/v2\/media?parent=897"}],"wp:term":[{"taxonomy":"product_brand","embeddable":true,"href":"https:\/\/vygandaslepsys.lt\/nsi\/wp-json\/wp\/v2\/product_brand?post=897"},{"taxonomy":"product_cat","embeddable":true,"href":"https:\/\/vygandaslepsys.lt\/nsi\/wp-json\/wp\/v2\/product_cat?post=897"},{"taxonomy":"product_tag","embeddable":true,"href":"https:\/\/vygandaslepsys.lt\/nsi\/wp-json\/wp\/v2\/product_tag?post=897"}],"curies":[{"name":"wp","href":"https:\/\/api.w.org\/{rel}","templated":true}]}}