{"id":903,"date":"2024-11-28T18:35:45","date_gmt":"2024-11-28T18:35:45","guid":{"rendered":"https:\/\/www.nsi.lt\/?post_type=product&#038;p=903"},"modified":"2024-11-28T18:35:45","modified_gmt":"2024-11-28T18:35:45","slug":"universali-hidroizoliacija-remmers-multi-baudicht-2k","status":"publish","type":"product","link":"https:\/\/vygandaslepsys.lt\/nsi\/produktas\/universali-hidroizoliacija-remmers-multi-baudicht-2k\/","title":{"rendered":"Universali hidroizoliacija Remmers Multi-Baudicht 2K"},"content":{"rendered":"<ul>\n<li>Ma\u017eos s\u0105naudos;<\/li>\n<li>Elastinga ir netr\u016bkin\u0117janti;<\/li>\n<li>Greitas d\u017ei\u016bvimas ir reakcija tik per 18 val.;<\/li>\n<li>Galima \u0161lamuoti, glaistyti ir purk\u0161ti;<\/li>\n<li>Didelis atsparumas spaudimui;<\/li>\n<li>Ma\u017edaug po 2 val. danga\u00a0 atspari lietui;<\/li>\n<li>Sukimba su visais mineraliniais ir bituminiais pavir\u0161iais;<\/li>\n<li>Naudojama ant vertikali\u0173 ir horizontali\u0173 pavir\u0161i\u0173 ir po dangomis.<\/li>\n<li><strong>\u0160iuo metu sand\u0117lyje neturime &#8211; u\u017esakomas produktas.<\/strong><\/li>\n<\/ul>\n","protected":false},"excerpt":{"rendered":"<h2>Produkto apra\u0161ymas<\/h2>\n<p>Universali hidroizoliacija Remmers Multi-Baudicht 2K yra patikimas sprendimas, skirtas efektyviai apsaugoti tiek vertikalius, tiek horizontalius pavir\u0161ius. Jo elastinga ir netr\u016bkin\u0117janti sud\u0117tis u\u017etikrina ilgaam\u017ei\u0161kum\u0105 ir didel\u012f atsparum\u0105 spaudimui.<\/p>\n<h2>Greitas d\u017ei\u016bvimas ir naudojimo galimyb\u0117s<\/h2>\n<p>\u0160is produktas i\u0161siskiria greitu d\u017ei\u016bvimu \u2013 reakcija \u012fvyksta vos per 18 valand\u0173. Be to, galima \u0161lamuoti, glaistyti ir purk\u0161ti, tod\u0117l jis yra ypa\u010d universalus. Po ma\u017edaug 2 valand\u0173 danga tampa atspari lietui, kas leid\u017eia dirbti \u012fvairiomis s\u0105lygomis.<\/p>\n<h2>Naudojimo instrukcijos ir i\u0161eiga<\/h2>\n<p>Prie\u0161 naudojant, rekomenduojama gruntavimas: 0,1 kg\/m\u00b2, o atitinkama i\u0161eiga multi-baudicht 2k dengimui yra apie 1,2 kg\/m\u00b2, leid\u017eianti pasiekti apie 1 mm sauso sluoksnio stor\u012f. \u0160iuo metu \u0161io produkto sand\u0117lyje neturime, jis yra u\u017esakomas.<\/p>\n","protected":false},"featured_media":904,"comment_status":"open","ping_status":"closed","template":"","meta":[],"product_brand":[],"product_cat":[60],"product_tag":[62,61],"class_list":{"0":"post-903","1":"product","2":"type-product","3":"status-publish","4":"has-post-thumbnail","6":"product_cat-impregnantai","7":"product_tag-impregnantas","8":"product_tag-remmers","10":"first","11":"outofstock","12":"taxable","13":"shipping-taxable","14":"product-type-simple"},"jetpack_sharing_enabled":true,"_links":{"self":[{"href":"https:\/\/vygandaslepsys.lt\/nsi\/wp-json\/wp\/v2\/product\/903","targetHints":{"allow":["GET"]}}],"collection":[{"href":"https:\/\/vygandaslepsys.lt\/nsi\/wp-json\/wp\/v2\/product"}],"about":[{"href":"https:\/\/vygandaslepsys.lt\/nsi\/wp-json\/wp\/v2\/types\/product"}],"replies":[{"embeddable":true,"href":"https:\/\/vygandaslepsys.lt\/nsi\/wp-json\/wp\/v2\/comments?post=903"}],"wp:featuredmedia":[{"embeddable":true,"href":"https:\/\/vygandaslepsys.lt\/nsi\/wp-json\/wp\/v2\/media\/904"}],"wp:attachment":[{"href":"https:\/\/vygandaslepsys.lt\/nsi\/wp-json\/wp\/v2\/media?parent=903"}],"wp:term":[{"taxonomy":"product_brand","embeddable":true,"href":"https:\/\/vygandaslepsys.lt\/nsi\/wp-json\/wp\/v2\/product_brand?post=903"},{"taxonomy":"product_cat","embeddable":true,"href":"https:\/\/vygandaslepsys.lt\/nsi\/wp-json\/wp\/v2\/product_cat?post=903"},{"taxonomy":"product_tag","embeddable":true,"href":"https:\/\/vygandaslepsys.lt\/nsi\/wp-json\/wp\/v2\/product_tag?post=903"}],"curies":[{"name":"wp","href":"https:\/\/api.w.org\/{rel}","templated":true}]}}