{"id":906,"date":"2024-11-28T18:39:17","date_gmt":"2024-11-28T18:39:17","guid":{"rendered":"https:\/\/www.nsi.lt\/?post_type=product&#038;p=906"},"modified":"2024-11-28T18:39:18","modified_gmt":"2024-11-28T18:39:18","slug":"muro-impregnavimo-pasta-remmers-funcosil-fc","status":"publish","type":"product","link":"https:\/\/vygandaslepsys.lt\/nsi\/produktas\/muro-impregnavimo-pasta-remmers-funcosil-fc\/","title":{"rendered":"M\u016bro impregnavimo pasta Remmers Funcosil FC"},"content":{"rendered":"<div class=\"remproduct-properties\">\n<ul>\n<li>Geras \u012fsig\u0117rimas<\/li>\n<li>Optimalus atsparumas \u0161armams<\/li>\n<li>Suma\u017einamas vandens \u012fsig\u0117rimas<\/li>\n<li>Ypa\u010d gera apsauga nuo drusk\u0173<\/li>\n<li>Geras pavir\u0161iaus sukibimas su kitais da\u017e\u0173 sluoksniais<\/li>\n<li>Geras atsparumas lietui<\/li>\n<li>Puikios\u00a0difuzin\u0117s savyb\u0117s<\/li>\n<li>Tinka plytoms, klinkeriui, kalkakmeniui, gamtiniam akmeniui ir tinkui.<\/li>\n<li><strong>\u0160iuo metu sand\u0117lyje neturime &#8211; u\u017esakomas produktas.<\/strong><\/li>\n<\/ul>\n<\/div>\n<div class=\"remproduct-apprate\">\n<p>I\u0161eiga<\/p>\n<ul>\n<li class=\"bodytext\">Priklausomai nuo pagrindo por\u0117tumo \u2013 apie 0,15 \u2013 0,20 l\/m\u00b2<\/li>\n<li class=\"bodytext\">Produkto i\u0161eiga nustatoma testuojant apie 1-2 m\u00b2 pavir\u0161iaus plot\u0105. \u0160iame plote gali b\u016bti nustatytas ir hidrofobizavimo veiksmingumas<\/li>\n<\/ul>\n<\/div>\n","protected":false},"excerpt":{"rendered":"<h2>Produktas ir jo privalumai<\/h2>\n<p>M\u016bro impregnavimo pasta Remmers Funcosil FC yra idealus pasirinkimas siekiant u\u017etikrinti optimal\u0173 atsparum\u0105 \u0161armams ir suma\u017einti vandens \u012fsig\u0117rim\u0105. \u0160i pasta suteikia puiki\u0105 apsaug\u0105 nuo drusk\u0173, tod\u0117l ji ypa\u010d naudinga \u012fvairioms pavir\u0161iaus med\u017eiagoms, tokioms kaip plytos, klinkeris ir gamtinis akmuo.<\/p>\n<h2>Panaudojimo galimyb\u0117s<\/h2>\n<p>Remmers Funcosil FC pasi\u017eymi geru pavir\u0161iaus sukibimu su kitais da\u017e\u0173 sluoksniais bei puikiomis difuzin\u0117mis savyb\u0117mis. Tai leid\u017eia lengvai ir efektyviai pritaikyti produkt\u0105, u\u017etikrinant ilgalaik\u0119 apsaug\u0105 ir estetin\u0119 i\u0161vaizd\u0105 \u012fvairiuose statiniuose.<\/p>\n<h2>I\u0161eiga<\/h2>\n<p>\u0160iuo metu Remmers Funcosil FC sand\u0117lyje neturime, ta\u010diau \u0161is produktas gali b\u016bti u\u017esakomas.<\/p>\n<p>I\u0161eiga priklauso nuo pagrindo por\u0117tumo ir yra ma\u017edaug 0,15 \u2013 0,20 l\/m\u00b2 bei nustatoma testuojant apie 1-2 m\u00b2 pavir\u0161iaus plot\u0105. I\u0161matuoti hidrofobizavimo efektyvum\u0105 galima \u0161iame plote.<\/p>\n","protected":false},"featured_media":907,"comment_status":"open","ping_status":"closed","template":"","meta":[],"product_brand":[],"product_cat":[60],"product_tag":[62,61],"class_list":{"0":"post-906","1":"product","2":"type-product","3":"status-publish","4":"has-post-thumbnail","6":"product_cat-impregnantai","7":"product_tag-impregnantas","8":"product_tag-remmers","10":"first","11":"outofstock","12":"taxable","13":"shipping-taxable","14":"product-type-simple"},"jetpack_sharing_enabled":true,"_links":{"self":[{"href":"https:\/\/vygandaslepsys.lt\/nsi\/wp-json\/wp\/v2\/product\/906","targetHints":{"allow":["GET"]}}],"collection":[{"href":"https:\/\/vygandaslepsys.lt\/nsi\/wp-json\/wp\/v2\/product"}],"about":[{"href":"https:\/\/vygandaslepsys.lt\/nsi\/wp-json\/wp\/v2\/types\/product"}],"replies":[{"embeddable":true,"href":"https:\/\/vygandaslepsys.lt\/nsi\/wp-json\/wp\/v2\/comments?post=906"}],"wp:featuredmedia":[{"embeddable":true,"href":"https:\/\/vygandaslepsys.lt\/nsi\/wp-json\/wp\/v2\/media\/907"}],"wp:attachment":[{"href":"https:\/\/vygandaslepsys.lt\/nsi\/wp-json\/wp\/v2\/media?parent=906"}],"wp:term":[{"taxonomy":"product_brand","embeddable":true,"href":"https:\/\/vygandaslepsys.lt\/nsi\/wp-json\/wp\/v2\/product_brand?post=906"},{"taxonomy":"product_cat","embeddable":true,"href":"https:\/\/vygandaslepsys.lt\/nsi\/wp-json\/wp\/v2\/product_cat?post=906"},{"taxonomy":"product_tag","embeddable":true,"href":"https:\/\/vygandaslepsys.lt\/nsi\/wp-json\/wp\/v2\/product_tag?post=906"}],"curies":[{"name":"wp","href":"https:\/\/api.w.org\/{rel}","templated":true}]}}