{"id":909,"date":"2024-11-28T18:43:06","date_gmt":"2024-11-28T18:43:06","guid":{"rendered":"https:\/\/www.nsi.lt\/?post_type=product&#038;p=909"},"modified":"2024-11-28T18:43:07","modified_gmt":"2024-11-28T18:43:07","slug":"sniego-gaudytuvo-vamzdis-ilgis-2-m-metalinis","status":"publish","type":"product","link":"https:\/\/vygandaslepsys.lt\/nsi\/produktas\/sniego-gaudytuvo-vamzdis-ilgis-2-m-metalinis\/","title":{"rendered":"Sniego gaudytuvo vamzdis, ilgis 2 m, metalinis"},"content":{"rendered":"<p>Galimos spalvos &#8211; raudona, ruda, juoda ir kt.<\/p>\n","protected":false},"excerpt":{"rendered":"<h2>Produkto apra\u0161ymas<\/h2>\n<p>Nors \u017eiem\u0105 sniegas gali b\u016bti gra\u017eus, jo valymas gali tapti tikra na\u0161ta. M\u016bs\u0173 metalinis sniego gaudytuvo vamzdis, kurio ilgis siekia 2 metrus, yra puikus sprendimas \u0161iam i\u0161\u0161\u016bkiui. Sukurtas tam, kad palengvint\u0173 sniego surinkim\u0105, \u0161is vamzdis yra ir funkcionalus, ir patvarus.<\/p>\n<h2>Galimos spalvos<\/h2>\n<p>\u0160is sniego gaudytuvo vamzdis yra prieinamas keliomis spalvomis, \u012fskaitant raudon\u0105, rud\u0105, juod\u0105 ir kitas. Tokiu b\u016bdu j\u016bs galite pasirinkti spalv\u0105, kuri geriausiai atitinka j\u016bs\u0173 stili\u0173 bei pageidavimus.<\/p>\n<h2>Kod\u0117l verta rinktis \u0161\u012f produkt\u0105?<\/h2>\n<p>Pasirink\u0119 m\u016bs\u0173 metalin\u012f sniego gaudytuvo vamzd\u012f, j\u016bs investuojate \u012f kokyb\u0119 ir ilgaam\u017ei\u0161kum\u0105. D\u0117l savo tvirtos konstrukcijos jis puikiai atlaiko net ir sunkius \u017eieminius i\u0161bandymus.<\/p>\n","protected":false},"featured_media":910,"comment_status":"open","ping_status":"closed","template":"","meta":[],"product_brand":[],"product_cat":[63],"product_tag":[64,65],"class_list":{"0":"post-909","1":"product","2":"type-product","3":"status-publish","4":"has-post-thumbnail","6":"product_cat-priedai","7":"product_tag-priedai","8":"product_tag-sniego-gaudytuvo-vamzdeis","10":"first","11":"outofstock","12":"taxable","13":"shipping-taxable","14":"product-type-simple"},"jetpack_sharing_enabled":true,"_links":{"self":[{"href":"https:\/\/vygandaslepsys.lt\/nsi\/wp-json\/wp\/v2\/product\/909","targetHints":{"allow":["GET"]}}],"collection":[{"href":"https:\/\/vygandaslepsys.lt\/nsi\/wp-json\/wp\/v2\/product"}],"about":[{"href":"https:\/\/vygandaslepsys.lt\/nsi\/wp-json\/wp\/v2\/types\/product"}],"replies":[{"embeddable":true,"href":"https:\/\/vygandaslepsys.lt\/nsi\/wp-json\/wp\/v2\/comments?post=909"}],"wp:featuredmedia":[{"embeddable":true,"href":"https:\/\/vygandaslepsys.lt\/nsi\/wp-json\/wp\/v2\/media\/910"}],"wp:attachment":[{"href":"https:\/\/vygandaslepsys.lt\/nsi\/wp-json\/wp\/v2\/media?parent=909"}],"wp:term":[{"taxonomy":"product_brand","embeddable":true,"href":"https:\/\/vygandaslepsys.lt\/nsi\/wp-json\/wp\/v2\/product_brand?post=909"},{"taxonomy":"product_cat","embeddable":true,"href":"https:\/\/vygandaslepsys.lt\/nsi\/wp-json\/wp\/v2\/product_cat?post=909"},{"taxonomy":"product_tag","embeddable":true,"href":"https:\/\/vygandaslepsys.lt\/nsi\/wp-json\/wp\/v2\/product_tag?post=909"}],"curies":[{"name":"wp","href":"https:\/\/api.w.org\/{rel}","templated":true}]}}