{"id":934,"date":"2024-11-28T19:08:02","date_gmt":"2024-11-28T19:08:02","guid":{"rendered":"https:\/\/www.nsi.lt\/?post_type=product&#038;p=934"},"modified":"2025-04-23T14:36:58","modified_gmt":"2025-04-23T14:36:58","slug":"quick-mix-rievejimo-misinys-25-kg-fm-t-ivairiu-spalvu","status":"publish","type":"product","link":"https:\/\/vygandaslepsys.lt\/nsi\/produktas\/quick-mix-rievejimo-misinys-25-kg-fm-t-ivairiu-spalvu\/","title":{"rendered":"QUICK-MIX riev\u0117jimo mi\u0161inys FM T, 25 kg (\u012evairi\u0173 spalv\u0173)"},"content":{"rendered":"<p>M\u016bro mi\u0161inio frakcija: 0-1.2 mm.<br \/>\nDarbo temperat\u016bra: +5 iki +30.<br \/>\nParuo\u0161to skiedinio sunaudojimo laikas: 2 val.<br \/>\nMai\u0161ymo proporcijos : 25 kg mi\u0161inio \u2013 2.0-2.2 litro vandens.<br \/>\nI\u0161eiga: 5 m2 i\u0161 25 kg mai\u0161o.<br \/>\nRekomenduojamas si\u016bl\u0117s gylis: 15 mm.<\/p>\n","protected":false},"excerpt":{"rendered":"<h2>Produktas<\/h2>\n<p>Quick-Mix riev\u0117jimo mi\u0161inys 25 kg FM yra idealus sprendimas vis\u0173 r\u016b\u0161i\u0173 plyt\u0173 m\u016bro tarp\u0173 riev\u0117jimui. \u0160is mi\u0161inys yra specialiai sukurtas klinkerini\u0173 plyteli\u0173 si\u016bl\u0117ms, tod\u0117l u\u017etikrina puikius rezultatus ir esteti\u0161k\u0105 i\u0161vaizd\u0105.<\/p>\n<h2>Privalumai<\/h2>\n<p>Mi\u0161inys pasi\u017eymi atsparumu \u0161al\u010diui bei neigiamiems atmosferos poveikiams. Jo ma\u017eas vandens \u012fgeriamumas leid\u017eia sukurti ilgalaik\u012f sprendim\u0105, o pralaidus garams u\u017etikrina, kad dr\u0117gm\u0117s pertekliai neb\u016bt\u0173 sulaikomi, u\u017ekertant keli\u0105 drusk\u0173 ir kalki\u0173 d\u0117mi\u0173 atsiradimui.<\/p>\n<h2>Vartojimo Informacija<\/h2>\n<p>Greito mai\u0161ymo mi\u0161inys yra pakraunamas 25 kg mai\u0161u, kuris apr\u016bpina apie 5 m<sup>2<\/sup> plot\u0105. Rekomenduojamas si\u016bl\u0117s gylis &#8211; 15 mm ir paruo\u0161imo laikas siekia 2 valandas. \u0160iuo metu sand\u0117lyje neturime.<\/p>\n","protected":false},"featured_media":1520,"comment_status":"open","ping_status":"closed","template":"","meta":[],"product_brand":[],"product_cat":[38,66],"product_tag":[40,67],"class_list":{"0":"post-934","1":"product","2":"type-product","3":"status-publish","4":"has-post-thumbnail","6":"product_cat-misiniai","7":"product_cat-rievejimo-misiniai","8":"product_tag-quick-mix","9":"product_tag-rievejimo-misinys","11":"first","12":"instock","13":"taxable","14":"shipping-taxable","15":"purchasable","16":"product-type-variable"},"jetpack_sharing_enabled":true,"_links":{"self":[{"href":"https:\/\/vygandaslepsys.lt\/nsi\/wp-json\/wp\/v2\/product\/934","targetHints":{"allow":["GET"]}}],"collection":[{"href":"https:\/\/vygandaslepsys.lt\/nsi\/wp-json\/wp\/v2\/product"}],"about":[{"href":"https:\/\/vygandaslepsys.lt\/nsi\/wp-json\/wp\/v2\/types\/product"}],"replies":[{"embeddable":true,"href":"https:\/\/vygandaslepsys.lt\/nsi\/wp-json\/wp\/v2\/comments?post=934"}],"wp:featuredmedia":[{"embeddable":true,"href":"https:\/\/vygandaslepsys.lt\/nsi\/wp-json\/wp\/v2\/media\/1520"}],"wp:attachment":[{"href":"https:\/\/vygandaslepsys.lt\/nsi\/wp-json\/wp\/v2\/media?parent=934"}],"wp:term":[{"taxonomy":"product_brand","embeddable":true,"href":"https:\/\/vygandaslepsys.lt\/nsi\/wp-json\/wp\/v2\/product_brand?post=934"},{"taxonomy":"product_cat","embeddable":true,"href":"https:\/\/vygandaslepsys.lt\/nsi\/wp-json\/wp\/v2\/product_cat?post=934"},{"taxonomy":"product_tag","embeddable":true,"href":"https:\/\/vygandaslepsys.lt\/nsi\/wp-json\/wp\/v2\/product_tag?post=934"}],"curies":[{"name":"wp","href":"https:\/\/api.w.org\/{rel}","templated":true}]}}