{"id":947,"date":"2024-11-28T19:14:02","date_gmt":"2024-11-28T19:14:02","guid":{"rendered":"https:\/\/www.nsi.lt\/?post_type=product&#038;p=947"},"modified":"2026-02-13T09:07:19","modified_gmt":"2026-02-13T09:07:19","slug":"quick-mix-fx600-flex-klijai-plytelems-25-kg","status":"publish","type":"product","link":"https:\/\/vygandaslepsys.lt\/nsi\/produktas\/quick-mix-fx600-flex-klijai-plytelems-25-kg\/","title":{"rendered":"QUICK-MIX FX600 Flex klijai plytel\u0117ms, 25 kg"},"content":{"rendered":"<ul>\n<li>Itin elastingi klijai, C2Te klas\u0117.<\/li>\n<li>Skirti vis\u0173 tip\u0173 glaz\u016bruotoms, akmens mas\u0117s, keramin\u0117ms, klinkerin\u0117ms ir betonin\u0117ms plytel\u0117ms klijuoti.<\/li>\n<li>Tinka naudoti ant besideformuojan\u010di\u0173 \u0161ildom\u0173 grind\u0173 i\u0161lyginam\u0173j\u0173 sluoksni\u0173, gipso kartono plok\u0161\u010di\u0173, balkon\u0173, teras\u0173 hidroizoliacijos sluoksnio, fasad\u0173, galima klijuoti plytel\u0119 ant plytel\u0117s.<\/li>\n<li>Stabdo drusk\u0173 ir kalki\u0173 prasiskverbim\u0105 \u012f pavir\u0161i\u0173.<\/li>\n<li>Atspar\u016bs \u0161al\u010diui ir temperat\u016br\u0173 poky\u010diams.<\/li>\n<li>I\u0161eiga: apie 25 kg\/5 m2.<\/li>\n<li>Paruo\u0161to mi\u0161inio sunaudojimo laikas \u2013 2-3val.<\/li>\n<li>Pakuot\u0117 &#8211; 25 kg mai\u0161as, 48 vnt &#8211; pad\u0117klas.<\/li>\n<\/ul>\n","protected":false},"excerpt":{"rendered":"<h3>Apie Quick-Mix FX600 Klijus<\/h3>\n<p>Quick-Mix FX600 flex klijai plytel\u0117ms yra idealus sprendimas \u012fvairi\u0173 tip\u0173 plytel\u0117ms. Su C2TE klase, \u0161ie elastiniai klijai tinkami glaz\u016bruotoms, akmens mas\u0117s, keramin\u0117ms, klinkerin\u0117ms ir betonin\u0117ms plytel\u0117ms. J\u0173 i\u0161eiga yra apie 25 kg\/5 m\u00b2, u\u017etikrinant efektyv\u0173 pavir\u0161iaus padengim\u0105.<\/p>\n<h3>Naudojimo privalumai<\/h3>\n<p>Naudodami \u0161iuos klijus, galite dr\u0105siai klijuoti plyteles ant \u0161ildom\u0173 grind\u0173, gipso kartono plok\u0161\u010di\u0173, hidroizoliacijos sluoksni\u0173 ir net ant jau esan\u010di\u0173 plyteli\u0173. Klijai yra atspar\u016bs \u0161al\u010diui ir temperat\u016br\u0173 poky\u010diams, bei stabdo drusk\u0173 ir kalki\u0173 prasiskverbim\u0105.<\/p>\n<h3>Pakuot\u0117 ir naudojimo laikas<\/h3>\n<p>Quick-Mix FX600 paketai pateikiami 25 kg mai\u0161uose, su 48 vnt. ant pad\u0117klo. Paruo\u0161to mi\u0161inio sunaudojimo laikas yra 2-3 valandos, leid\u017eiant patogiai dirbti su produktu.<\/p>\n","protected":false},"featured_media":1510,"comment_status":"open","ping_status":"closed","template":"","meta":[],"product_brand":[],"product_cat":[68,38],"product_tag":[69,40],"class_list":{"0":"post-947","1":"product","2":"type-product","3":"status-publish","4":"has-post-thumbnail","6":"product_cat-klijai-plytelems","7":"product_cat-misiniai","8":"product_tag-klijai-plytelems","9":"product_tag-quick-mix","11":"first","12":"instock","13":"taxable","14":"shipping-taxable","15":"purchasable","16":"product-type-simple"},"jetpack_sharing_enabled":true,"_links":{"self":[{"href":"https:\/\/vygandaslepsys.lt\/nsi\/wp-json\/wp\/v2\/product\/947","targetHints":{"allow":["GET"]}}],"collection":[{"href":"https:\/\/vygandaslepsys.lt\/nsi\/wp-json\/wp\/v2\/product"}],"about":[{"href":"https:\/\/vygandaslepsys.lt\/nsi\/wp-json\/wp\/v2\/types\/product"}],"replies":[{"embeddable":true,"href":"https:\/\/vygandaslepsys.lt\/nsi\/wp-json\/wp\/v2\/comments?post=947"}],"wp:featuredmedia":[{"embeddable":true,"href":"https:\/\/vygandaslepsys.lt\/nsi\/wp-json\/wp\/v2\/media\/1510"}],"wp:attachment":[{"href":"https:\/\/vygandaslepsys.lt\/nsi\/wp-json\/wp\/v2\/media?parent=947"}],"wp:term":[{"taxonomy":"product_brand","embeddable":true,"href":"https:\/\/vygandaslepsys.lt\/nsi\/wp-json\/wp\/v2\/product_brand?post=947"},{"taxonomy":"product_cat","embeddable":true,"href":"https:\/\/vygandaslepsys.lt\/nsi\/wp-json\/wp\/v2\/product_cat?post=947"},{"taxonomy":"product_tag","embeddable":true,"href":"https:\/\/vygandaslepsys.lt\/nsi\/wp-json\/wp\/v2\/product_tag?post=947"}],"curies":[{"name":"wp","href":"https:\/\/api.w.org\/{rel}","templated":true}]}}