{"id":959,"date":"2024-11-29T11:20:29","date_gmt":"2024-11-29T11:20:29","guid":{"rendered":"https:\/\/www.nsi.lt\/?post_type=product&#038;p=959"},"modified":"2025-04-23T14:37:18","modified_gmt":"2025-04-23T14:37:18","slug":"quick-mix-muro-misinys-25-kg-vk-plus-t","status":"publish","type":"product","link":"https:\/\/vygandaslepsys.lt\/nsi\/produktas\/quick-mix-muro-misinys-25-kg-vk-plus-t\/","title":{"rendered":"QUICK-MIX m\u016bro mi\u0161inys VK Plus T, 25 kg (\u012evairi\u0173 spalv\u0173)"},"content":{"rendered":"<div><strong>Technin\u0117s savyb\u0117s ir naudojimas:<\/strong><\/div>\n<div>M\u016bro mi\u0161inio frakcija: 0-4 mm<br \/>\nDarbo temperat\u016bra: +5 iki +30.<br \/>\nParuo\u0161to skiedinio sunaudojimo laikas: 2 val.<br \/>\nMai\u0161ymo proporcijos : 25 kg mi\u0161inio \u2013 2.5-3.0 litro vandens.<br \/>\nI\u0161eiga: apie 800-1000 g vienai plytai, arba 1m\u00b2 \u2013 apie 45,6 kg.<\/div>\n","protected":false},"excerpt":{"rendered":"<h2>Apie Produkt\u0105<\/h2>\n<p>Quick-mix m\u016bro mi\u0161inys 25 kg VK Plus T yra specialiai sukurtas m\u016bryti didelio \u012fgeriamumo klinkerines ir apdailos plytas. Su daugiau nei 10 % \u012fgeriamumu, \u0161is mi\u0161inys u\u017etikrina patikim\u0105 ir ilgalaik\u012f tvirtum\u0105.<\/p>\n<h2>Technin\u0117s Savyb\u0117s<\/h2>\n<p>Mi\u0161inys yra atsparus \u0161al\u010diui ir neigiamiems atmosferos poveikiams. Jo ma\u017eas vandens \u012fgeriamumas padeda i\u0161vengti drusk\u0173 ir kalki\u0173 d\u0117mi\u0173 atsiradimo, taip i\u0161laikant klinkerio pavir\u0161i\u0173 \u0161var\u0173 ir tvarking\u0105.<\/p>\n<h2>Naudojimo Instrukcijos<\/h2>\n<p>Paruo\u0161imui reikalingas 2.5-3.0 litr\u0173 vandens kiekis, naudojant 25 kg mi\u0161inio. Mi\u0161inio frakcija svyruoja nuo 0-4 mm, o sunaudojimo laikas siekia 2 valandas, tod\u0117l j\u012f patogu naudoti statybose.<\/p>\n","protected":false},"featured_media":1522,"comment_status":"open","ping_status":"closed","template":"","meta":[],"product_brand":[],"product_cat":[38,39],"product_tag":[42,40],"class_list":{"0":"post-959","1":"product","2":"type-product","3":"status-publish","4":"has-post-thumbnail","6":"product_cat-misiniai","7":"product_cat-muro-misiniai","8":"product_tag-muras","9":"product_tag-quick-mix","11":"first","12":"outofstock","13":"taxable","14":"shipping-taxable","15":"purchasable","16":"product-type-variable"},"jetpack_sharing_enabled":true,"_links":{"self":[{"href":"https:\/\/vygandaslepsys.lt\/nsi\/wp-json\/wp\/v2\/product\/959","targetHints":{"allow":["GET"]}}],"collection":[{"href":"https:\/\/vygandaslepsys.lt\/nsi\/wp-json\/wp\/v2\/product"}],"about":[{"href":"https:\/\/vygandaslepsys.lt\/nsi\/wp-json\/wp\/v2\/types\/product"}],"replies":[{"embeddable":true,"href":"https:\/\/vygandaslepsys.lt\/nsi\/wp-json\/wp\/v2\/comments?post=959"}],"wp:featuredmedia":[{"embeddable":true,"href":"https:\/\/vygandaslepsys.lt\/nsi\/wp-json\/wp\/v2\/media\/1522"}],"wp:attachment":[{"href":"https:\/\/vygandaslepsys.lt\/nsi\/wp-json\/wp\/v2\/media?parent=959"}],"wp:term":[{"taxonomy":"product_brand","embeddable":true,"href":"https:\/\/vygandaslepsys.lt\/nsi\/wp-json\/wp\/v2\/product_brand?post=959"},{"taxonomy":"product_cat","embeddable":true,"href":"https:\/\/vygandaslepsys.lt\/nsi\/wp-json\/wp\/v2\/product_cat?post=959"},{"taxonomy":"product_tag","embeddable":true,"href":"https:\/\/vygandaslepsys.lt\/nsi\/wp-json\/wp\/v2\/product_tag?post=959"}],"curies":[{"name":"wp","href":"https:\/\/api.w.org\/{rel}","templated":true}]}}